{"id":42460,"date":"2025-06-12T15:44:26","date_gmt":"2025-06-12T19:44:26","guid":{"rendered":"https:\/\/ko3g503ir7-staging.onrocket.site\/irmandade-de-luxemburgo-schobermesse\/"},"modified":"2025-06-19T23:29:58","modified_gmt":"2025-06-20T03:29:58","slug":"irmandade-de-luxemburgo-schobermesse","status":"publish","type":"page","link":"https:\/\/www.luxcitizenship.com\/br\/irmandade-de-luxemburgo-schobermesse\/","title":{"rendered":"Irmandade de Luxemburgo Schobermesse"},"content":{"rendered":"\n<p>O LuxCitizenship participou da 86\u00aa Schobermesse anual organizada pela Luxembourg Brotherhood of America. O que \u00e9 uma Schobermesse? Pense em Schueberfouer, a tradi\u00e7\u00e3o de mais de 600 anos da feira de Luxemburgo, mas que acontece em Morton Grove, Illinois. A Luxembourg Brotherhood of America \u00e9 uma ordem fraternal formada por descendentes de luxemburgueses que est\u00e1 em atividade desde 1800.   <\/p>\n<ul data-count=\"12\" class=\"wp-block-gallery alignundefined columns-3 is-cropped\"><li class=\"blocks-gallery-item\"><figure><a href=\"https:\/\/www.luxcitizenship.com\/wp-content\/uploads\/2025\/06\/Schobermesse-6-1.jpg\"><img fetchpriority=\"high\" decoding=\"async\" width=\"900\" height=\"1200\" src=\"https:\/\/www.luxcitizenship.com\/wp-content\/uploads\/2025\/06\/Schobermesse-6-1.jpg\" alt=\"Schobermesse-6\" data-id=\"39403\" data-link=\"https:\/\/www.luxcitizenship.com\/br\/schobermesse-6-2-2\/\" class=\"wp-image-39403\" srcset=\"https:\/\/www.luxcitizenship.com\/wp-content\/uploads\/2025\/06\/Schobermesse-6-1.jpg 900w, https:\/\/www.luxcitizenship.com\/wp-content\/uploads\/2025\/06\/Schobermesse-6-1-225x300.jpg 225w, https:\/\/www.luxcitizenship.com\/wp-content\/uploads\/2025\/06\/Schobermesse-6-1-768x1024.jpg 768w, https:\/\/www.luxcitizenship.com\/wp-content\/uploads\/2025\/06\/Schobermesse-6-1-300x400.jpg 300w\" sizes=\"(max-width: 900px) 100vw, 900px\" \/><\/a><\/figure><\/li><li class=\"blocks-gallery-item\"><figure><a href=\"https:\/\/www.luxcitizenship.com\/wp-content\/uploads\/2025\/06\/Schobermesse-5-1.jpg\"><img decoding=\"async\" width=\"1440\" height=\"1080\" src=\"https:\/\/www.luxcitizenship.com\/wp-content\/uploads\/2025\/06\/Schobermesse-5-1.jpg\" alt=\"Schobermesse-5\" data-id=\"39401\" data-link=\"https:\/\/www.luxcitizenship.com\/br\/schobermesse-5-2-2\/\" class=\"wp-image-39401\" srcset=\"https:\/\/www.luxcitizenship.com\/wp-content\/uploads\/2025\/06\/Schobermesse-5-1.jpg 1440w, https:\/\/www.luxcitizenship.com\/wp-content\/uploads\/2025\/06\/Schobermesse-5-1-300x225.jpg 300w, https:\/\/www.luxcitizenship.com\/wp-content\/uploads\/2025\/06\/Schobermesse-5-1-1024x768.jpg 1024w, https:\/\/www.luxcitizenship.com\/wp-content\/uploads\/2025\/06\/Schobermesse-5-1-768x576.jpg 768w, https:\/\/www.luxcitizenship.com\/wp-content\/uploads\/2025\/06\/Schobermesse-5-1-1200x900.jpg 1200w, https:\/\/www.luxcitizenship.com\/wp-content\/uploads\/2025\/06\/Schobermesse-5-1-1400x1050.jpg 1400w\" sizes=\"(max-width: 1440px) 100vw, 1440px\" \/><\/a><\/figure><\/li><li class=\"blocks-gallery-item\"><figure><a href=\"https:\/\/www.luxcitizenship.com\/wp-content\/uploads\/2025\/06\/Schobermesse-4-1.jpg\"><img decoding=\"async\" width=\"900\" height=\"1200\" src=\"https:\/\/www.luxcitizenship.com\/wp-content\/uploads\/2025\/06\/Schobermesse-4-1.jpg\" alt=\"Schobermesse-4\" data-id=\"39399\" data-link=\"https:\/\/www.luxcitizenship.com\/br\/schobermesse-4-2-2\/\" class=\"wp-image-39399\" srcset=\"https:\/\/www.luxcitizenship.com\/wp-content\/uploads\/2025\/06\/Schobermesse-4-1.jpg 900w, https:\/\/www.luxcitizenship.com\/wp-content\/uploads\/2025\/06\/Schobermesse-4-1-225x300.jpg 225w, https:\/\/www.luxcitizenship.com\/wp-content\/uploads\/2025\/06\/Schobermesse-4-1-768x1024.jpg 768w, https:\/\/www.luxcitizenship.com\/wp-content\/uploads\/2025\/06\/Schobermesse-4-1-300x400.jpg 300w\" sizes=\"(max-width: 900px) 100vw, 900px\" \/><\/a><\/figure><\/li><li class=\"blocks-gallery-item\"><figure><a href=\"https:\/\/www.luxcitizenship.com\/wp-content\/uploads\/2025\/06\/Schobermesse-3-1.jpg\"><img loading=\"lazy\" decoding=\"async\" width=\"1200\" height=\"1600\" src=\"https:\/\/www.luxcitizenship.com\/wp-content\/uploads\/2025\/06\/Schobermesse-3-1.jpg\" alt=\"Schobermesse-3\" data-id=\"39397\" data-link=\"https:\/\/www.luxcitizenship.com\/br\/schobermesse-3-2-2\/\" class=\"wp-image-39397\" srcset=\"https:\/\/www.luxcitizenship.com\/wp-content\/uploads\/2025\/06\/Schobermesse-3-1.jpg 1200w, https:\/\/www.luxcitizenship.com\/wp-content\/uploads\/2025\/06\/Schobermesse-3-1-225x300.jpg 225w, https:\/\/www.luxcitizenship.com\/wp-content\/uploads\/2025\/06\/Schobermesse-3-1-768x1024.jpg 768w, https:\/\/www.luxcitizenship.com\/wp-content\/uploads\/2025\/06\/Schobermesse-3-1-1152x1536.jpg 1152w, https:\/\/www.luxcitizenship.com\/wp-content\/uploads\/2025\/06\/Schobermesse-3-1-300x400.jpg 300w\" sizes=\"(max-width: 1200px) 100vw, 1200px\" \/><\/a><\/figure><\/li><li class=\"blocks-gallery-item\"><figure><a href=\"https:\/\/www.luxcitizenship.com\/wp-content\/uploads\/2025\/06\/Schobermesse-2-1.jpg\"><img loading=\"lazy\" decoding=\"async\" width=\"1600\" height=\"1200\" src=\"https:\/\/www.luxcitizenship.com\/wp-content\/uploads\/2025\/06\/Schobermesse-2-1.jpg\" alt=\"Schobermesse-2\" data-id=\"39395\" data-link=\"https:\/\/www.luxcitizenship.com\/br\/schobermesse-2-2-2\/\" class=\"wp-image-39395\" srcset=\"https:\/\/www.luxcitizenship.com\/wp-content\/uploads\/2025\/06\/Schobermesse-2-1.jpg 1600w, https:\/\/www.luxcitizenship.com\/wp-content\/uploads\/2025\/06\/Schobermesse-2-1-300x225.jpg 300w, https:\/\/www.luxcitizenship.com\/wp-content\/uploads\/2025\/06\/Schobermesse-2-1-1024x768.jpg 1024w, https:\/\/www.luxcitizenship.com\/wp-content\/uploads\/2025\/06\/Schobermesse-2-1-768x576.jpg 768w, https:\/\/www.luxcitizenship.com\/wp-content\/uploads\/2025\/06\/Schobermesse-2-1-1536x1152.jpg 1536w, https:\/\/www.luxcitizenship.com\/wp-content\/uploads\/2025\/06\/Schobermesse-2-1-1200x900.jpg 1200w, https:\/\/www.luxcitizenship.com\/wp-content\/uploads\/2025\/06\/Schobermesse-2-1-1400x1050.jpg 1400w\" sizes=\"(max-width: 1600px) 100vw, 1600px\" \/><\/a><\/figure><\/li><li class=\"blocks-gallery-item\"><figure><a href=\"https:\/\/www.luxcitizenship.com\/wp-content\/uploads\/2025\/06\/Schobermesse-1-1.jpg\"><img loading=\"lazy\" decoding=\"async\" width=\"1200\" height=\"1600\" src=\"https:\/\/www.luxcitizenship.com\/wp-content\/uploads\/2025\/06\/Schobermesse-1-1.jpg\" alt=\"Schobermesse-1\" data-id=\"39393\" data-link=\"https:\/\/www.luxcitizenship.com\/br\/schobermesse-1-2-2\/\" class=\"wp-image-39393\" srcset=\"https:\/\/www.luxcitizenship.com\/wp-content\/uploads\/2025\/06\/Schobermesse-1-1.jpg 1200w, https:\/\/www.luxcitizenship.com\/wp-content\/uploads\/2025\/06\/Schobermesse-1-1-225x300.jpg 225w, https:\/\/www.luxcitizenship.com\/wp-content\/uploads\/2025\/06\/Schobermesse-1-1-768x1024.jpg 768w, https:\/\/www.luxcitizenship.com\/wp-content\/uploads\/2025\/06\/Schobermesse-1-1-1152x1536.jpg 1152w, https:\/\/www.luxcitizenship.com\/wp-content\/uploads\/2025\/06\/Schobermesse-1-1-300x400.jpg 300w\" sizes=\"(max-width: 1200px) 100vw, 1200px\" \/><\/a><\/figure><\/li><li class=\"blocks-gallery-item\"><figure><a href=\"https:\/\/www.luxcitizenship.com\/wp-content\/uploads\/2025\/06\/Schobermesse-2.jpg\"><img loading=\"lazy\" decoding=\"async\" width=\"1600\" height=\"1200\" src=\"https:\/\/www.luxcitizenship.com\/wp-content\/uploads\/2025\/06\/Schobermesse-2.jpg\" alt=\"Schobermesse-2\" data-id=\"39391\" data-link=\"https:\/\/www.luxcitizenship.com\/br\/schobermesse-2-2\/\" class=\"wp-image-39391\" srcset=\"https:\/\/www.luxcitizenship.com\/wp-content\/uploads\/2025\/06\/Schobermesse-2.jpg 1600w, https:\/\/www.luxcitizenship.com\/wp-content\/uploads\/2025\/06\/Schobermesse-2-300x225.jpg 300w, https:\/\/www.luxcitizenship.com\/wp-content\/uploads\/2025\/06\/Schobermesse-2-1024x768.jpg 1024w, https:\/\/www.luxcitizenship.com\/wp-content\/uploads\/2025\/06\/Schobermesse-2-768x576.jpg 768w, https:\/\/www.luxcitizenship.com\/wp-content\/uploads\/2025\/06\/Schobermesse-2-1536x1152.jpg 1536w, https:\/\/www.luxcitizenship.com\/wp-content\/uploads\/2025\/06\/Schobermesse-2-1200x900.jpg 1200w, https:\/\/www.luxcitizenship.com\/wp-content\/uploads\/2025\/06\/Schobermesse-2-1400x1050.jpg 1400w\" sizes=\"(max-width: 1600px) 100vw, 1600px\" \/><\/a><\/figure><\/li><li class=\"blocks-gallery-item\"><figure><a href=\"https:\/\/www.luxcitizenship.com\/wp-content\/uploads\/2025\/06\/Schobermesse-3.jpg\"><img loading=\"lazy\" decoding=\"async\" width=\"1200\" height=\"1600\" src=\"https:\/\/www.luxcitizenship.com\/wp-content\/uploads\/2025\/06\/Schobermesse-3.jpg\" alt=\"Schobermesse-3\" data-id=\"39389\" data-link=\"https:\/\/www.luxcitizenship.com\/br\/schobermesse-3-2\/\" class=\"wp-image-39389\" srcset=\"https:\/\/www.luxcitizenship.com\/wp-content\/uploads\/2025\/06\/Schobermesse-3.jpg 1200w, https:\/\/www.luxcitizenship.com\/wp-content\/uploads\/2025\/06\/Schobermesse-3-225x300.jpg 225w, https:\/\/www.luxcitizenship.com\/wp-content\/uploads\/2025\/06\/Schobermesse-3-768x1024.jpg 768w, https:\/\/www.luxcitizenship.com\/wp-content\/uploads\/2025\/06\/Schobermesse-3-1152x1536.jpg 1152w, https:\/\/www.luxcitizenship.com\/wp-content\/uploads\/2025\/06\/Schobermesse-3-300x400.jpg 300w\" sizes=\"(max-width: 1200px) 100vw, 1200px\" \/><\/a><\/figure><\/li><li class=\"blocks-gallery-item\"><figure><a href=\"https:\/\/www.luxcitizenship.com\/wp-content\/uploads\/2025\/06\/Schobermesse-4.jpg\"><img loading=\"lazy\" decoding=\"async\" width=\"900\" height=\"1200\" src=\"https:\/\/www.luxcitizenship.com\/wp-content\/uploads\/2025\/06\/Schobermesse-4.jpg\" alt=\"Schobermesse-4\" data-id=\"39387\" data-link=\"https:\/\/www.luxcitizenship.com\/br\/schobermesse-4-2\/\" class=\"wp-image-39387\" srcset=\"https:\/\/www.luxcitizenship.com\/wp-content\/uploads\/2025\/06\/Schobermesse-4.jpg 900w, https:\/\/www.luxcitizenship.com\/wp-content\/uploads\/2025\/06\/Schobermesse-4-225x300.jpg 225w, https:\/\/www.luxcitizenship.com\/wp-content\/uploads\/2025\/06\/Schobermesse-4-768x1024.jpg 768w, https:\/\/www.luxcitizenship.com\/wp-content\/uploads\/2025\/06\/Schobermesse-4-300x400.jpg 300w\" sizes=\"(max-width: 900px) 100vw, 900px\" \/><\/a><\/figure><\/li><li class=\"blocks-gallery-item\"><figure><a href=\"https:\/\/www.luxcitizenship.com\/wp-content\/uploads\/2025\/06\/Schobermesse-5.jpg\"><img loading=\"lazy\" decoding=\"async\" width=\"1440\" height=\"1080\" src=\"https:\/\/www.luxcitizenship.com\/wp-content\/uploads\/2025\/06\/Schobermesse-5.jpg\" alt=\"Schobermesse-5\" data-id=\"39385\" data-link=\"https:\/\/www.luxcitizenship.com\/br\/schobermesse-5-2\/\" class=\"wp-image-39385\" srcset=\"https:\/\/www.luxcitizenship.com\/wp-content\/uploads\/2025\/06\/Schobermesse-5.jpg 1440w, https:\/\/www.luxcitizenship.com\/wp-content\/uploads\/2025\/06\/Schobermesse-5-300x225.jpg 300w, https:\/\/www.luxcitizenship.com\/wp-content\/uploads\/2025\/06\/Schobermesse-5-1024x768.jpg 1024w, https:\/\/www.luxcitizenship.com\/wp-content\/uploads\/2025\/06\/Schobermesse-5-768x576.jpg 768w, https:\/\/www.luxcitizenship.com\/wp-content\/uploads\/2025\/06\/Schobermesse-5-1200x900.jpg 1200w, https:\/\/www.luxcitizenship.com\/wp-content\/uploads\/2025\/06\/Schobermesse-5-1400x1050.jpg 1400w\" sizes=\"(max-width: 1440px) 100vw, 1440px\" \/><\/a><\/figure><\/li><li class=\"blocks-gallery-item\"><figure><a href=\"https:\/\/www.luxcitizenship.com\/wp-content\/uploads\/2025\/06\/Schobermesse-6.jpg\"><img loading=\"lazy\" decoding=\"async\" width=\"900\" height=\"1200\" src=\"https:\/\/www.luxcitizenship.com\/wp-content\/uploads\/2025\/06\/Schobermesse-6.jpg\" alt=\"Schobermesse-6\" data-id=\"39383\" data-link=\"https:\/\/www.luxcitizenship.com\/br\/schobermesse-6-2\/\" class=\"wp-image-39383\" srcset=\"https:\/\/www.luxcitizenship.com\/wp-content\/uploads\/2025\/06\/Schobermesse-6.jpg 900w, https:\/\/www.luxcitizenship.com\/wp-content\/uploads\/2025\/06\/Schobermesse-6-225x300.jpg 225w, https:\/\/www.luxcitizenship.com\/wp-content\/uploads\/2025\/06\/Schobermesse-6-768x1024.jpg 768w, https:\/\/www.luxcitizenship.com\/wp-content\/uploads\/2025\/06\/Schobermesse-6-300x400.jpg 300w\" sizes=\"(max-width: 900px) 100vw, 900px\" \/><\/a><\/figure><\/li><li class=\"blocks-gallery-item\"><figure><a href=\"https:\/\/www.luxcitizenship.com\/wp-content\/uploads\/2025\/06\/Schobermesse-1.jpg\"><img loading=\"lazy\" decoding=\"async\" width=\"1200\" height=\"1600\" src=\"https:\/\/www.luxcitizenship.com\/wp-content\/uploads\/2025\/06\/Schobermesse-1.jpg\" alt=\"Schobermesse-1\" data-id=\"39381\" data-link=\"https:\/\/www.luxcitizenship.com\/br\/schobermesse-1-2\/\" class=\"wp-image-39381\" srcset=\"https:\/\/www.luxcitizenship.com\/wp-content\/uploads\/2025\/06\/Schobermesse-1.jpg 1200w, https:\/\/www.luxcitizenship.com\/wp-content\/uploads\/2025\/06\/Schobermesse-1-225x300.jpg 225w, https:\/\/www.luxcitizenship.com\/wp-content\/uploads\/2025\/06\/Schobermesse-1-768x1024.jpg 768w, https:\/\/www.luxcitizenship.com\/wp-content\/uploads\/2025\/06\/Schobermesse-1-1152x1536.jpg 1152w, https:\/\/www.luxcitizenship.com\/wp-content\/uploads\/2025\/06\/Schobermesse-1-300x400.jpg 300w\" sizes=\"(max-width: 1200px) 100vw, 1200px\" \/><\/a><\/figure><\/li><\/ul>","protected":false},"excerpt":{"rendered":"<p>O LuxCitizenship participou da 86\u00aa Schobermesse anual organizada pela Luxembourg Brotherhood of America. O que \u00e9 uma Schobermesse? Pense em Schueberfouer, a tradi\u00e7\u00e3o de mais de 600 anos da feira de Luxemburgo, mas que acontece em Morton Grove, Illinois. A Luxembourg Brotherhood of America \u00e9 uma ordem fraternal formada por descendentes de luxemburgueses que est\u00e1 &hellip;<\/p>\n","protected":false},"author":1,"featured_media":0,"parent":0,"menu_order":0,"comment_status":"closed","ping_status":"closed","template":"","meta":{"_genesis_block_theme_hide_title":false,"footnotes":""},"tags":[],"class_list":["post-42460","page","type-page","status-publish","hentry","post","without-featured-image"],"yoast_head":"<!-- This site is optimized with the Yoast SEO Premium plugin v27.4 (Yoast SEO v27.4) - https:\/\/yoast.com\/product\/yoast-seo-premium-wordpress\/ -->\n<title>Irmandade de Luxemburgo Schobermesse - LuxCitizenship<\/title>\n<meta name=\"robots\" content=\"index, follow, max-snippet:-1, max-image-preview:large, max-video-preview:-1\" \/>\n<link rel=\"canonical\" href=\"https:\/\/www.luxcitizenship.com\/br\/irmandade-de-luxemburgo-schobermesse\/\" \/>\n<meta property=\"og:locale\" content=\"pt_BR\" \/>\n<meta property=\"og:type\" content=\"article\" \/>\n<meta property=\"og:title\" content=\"Irmandade de Luxemburgo Schobermesse\" \/>\n<meta property=\"og:description\" content=\"O LuxCitizenship participou da 86\u00aa Schobermesse anual organizada pela Luxembourg Brotherhood of America. O que \u00e9 uma Schobermesse? Pense em Schueberfouer, a tradi\u00e7\u00e3o de mais de 600 anos da feira de Luxemburgo, mas que acontece em Morton Grove, Illinois. A Luxembourg Brotherhood of America \u00e9 uma ordem fraternal formada por descendentes de luxemburgueses que est\u00e1 &hellip;\" \/>\n<meta property=\"og:url\" content=\"https:\/\/www.luxcitizenship.com\/br\/irmandade-de-luxemburgo-schobermesse\/\" \/>\n<meta property=\"og:site_name\" content=\"LuxCitizenship\" \/>\n<meta property=\"article:publisher\" content=\"http:\/\/facebook.com\/luxcitizenship\/\" \/>\n<meta property=\"article:modified_time\" content=\"2025-06-20T03:29:58+00:00\" \/>\n<meta name=\"twitter:card\" content=\"summary_large_image\" \/>\n<script type=\"application\/ld+json\" class=\"yoast-schema-graph\">{\"@context\":\"https:\\\/\\\/schema.org\",\"@graph\":[{\"@type\":\"WebPage\",\"@id\":\"https:\\\/\\\/www.luxcitizenship.com\\\/br\\\/irmandade-de-luxemburgo-schobermesse\\\/\",\"url\":\"https:\\\/\\\/www.luxcitizenship.com\\\/br\\\/irmandade-de-luxemburgo-schobermesse\\\/\",\"name\":\"Irmandade de Luxemburgo Schobermesse - LuxCitizenship\",\"isPartOf\":{\"@id\":\"https:\\\/\\\/www.luxcitizenship.com\\\/br\\\/#website\"},\"datePublished\":\"2025-06-12T19:44:26+00:00\",\"dateModified\":\"2025-06-20T03:29:58+00:00\",\"breadcrumb\":{\"@id\":\"https:\\\/\\\/www.luxcitizenship.com\\\/br\\\/irmandade-de-luxemburgo-schobermesse\\\/#breadcrumb\"},\"inLanguage\":\"pt-BR\",\"potentialAction\":[{\"@type\":\"ReadAction\",\"target\":[\"https:\\\/\\\/www.luxcitizenship.com\\\/br\\\/irmandade-de-luxemburgo-schobermesse\\\/\"]}]},{\"@type\":\"BreadcrumbList\",\"@id\":\"https:\\\/\\\/www.luxcitizenship.com\\\/br\\\/irmandade-de-luxemburgo-schobermesse\\\/#breadcrumb\",\"itemListElement\":[{\"@type\":\"ListItem\",\"position\":1,\"name\":\"Home\",\"item\":\"https:\\\/\\\/www.luxcitizenship.com\\\/br\\\/\"},{\"@type\":\"ListItem\",\"position\":2,\"name\":\"Irmandade de Luxemburgo Schobermesse\"}]},{\"@type\":\"WebSite\",\"@id\":\"https:\\\/\\\/www.luxcitizenship.com\\\/br\\\/#website\",\"url\":\"https:\\\/\\\/www.luxcitizenship.com\\\/br\\\/\",\"name\":\"luxcitizenship.com\",\"description\":\"LuxCitizenship guides individuals worldwide in reclaiming Luxembourg dual citizenship through ancestry, offering expert support and fostering a global community.\",\"publisher\":{\"@id\":\"https:\\\/\\\/www.luxcitizenship.com\\\/br\\\/#organization\"},\"potentialAction\":[{\"@type\":\"SearchAction\",\"target\":{\"@type\":\"EntryPoint\",\"urlTemplate\":\"https:\\\/\\\/www.luxcitizenship.com\\\/br\\\/?s={search_term_string}\"},\"query-input\":{\"@type\":\"PropertyValueSpecification\",\"valueRequired\":true,\"valueName\":\"search_term_string\"}}],\"inLanguage\":\"pt-BR\"},{\"@type\":\"Organization\",\"@id\":\"https:\\\/\\\/www.luxcitizenship.com\\\/br\\\/#organization\",\"name\":\"luxcitizenship.com\",\"alternateName\":\"LuxCitizenship\",\"url\":\"https:\\\/\\\/www.luxcitizenship.com\\\/br\\\/\",\"logo\":{\"@type\":\"ImageObject\",\"inLanguage\":\"pt-BR\",\"@id\":\"https:\\\/\\\/www.luxcitizenship.com\\\/br\\\/#\\\/schema\\\/logo\\\/image\\\/\",\"url\":\"https:\\\/\\\/www.luxcitizenship.com\\\/wp-content\\\/uploads\\\/2025\\\/07\\\/Logo-LuxCitizenship-scaled.png\",\"contentUrl\":\"https:\\\/\\\/www.luxcitizenship.com\\\/wp-content\\\/uploads\\\/2025\\\/07\\\/Logo-LuxCitizenship-scaled.png\",\"width\":2560,\"height\":340,\"caption\":\"luxcitizenship.com\"},\"image\":{\"@id\":\"https:\\\/\\\/www.luxcitizenship.com\\\/br\\\/#\\\/schema\\\/logo\\\/image\\\/\"},\"sameAs\":[\"http:\\\/\\\/facebook.com\\\/luxcitizenship\\\/\",\"http:\\\/\\\/instagram.com\\\/lux.citizenship\\\/\"],\"description\":\"Whether you\u2019re seeking citizenship, community, or a deeper connection to your heritage, LuxCitizenship is here to help you every step of the way.\",\"email\":\"info@luxcitizenship.com\",\"telephone\":\"(917) 740-8908\",\"legalName\":\"Connaissance Solutions LLC\",\"numberOfEmployees\":{\"@type\":\"QuantitativeValue\",\"minValue\":\"11\",\"maxValue\":\"50\"}}]}<\/script>\n<!-- \/ Yoast SEO Premium plugin. -->","yoast_head_json":{"title":"Irmandade de Luxemburgo Schobermesse - LuxCitizenship","robots":{"index":"index","follow":"follow","max-snippet":"max-snippet:-1","max-image-preview":"max-image-preview:large","max-video-preview":"max-video-preview:-1"},"canonical":"https:\/\/www.luxcitizenship.com\/br\/irmandade-de-luxemburgo-schobermesse\/","og_locale":"pt_BR","og_type":"article","og_title":"Irmandade de Luxemburgo Schobermesse","og_description":"O LuxCitizenship participou da 86\u00aa Schobermesse anual organizada pela Luxembourg Brotherhood of America. O que \u00e9 uma Schobermesse? Pense em Schueberfouer, a tradi\u00e7\u00e3o de mais de 600 anos da feira de Luxemburgo, mas que acontece em Morton Grove, Illinois. A Luxembourg Brotherhood of America \u00e9 uma ordem fraternal formada por descendentes de luxemburgueses que est\u00e1 &hellip;","og_url":"https:\/\/www.luxcitizenship.com\/br\/irmandade-de-luxemburgo-schobermesse\/","og_site_name":"LuxCitizenship","article_publisher":"http:\/\/facebook.com\/luxcitizenship\/","article_modified_time":"2025-06-20T03:29:58+00:00","twitter_card":"summary_large_image","schema":{"@context":"https:\/\/schema.org","@graph":[{"@type":"WebPage","@id":"https:\/\/www.luxcitizenship.com\/br\/irmandade-de-luxemburgo-schobermesse\/","url":"https:\/\/www.luxcitizenship.com\/br\/irmandade-de-luxemburgo-schobermesse\/","name":"Irmandade de Luxemburgo Schobermesse - LuxCitizenship","isPartOf":{"@id":"https:\/\/www.luxcitizenship.com\/br\/#website"},"datePublished":"2025-06-12T19:44:26+00:00","dateModified":"2025-06-20T03:29:58+00:00","breadcrumb":{"@id":"https:\/\/www.luxcitizenship.com\/br\/irmandade-de-luxemburgo-schobermesse\/#breadcrumb"},"inLanguage":"pt-BR","potentialAction":[{"@type":"ReadAction","target":["https:\/\/www.luxcitizenship.com\/br\/irmandade-de-luxemburgo-schobermesse\/"]}]},{"@type":"BreadcrumbList","@id":"https:\/\/www.luxcitizenship.com\/br\/irmandade-de-luxemburgo-schobermesse\/#breadcrumb","itemListElement":[{"@type":"ListItem","position":1,"name":"Home","item":"https:\/\/www.luxcitizenship.com\/br\/"},{"@type":"ListItem","position":2,"name":"Irmandade de Luxemburgo Schobermesse"}]},{"@type":"WebSite","@id":"https:\/\/www.luxcitizenship.com\/br\/#website","url":"https:\/\/www.luxcitizenship.com\/br\/","name":"luxcitizenship.com","description":"LuxCitizenship guides individuals worldwide in reclaiming Luxembourg dual citizenship through ancestry, offering expert support and fostering a global community.","publisher":{"@id":"https:\/\/www.luxcitizenship.com\/br\/#organization"},"potentialAction":[{"@type":"SearchAction","target":{"@type":"EntryPoint","urlTemplate":"https:\/\/www.luxcitizenship.com\/br\/?s={search_term_string}"},"query-input":{"@type":"PropertyValueSpecification","valueRequired":true,"valueName":"search_term_string"}}],"inLanguage":"pt-BR"},{"@type":"Organization","@id":"https:\/\/www.luxcitizenship.com\/br\/#organization","name":"luxcitizenship.com","alternateName":"LuxCitizenship","url":"https:\/\/www.luxcitizenship.com\/br\/","logo":{"@type":"ImageObject","inLanguage":"pt-BR","@id":"https:\/\/www.luxcitizenship.com\/br\/#\/schema\/logo\/image\/","url":"https:\/\/www.luxcitizenship.com\/wp-content\/uploads\/2025\/07\/Logo-LuxCitizenship-scaled.png","contentUrl":"https:\/\/www.luxcitizenship.com\/wp-content\/uploads\/2025\/07\/Logo-LuxCitizenship-scaled.png","width":2560,"height":340,"caption":"luxcitizenship.com"},"image":{"@id":"https:\/\/www.luxcitizenship.com\/br\/#\/schema\/logo\/image\/"},"sameAs":["http:\/\/facebook.com\/luxcitizenship\/","http:\/\/instagram.com\/lux.citizenship\/"],"description":"Whether you\u2019re seeking citizenship, community, or a deeper connection to your heritage, LuxCitizenship is here to help you every step of the way.","email":"info@luxcitizenship.com","telephone":"(917) 740-8908","legalName":"Connaissance Solutions LLC","numberOfEmployees":{"@type":"QuantitativeValue","minValue":"11","maxValue":"50"}}]}},"featured_image_src":null,"featured_image_src_square":null,"_links":{"self":[{"href":"https:\/\/www.luxcitizenship.com\/br\/wp-json\/wp\/v2\/pages\/42460","targetHints":{"allow":["GET"]}}],"collection":[{"href":"https:\/\/www.luxcitizenship.com\/br\/wp-json\/wp\/v2\/pages"}],"about":[{"href":"https:\/\/www.luxcitizenship.com\/br\/wp-json\/wp\/v2\/types\/page"}],"author":[{"embeddable":true,"href":"https:\/\/www.luxcitizenship.com\/br\/wp-json\/wp\/v2\/users\/1"}],"replies":[{"embeddable":true,"href":"https:\/\/www.luxcitizenship.com\/br\/wp-json\/wp\/v2\/comments?post=42460"}],"version-history":[{"count":0,"href":"https:\/\/www.luxcitizenship.com\/br\/wp-json\/wp\/v2\/pages\/42460\/revisions"}],"wp:attachment":[{"href":"https:\/\/www.luxcitizenship.com\/br\/wp-json\/wp\/v2\/media?parent=42460"}],"wp:term":[{"taxonomy":"post_tag","embeddable":true,"href":"https:\/\/www.luxcitizenship.com\/br\/wp-json\/wp\/v2\/tags?post=42460"}],"curies":[{"name":"wp","href":"https:\/\/api.w.org\/{rel}","templated":true}]}}