{"id":42457,"date":"2025-06-12T15:40:58","date_gmt":"2025-06-12T19:40:58","guid":{"rendered":"https:\/\/ko3g503ir7-staging.onrocket.site\/casa-de-santa-maria-cascais-portugal\/"},"modified":"2025-06-19T23:28:12","modified_gmt":"2025-06-20T03:28:12","slug":"casa-de-santa-maria-cascais-portugal","status":"publish","type":"page","link":"https:\/\/www.luxcitizenship.com\/br\/casa-de-santa-maria-cascais-portugal\/","title":{"rendered":"Casa de Santa Maria, Cascais, Portugal"},"content":{"rendered":"\n<p>Voc\u00ea sabia que pode visitar uma parte importante da hist\u00f3ria de Luxemburgo em um monumento hist\u00f3rico em Portugal? A Casa de Santa Maria em Cascais, uma conhecida cidade praiana nos arredores de Lisboa, abrigou temporariamente a Gr\u00e3-Duquesa Charlotte e membros de seu governo no ex\u00edlio durante os primeiros meses da Segunda Guerra Mundial. A fam\u00edlia da Gr\u00e3-Duquesa Charlotte acabou partindo do porto de Cascais em um navio militar americano para os Estados Unidos. A mans\u00e3o \u00e9 agora um museu da cidade e voc\u00ea pode visit\u00e1-la sempre que estiver de passagem por Portugal.   <\/p>\n<ul data-count=\"13\" class=\"wp-block-gallery alignundefined columns-3 is-cropped\"><li class=\"blocks-gallery-item\"><figure><a href=\"https:\/\/www.luxcitizenship.com\/wp-content\/uploads\/2025\/06\/casa-de-santa-maria-portugal-13.jpg\"><img fetchpriority=\"high\" decoding=\"async\" width=\"1000\" height=\"1333\" src=\"https:\/\/www.luxcitizenship.com\/wp-content\/uploads\/2025\/06\/casa-de-santa-maria-portugal-13.jpg\" alt=\"casa-de-santa-maria-portugal-13\" data-id=\"39562\" data-link=\"https:\/\/www.luxcitizenship.com\/br\/casa-de-santa-maria-portugal-13-2\/\" class=\"wp-image-39562\" srcset=\"https:\/\/www.luxcitizenship.com\/wp-content\/uploads\/2025\/06\/casa-de-santa-maria-portugal-13.jpg 1000w, https:\/\/www.luxcitizenship.com\/wp-content\/uploads\/2025\/06\/casa-de-santa-maria-portugal-13-225x300.jpg 225w, https:\/\/www.luxcitizenship.com\/wp-content\/uploads\/2025\/06\/casa-de-santa-maria-portugal-13-768x1024.jpg 768w, https:\/\/www.luxcitizenship.com\/wp-content\/uploads\/2025\/06\/casa-de-santa-maria-portugal-13-300x400.jpg 300w\" sizes=\"(max-width: 1000px) 100vw, 1000px\" \/><\/a><\/figure><\/li><li class=\"blocks-gallery-item\"><figure><a href=\"https:\/\/www.luxcitizenship.com\/wp-content\/uploads\/2025\/06\/casa-de-santa-maria-portugal-12.jpg\"><img decoding=\"async\" width=\"1867\" height=\"1400\" src=\"https:\/\/www.luxcitizenship.com\/wp-content\/uploads\/2025\/06\/casa-de-santa-maria-portugal-12.jpg\" alt=\"casa-de-santa-maria-portugal-12\" data-id=\"39560\" data-link=\"https:\/\/www.luxcitizenship.com\/br\/casa-de-santa-maria-portugal-12-2\/\" class=\"wp-image-39560\" srcset=\"https:\/\/www.luxcitizenship.com\/wp-content\/uploads\/2025\/06\/casa-de-santa-maria-portugal-12.jpg 1867w, https:\/\/www.luxcitizenship.com\/wp-content\/uploads\/2025\/06\/casa-de-santa-maria-portugal-12-300x225.jpg 300w, https:\/\/www.luxcitizenship.com\/wp-content\/uploads\/2025\/06\/casa-de-santa-maria-portugal-12-1024x768.jpg 1024w, https:\/\/www.luxcitizenship.com\/wp-content\/uploads\/2025\/06\/casa-de-santa-maria-portugal-12-768x576.jpg 768w, https:\/\/www.luxcitizenship.com\/wp-content\/uploads\/2025\/06\/casa-de-santa-maria-portugal-12-1536x1152.jpg 1536w, https:\/\/www.luxcitizenship.com\/wp-content\/uploads\/2025\/06\/casa-de-santa-maria-portugal-12-1200x900.jpg 1200w, https:\/\/www.luxcitizenship.com\/wp-content\/uploads\/2025\/06\/casa-de-santa-maria-portugal-12-1400x1050.jpg 1400w\" sizes=\"(max-width: 1867px) 100vw, 1867px\" \/><\/a><\/figure><\/li><li class=\"blocks-gallery-item\"><figure><a href=\"https:\/\/www.luxcitizenship.com\/wp-content\/uploads\/2025\/06\/casa-de-santa-maria-portugal-11.jpg\"><img decoding=\"async\" width=\"1333\" height=\"1000\" src=\"https:\/\/www.luxcitizenship.com\/wp-content\/uploads\/2025\/06\/casa-de-santa-maria-portugal-11.jpg\" alt=\"casa-de-santa-maria-portugal-11\" data-id=\"39558\" data-link=\"https:\/\/www.luxcitizenship.com\/br\/casa-de-santa-maria-portugal-11-2\/\" class=\"wp-image-39558\" srcset=\"https:\/\/www.luxcitizenship.com\/wp-content\/uploads\/2025\/06\/casa-de-santa-maria-portugal-11.jpg 1333w, https:\/\/www.luxcitizenship.com\/wp-content\/uploads\/2025\/06\/casa-de-santa-maria-portugal-11-300x225.jpg 300w, https:\/\/www.luxcitizenship.com\/wp-content\/uploads\/2025\/06\/casa-de-santa-maria-portugal-11-1024x768.jpg 1024w, https:\/\/www.luxcitizenship.com\/wp-content\/uploads\/2025\/06\/casa-de-santa-maria-portugal-11-768x576.jpg 768w, https:\/\/www.luxcitizenship.com\/wp-content\/uploads\/2025\/06\/casa-de-santa-maria-portugal-11-1200x900.jpg 1200w\" sizes=\"(max-width: 1333px) 100vw, 1333px\" \/><\/a><\/figure><\/li><li class=\"blocks-gallery-item\"><figure><a href=\"https:\/\/www.luxcitizenship.com\/wp-content\/uploads\/2025\/06\/casa-de-santa-maria-portugal-10.jpg\"><img loading=\"lazy\" decoding=\"async\" width=\"1600\" height=\"1200\" src=\"https:\/\/www.luxcitizenship.com\/wp-content\/uploads\/2025\/06\/casa-de-santa-maria-portugal-10.jpg\" alt=\"casa-de-santa-maria-portugal-10\" data-id=\"39556\" data-link=\"https:\/\/www.luxcitizenship.com\/br\/casa-de-santa-maria-portugal-10-2\/\" class=\"wp-image-39556\" srcset=\"https:\/\/www.luxcitizenship.com\/wp-content\/uploads\/2025\/06\/casa-de-santa-maria-portugal-10.jpg 1600w, https:\/\/www.luxcitizenship.com\/wp-content\/uploads\/2025\/06\/casa-de-santa-maria-portugal-10-300x225.jpg 300w, https:\/\/www.luxcitizenship.com\/wp-content\/uploads\/2025\/06\/casa-de-santa-maria-portugal-10-1024x768.jpg 1024w, https:\/\/www.luxcitizenship.com\/wp-content\/uploads\/2025\/06\/casa-de-santa-maria-portugal-10-768x576.jpg 768w, https:\/\/www.luxcitizenship.com\/wp-content\/uploads\/2025\/06\/casa-de-santa-maria-portugal-10-1536x1152.jpg 1536w, https:\/\/www.luxcitizenship.com\/wp-content\/uploads\/2025\/06\/casa-de-santa-maria-portugal-10-1200x900.jpg 1200w, https:\/\/www.luxcitizenship.com\/wp-content\/uploads\/2025\/06\/casa-de-santa-maria-portugal-10-1400x1050.jpg 1400w\" sizes=\"(max-width: 1600px) 100vw, 1600px\" \/><\/a><\/figure><\/li><li class=\"blocks-gallery-item\"><figure><a href=\"https:\/\/www.luxcitizenship.com\/wp-content\/uploads\/2025\/06\/casa-de-santa-maria-portugal-9.jpg\"><img loading=\"lazy\" decoding=\"async\" width=\"1333\" height=\"1000\" src=\"https:\/\/www.luxcitizenship.com\/wp-content\/uploads\/2025\/06\/casa-de-santa-maria-portugal-9.jpg\" alt=\"casa-de-santa-maria-portugal-9\" data-id=\"39554\" data-link=\"https:\/\/www.luxcitizenship.com\/br\/casa-de-santa-maria-portugal-9-2\/\" class=\"wp-image-39554\" srcset=\"https:\/\/www.luxcitizenship.com\/wp-content\/uploads\/2025\/06\/casa-de-santa-maria-portugal-9.jpg 1333w, https:\/\/www.luxcitizenship.com\/wp-content\/uploads\/2025\/06\/casa-de-santa-maria-portugal-9-300x225.jpg 300w, https:\/\/www.luxcitizenship.com\/wp-content\/uploads\/2025\/06\/casa-de-santa-maria-portugal-9-1024x768.jpg 1024w, https:\/\/www.luxcitizenship.com\/wp-content\/uploads\/2025\/06\/casa-de-santa-maria-portugal-9-768x576.jpg 768w, https:\/\/www.luxcitizenship.com\/wp-content\/uploads\/2025\/06\/casa-de-santa-maria-portugal-9-1200x900.jpg 1200w\" sizes=\"(max-width: 1333px) 100vw, 1333px\" \/><\/a><\/figure><\/li><li class=\"blocks-gallery-item\"><figure><a href=\"https:\/\/www.luxcitizenship.com\/wp-content\/uploads\/2025\/06\/casa-de-santa-maria-portugal-8.jpg\"><img loading=\"lazy\" decoding=\"async\" width=\"900\" height=\"1200\" src=\"https:\/\/www.luxcitizenship.com\/wp-content\/uploads\/2025\/06\/casa-de-santa-maria-portugal-8.jpg\" alt=\"casa-de-santa-maria-portugal-8\" data-id=\"39552\" data-link=\"https:\/\/www.luxcitizenship.com\/br\/casa-de-santa-maria-portugal-8-2\/\" class=\"wp-image-39552\" srcset=\"https:\/\/www.luxcitizenship.com\/wp-content\/uploads\/2025\/06\/casa-de-santa-maria-portugal-8.jpg 900w, https:\/\/www.luxcitizenship.com\/wp-content\/uploads\/2025\/06\/casa-de-santa-maria-portugal-8-225x300.jpg 225w, https:\/\/www.luxcitizenship.com\/wp-content\/uploads\/2025\/06\/casa-de-santa-maria-portugal-8-768x1024.jpg 768w, https:\/\/www.luxcitizenship.com\/wp-content\/uploads\/2025\/06\/casa-de-santa-maria-portugal-8-300x400.jpg 300w\" sizes=\"(max-width: 900px) 100vw, 900px\" \/><\/a><\/figure><\/li><li class=\"blocks-gallery-item\"><figure><a href=\"https:\/\/www.luxcitizenship.com\/wp-content\/uploads\/2025\/06\/casa-de-santa-maria-portugal-7.jpg\"><img loading=\"lazy\" decoding=\"async\" width=\"1200\" height=\"1600\" src=\"https:\/\/www.luxcitizenship.com\/wp-content\/uploads\/2025\/06\/casa-de-santa-maria-portugal-7.jpg\" alt=\"casa-de-santa-maria-portugal-7\" data-id=\"39550\" data-link=\"https:\/\/www.luxcitizenship.com\/br\/casa-de-santa-maria-portugal-7-2\/\" class=\"wp-image-39550\" srcset=\"https:\/\/www.luxcitizenship.com\/wp-content\/uploads\/2025\/06\/casa-de-santa-maria-portugal-7.jpg 1200w, https:\/\/www.luxcitizenship.com\/wp-content\/uploads\/2025\/06\/casa-de-santa-maria-portugal-7-225x300.jpg 225w, https:\/\/www.luxcitizenship.com\/wp-content\/uploads\/2025\/06\/casa-de-santa-maria-portugal-7-768x1024.jpg 768w, https:\/\/www.luxcitizenship.com\/wp-content\/uploads\/2025\/06\/casa-de-santa-maria-portugal-7-1152x1536.jpg 1152w, https:\/\/www.luxcitizenship.com\/wp-content\/uploads\/2025\/06\/casa-de-santa-maria-portugal-7-300x400.jpg 300w\" sizes=\"(max-width: 1200px) 100vw, 1200px\" \/><\/a><\/figure><\/li><li class=\"blocks-gallery-item\"><figure><a href=\"https:\/\/www.luxcitizenship.com\/wp-content\/uploads\/2025\/06\/casa-de-santa-maria-portugal-6.jpg\"><img loading=\"lazy\" decoding=\"async\" width=\"1299\" height=\"1732\" src=\"https:\/\/www.luxcitizenship.com\/wp-content\/uploads\/2025\/06\/casa-de-santa-maria-portugal-6.jpg\" alt=\"casa-de-santa-maria-portugal-6\" data-id=\"39548\" data-link=\"https:\/\/www.luxcitizenship.com\/br\/casa-de-santa-maria-portugal-6-2\/\" class=\"wp-image-39548\" srcset=\"https:\/\/www.luxcitizenship.com\/wp-content\/uploads\/2025\/06\/casa-de-santa-maria-portugal-6.jpg 1299w, https:\/\/www.luxcitizenship.com\/wp-content\/uploads\/2025\/06\/casa-de-santa-maria-portugal-6-225x300.jpg 225w, https:\/\/www.luxcitizenship.com\/wp-content\/uploads\/2025\/06\/casa-de-santa-maria-portugal-6-768x1024.jpg 768w, https:\/\/www.luxcitizenship.com\/wp-content\/uploads\/2025\/06\/casa-de-santa-maria-portugal-6-1152x1536.jpg 1152w, https:\/\/www.luxcitizenship.com\/wp-content\/uploads\/2025\/06\/casa-de-santa-maria-portugal-6-1200x1600.jpg 1200w, https:\/\/www.luxcitizenship.com\/wp-content\/uploads\/2025\/06\/casa-de-santa-maria-portugal-6-300x400.jpg 300w\" sizes=\"(max-width: 1299px) 100vw, 1299px\" \/><\/a><\/figure><\/li><li class=\"blocks-gallery-item\"><figure><a href=\"https:\/\/www.luxcitizenship.com\/wp-content\/uploads\/2025\/06\/casa-de-santa-maria-portugal-5.jpg\"><img loading=\"lazy\" decoding=\"async\" width=\"1200\" height=\"1600\" src=\"https:\/\/www.luxcitizenship.com\/wp-content\/uploads\/2025\/06\/casa-de-santa-maria-portugal-5.jpg\" alt=\"casa-de-santa-maria-portugal-5\" data-id=\"39546\" data-link=\"https:\/\/www.luxcitizenship.com\/br\/casa-de-santa-maria-portugal-5-2\/\" class=\"wp-image-39546\" srcset=\"https:\/\/www.luxcitizenship.com\/wp-content\/uploads\/2025\/06\/casa-de-santa-maria-portugal-5.jpg 1200w, https:\/\/www.luxcitizenship.com\/wp-content\/uploads\/2025\/06\/casa-de-santa-maria-portugal-5-225x300.jpg 225w, https:\/\/www.luxcitizenship.com\/wp-content\/uploads\/2025\/06\/casa-de-santa-maria-portugal-5-768x1024.jpg 768w, https:\/\/www.luxcitizenship.com\/wp-content\/uploads\/2025\/06\/casa-de-santa-maria-portugal-5-1152x1536.jpg 1152w, https:\/\/www.luxcitizenship.com\/wp-content\/uploads\/2025\/06\/casa-de-santa-maria-portugal-5-300x400.jpg 300w\" sizes=\"(max-width: 1200px) 100vw, 1200px\" \/><\/a><\/figure><\/li><li class=\"blocks-gallery-item\"><figure><a href=\"https:\/\/www.luxcitizenship.com\/wp-content\/uploads\/2025\/06\/casa-de-santa-maria-portugal-4.jpg\"><img loading=\"lazy\" decoding=\"async\" width=\"1200\" height=\"1600\" src=\"https:\/\/www.luxcitizenship.com\/wp-content\/uploads\/2025\/06\/casa-de-santa-maria-portugal-4.jpg\" alt=\"casa-de-santa-maria-portugal-4\" data-id=\"39544\" data-link=\"https:\/\/www.luxcitizenship.com\/br\/casa-de-santa-maria-portugal-4-2\/\" class=\"wp-image-39544\" srcset=\"https:\/\/www.luxcitizenship.com\/wp-content\/uploads\/2025\/06\/casa-de-santa-maria-portugal-4.jpg 1200w, https:\/\/www.luxcitizenship.com\/wp-content\/uploads\/2025\/06\/casa-de-santa-maria-portugal-4-225x300.jpg 225w, https:\/\/www.luxcitizenship.com\/wp-content\/uploads\/2025\/06\/casa-de-santa-maria-portugal-4-768x1024.jpg 768w, https:\/\/www.luxcitizenship.com\/wp-content\/uploads\/2025\/06\/casa-de-santa-maria-portugal-4-1152x1536.jpg 1152w, https:\/\/www.luxcitizenship.com\/wp-content\/uploads\/2025\/06\/casa-de-santa-maria-portugal-4-300x400.jpg 300w\" sizes=\"(max-width: 1200px) 100vw, 1200px\" \/><\/a><\/figure><\/li><li class=\"blocks-gallery-item\"><figure><a href=\"https:\/\/www.luxcitizenship.com\/wp-content\/uploads\/2025\/06\/casa-de-santa-maria-portugal-3.jpg\"><img loading=\"lazy\" decoding=\"async\" width=\"1200\" height=\"1600\" src=\"https:\/\/www.luxcitizenship.com\/wp-content\/uploads\/2025\/06\/casa-de-santa-maria-portugal-3.jpg\" alt=\"casa-de-santa-maria-portugal-3\" data-id=\"39542\" data-link=\"https:\/\/www.luxcitizenship.com\/br\/casa-de-santa-maria-portugal-3-2\/\" class=\"wp-image-39542\" srcset=\"https:\/\/www.luxcitizenship.com\/wp-content\/uploads\/2025\/06\/casa-de-santa-maria-portugal-3.jpg 1200w, https:\/\/www.luxcitizenship.com\/wp-content\/uploads\/2025\/06\/casa-de-santa-maria-portugal-3-225x300.jpg 225w, https:\/\/www.luxcitizenship.com\/wp-content\/uploads\/2025\/06\/casa-de-santa-maria-portugal-3-768x1024.jpg 768w, https:\/\/www.luxcitizenship.com\/wp-content\/uploads\/2025\/06\/casa-de-santa-maria-portugal-3-1152x1536.jpg 1152w, https:\/\/www.luxcitizenship.com\/wp-content\/uploads\/2025\/06\/casa-de-santa-maria-portugal-3-300x400.jpg 300w\" sizes=\"(max-width: 1200px) 100vw, 1200px\" \/><\/a><\/figure><\/li><li class=\"blocks-gallery-item\"><figure><a href=\"https:\/\/www.luxcitizenship.com\/wp-content\/uploads\/2025\/06\/casa-de-santa-maria-portugal-2.jpg\"><img loading=\"lazy\" decoding=\"async\" width=\"1200\" height=\"1600\" src=\"https:\/\/www.luxcitizenship.com\/wp-content\/uploads\/2025\/06\/casa-de-santa-maria-portugal-2.jpg\" alt=\"casa-de-santa-maria-portugal-2\" data-id=\"39540\" data-link=\"https:\/\/www.luxcitizenship.com\/br\/casa-de-santa-maria-portugal-2-2\/\" class=\"wp-image-39540\" srcset=\"https:\/\/www.luxcitizenship.com\/wp-content\/uploads\/2025\/06\/casa-de-santa-maria-portugal-2.jpg 1200w, https:\/\/www.luxcitizenship.com\/wp-content\/uploads\/2025\/06\/casa-de-santa-maria-portugal-2-225x300.jpg 225w, https:\/\/www.luxcitizenship.com\/wp-content\/uploads\/2025\/06\/casa-de-santa-maria-portugal-2-768x1024.jpg 768w, https:\/\/www.luxcitizenship.com\/wp-content\/uploads\/2025\/06\/casa-de-santa-maria-portugal-2-1152x1536.jpg 1152w, https:\/\/www.luxcitizenship.com\/wp-content\/uploads\/2025\/06\/casa-de-santa-maria-portugal-2-300x400.jpg 300w\" sizes=\"(max-width: 1200px) 100vw, 1200px\" \/><\/a><\/figure><\/li><li class=\"blocks-gallery-item\"><figure><a href=\"https:\/\/www.luxcitizenship.com\/wp-content\/uploads\/2025\/06\/casa-de-santa-maria-portugal-1.jpg\"><img loading=\"lazy\" decoding=\"async\" width=\"1200\" height=\"1600\" src=\"https:\/\/www.luxcitizenship.com\/wp-content\/uploads\/2025\/06\/casa-de-santa-maria-portugal-1.jpg\" alt=\"casa-de-santa-maria-portugal-1\" data-id=\"39538\" data-link=\"https:\/\/www.luxcitizenship.com\/br\/casa-de-santa-maria-portugal-1-2\/\" class=\"wp-image-39538\" srcset=\"https:\/\/www.luxcitizenship.com\/wp-content\/uploads\/2025\/06\/casa-de-santa-maria-portugal-1.jpg 1200w, https:\/\/www.luxcitizenship.com\/wp-content\/uploads\/2025\/06\/casa-de-santa-maria-portugal-1-225x300.jpg 225w, https:\/\/www.luxcitizenship.com\/wp-content\/uploads\/2025\/06\/casa-de-santa-maria-portugal-1-768x1024.jpg 768w, https:\/\/www.luxcitizenship.com\/wp-content\/uploads\/2025\/06\/casa-de-santa-maria-portugal-1-1152x1536.jpg 1152w, https:\/\/www.luxcitizenship.com\/wp-content\/uploads\/2025\/06\/casa-de-santa-maria-portugal-1-300x400.jpg 300w\" sizes=\"(max-width: 1200px) 100vw, 1200px\" \/><\/a><\/figure><\/li><\/ul>","protected":false},"excerpt":{"rendered":"<p>Voc\u00ea sabia que pode visitar uma parte importante da hist\u00f3ria de Luxemburgo em um monumento hist\u00f3rico em Portugal? A Casa de Santa Maria em Cascais, uma conhecida cidade praiana nos arredores de Lisboa, abrigou temporariamente a Gr\u00e3-Duquesa Charlotte e membros de seu governo no ex\u00edlio durante os primeiros meses da Segunda Guerra Mundial. A fam\u00edlia &hellip;<\/p>\n","protected":false},"author":1,"featured_media":0,"parent":0,"menu_order":0,"comment_status":"closed","ping_status":"closed","template":"","meta":{"_genesis_block_theme_hide_title":false,"footnotes":""},"tags":[],"class_list":["post-42457","page","type-page","status-publish","hentry","post","without-featured-image"],"yoast_head":"<!-- This site is optimized with the Yoast SEO Premium plugin v27.3 (Yoast SEO v27.3) - https:\/\/yoast.com\/product\/yoast-seo-premium-wordpress\/ -->\n<title>Casa de Santa Maria, Cascais, Portugal - LuxCitizenship<\/title>\n<meta name=\"robots\" content=\"index, follow, max-snippet:-1, max-image-preview:large, max-video-preview:-1\" \/>\n<link rel=\"canonical\" href=\"https:\/\/www.luxcitizenship.com\/br\/casa-de-santa-maria-cascais-portugal\/\" \/>\n<meta property=\"og:locale\" content=\"pt_BR\" \/>\n<meta property=\"og:type\" content=\"article\" \/>\n<meta property=\"og:title\" content=\"Casa de Santa Maria, Cascais, Portugal\" \/>\n<meta property=\"og:description\" content=\"Voc\u00ea sabia que pode visitar uma parte importante da hist\u00f3ria de Luxemburgo em um monumento hist\u00f3rico em Portugal? A Casa de Santa Maria em Cascais, uma conhecida cidade praiana nos arredores de Lisboa, abrigou temporariamente a Gr\u00e3-Duquesa Charlotte e membros de seu governo no ex\u00edlio durante os primeiros meses da Segunda Guerra Mundial. A fam\u00edlia &hellip;\" \/>\n<meta property=\"og:url\" content=\"https:\/\/www.luxcitizenship.com\/br\/casa-de-santa-maria-cascais-portugal\/\" \/>\n<meta property=\"og:site_name\" content=\"LuxCitizenship\" \/>\n<meta property=\"article:publisher\" content=\"http:\/\/facebook.com\/luxcitizenship\/\" \/>\n<meta property=\"article:modified_time\" content=\"2025-06-20T03:28:12+00:00\" \/>\n<meta name=\"twitter:card\" content=\"summary_large_image\" \/>\n<script type=\"application\/ld+json\" class=\"yoast-schema-graph\">{\"@context\":\"https:\\\/\\\/schema.org\",\"@graph\":[{\"@type\":\"WebPage\",\"@id\":\"https:\\\/\\\/www.luxcitizenship.com\\\/br\\\/casa-de-santa-maria-cascais-portugal\\\/\",\"url\":\"https:\\\/\\\/www.luxcitizenship.com\\\/br\\\/casa-de-santa-maria-cascais-portugal\\\/\",\"name\":\"Casa de Santa Maria, Cascais, Portugal - LuxCitizenship\",\"isPartOf\":{\"@id\":\"https:\\\/\\\/www.luxcitizenship.com\\\/br\\\/#website\"},\"datePublished\":\"2025-06-12T19:40:58+00:00\",\"dateModified\":\"2025-06-20T03:28:12+00:00\",\"breadcrumb\":{\"@id\":\"https:\\\/\\\/www.luxcitizenship.com\\\/br\\\/casa-de-santa-maria-cascais-portugal\\\/#breadcrumb\"},\"inLanguage\":\"pt-BR\",\"potentialAction\":[{\"@type\":\"ReadAction\",\"target\":[\"https:\\\/\\\/www.luxcitizenship.com\\\/br\\\/casa-de-santa-maria-cascais-portugal\\\/\"]}]},{\"@type\":\"BreadcrumbList\",\"@id\":\"https:\\\/\\\/www.luxcitizenship.com\\\/br\\\/casa-de-santa-maria-cascais-portugal\\\/#breadcrumb\",\"itemListElement\":[{\"@type\":\"ListItem\",\"position\":1,\"name\":\"Home\",\"item\":\"https:\\\/\\\/www.luxcitizenship.com\\\/br\\\/\"},{\"@type\":\"ListItem\",\"position\":2,\"name\":\"Casa de Santa Maria, Cascais, Portugal\"}]},{\"@type\":\"WebSite\",\"@id\":\"https:\\\/\\\/www.luxcitizenship.com\\\/br\\\/#website\",\"url\":\"https:\\\/\\\/www.luxcitizenship.com\\\/br\\\/\",\"name\":\"luxcitizenship.com\",\"description\":\"LuxCitizenship guides individuals worldwide in reclaiming Luxembourg dual citizenship through ancestry, offering expert support and fostering a global community.\",\"publisher\":{\"@id\":\"https:\\\/\\\/www.luxcitizenship.com\\\/br\\\/#organization\"},\"potentialAction\":[{\"@type\":\"SearchAction\",\"target\":{\"@type\":\"EntryPoint\",\"urlTemplate\":\"https:\\\/\\\/www.luxcitizenship.com\\\/br\\\/?s={search_term_string}\"},\"query-input\":{\"@type\":\"PropertyValueSpecification\",\"valueRequired\":true,\"valueName\":\"search_term_string\"}}],\"inLanguage\":\"pt-BR\"},{\"@type\":\"Organization\",\"@id\":\"https:\\\/\\\/www.luxcitizenship.com\\\/br\\\/#organization\",\"name\":\"luxcitizenship.com\",\"alternateName\":\"LuxCitizenship\",\"url\":\"https:\\\/\\\/www.luxcitizenship.com\\\/br\\\/\",\"logo\":{\"@type\":\"ImageObject\",\"inLanguage\":\"pt-BR\",\"@id\":\"https:\\\/\\\/www.luxcitizenship.com\\\/br\\\/#\\\/schema\\\/logo\\\/image\\\/\",\"url\":\"https:\\\/\\\/www.luxcitizenship.com\\\/wp-content\\\/uploads\\\/2025\\\/07\\\/Logo-LuxCitizenship-scaled.png\",\"contentUrl\":\"https:\\\/\\\/www.luxcitizenship.com\\\/wp-content\\\/uploads\\\/2025\\\/07\\\/Logo-LuxCitizenship-scaled.png\",\"width\":2560,\"height\":340,\"caption\":\"luxcitizenship.com\"},\"image\":{\"@id\":\"https:\\\/\\\/www.luxcitizenship.com\\\/br\\\/#\\\/schema\\\/logo\\\/image\\\/\"},\"sameAs\":[\"http:\\\/\\\/facebook.com\\\/luxcitizenship\\\/\",\"http:\\\/\\\/instagram.com\\\/lux.citizenship\\\/\"],\"description\":\"Whether you\u2019re seeking citizenship, community, or a deeper connection to your heritage, LuxCitizenship is here to help you every step of the way.\",\"email\":\"info@luxcitizenship.com\",\"telephone\":\"(917) 740-8908\",\"legalName\":\"Connaissance Solutions LLC\",\"numberOfEmployees\":{\"@type\":\"QuantitativeValue\",\"minValue\":\"11\",\"maxValue\":\"50\"}}]}<\/script>\n<!-- \/ Yoast SEO Premium plugin. -->","yoast_head_json":{"title":"Casa de Santa Maria, Cascais, Portugal - LuxCitizenship","robots":{"index":"index","follow":"follow","max-snippet":"max-snippet:-1","max-image-preview":"max-image-preview:large","max-video-preview":"max-video-preview:-1"},"canonical":"https:\/\/www.luxcitizenship.com\/br\/casa-de-santa-maria-cascais-portugal\/","og_locale":"pt_BR","og_type":"article","og_title":"Casa de Santa Maria, Cascais, Portugal","og_description":"Voc\u00ea sabia que pode visitar uma parte importante da hist\u00f3ria de Luxemburgo em um monumento hist\u00f3rico em Portugal? A Casa de Santa Maria em Cascais, uma conhecida cidade praiana nos arredores de Lisboa, abrigou temporariamente a Gr\u00e3-Duquesa Charlotte e membros de seu governo no ex\u00edlio durante os primeiros meses da Segunda Guerra Mundial. A fam\u00edlia &hellip;","og_url":"https:\/\/www.luxcitizenship.com\/br\/casa-de-santa-maria-cascais-portugal\/","og_site_name":"LuxCitizenship","article_publisher":"http:\/\/facebook.com\/luxcitizenship\/","article_modified_time":"2025-06-20T03:28:12+00:00","twitter_card":"summary_large_image","schema":{"@context":"https:\/\/schema.org","@graph":[{"@type":"WebPage","@id":"https:\/\/www.luxcitizenship.com\/br\/casa-de-santa-maria-cascais-portugal\/","url":"https:\/\/www.luxcitizenship.com\/br\/casa-de-santa-maria-cascais-portugal\/","name":"Casa de Santa Maria, Cascais, Portugal - LuxCitizenship","isPartOf":{"@id":"https:\/\/www.luxcitizenship.com\/br\/#website"},"datePublished":"2025-06-12T19:40:58+00:00","dateModified":"2025-06-20T03:28:12+00:00","breadcrumb":{"@id":"https:\/\/www.luxcitizenship.com\/br\/casa-de-santa-maria-cascais-portugal\/#breadcrumb"},"inLanguage":"pt-BR","potentialAction":[{"@type":"ReadAction","target":["https:\/\/www.luxcitizenship.com\/br\/casa-de-santa-maria-cascais-portugal\/"]}]},{"@type":"BreadcrumbList","@id":"https:\/\/www.luxcitizenship.com\/br\/casa-de-santa-maria-cascais-portugal\/#breadcrumb","itemListElement":[{"@type":"ListItem","position":1,"name":"Home","item":"https:\/\/www.luxcitizenship.com\/br\/"},{"@type":"ListItem","position":2,"name":"Casa de Santa Maria, Cascais, Portugal"}]},{"@type":"WebSite","@id":"https:\/\/www.luxcitizenship.com\/br\/#website","url":"https:\/\/www.luxcitizenship.com\/br\/","name":"luxcitizenship.com","description":"LuxCitizenship guides individuals worldwide in reclaiming Luxembourg dual citizenship through ancestry, offering expert support and fostering a global community.","publisher":{"@id":"https:\/\/www.luxcitizenship.com\/br\/#organization"},"potentialAction":[{"@type":"SearchAction","target":{"@type":"EntryPoint","urlTemplate":"https:\/\/www.luxcitizenship.com\/br\/?s={search_term_string}"},"query-input":{"@type":"PropertyValueSpecification","valueRequired":true,"valueName":"search_term_string"}}],"inLanguage":"pt-BR"},{"@type":"Organization","@id":"https:\/\/www.luxcitizenship.com\/br\/#organization","name":"luxcitizenship.com","alternateName":"LuxCitizenship","url":"https:\/\/www.luxcitizenship.com\/br\/","logo":{"@type":"ImageObject","inLanguage":"pt-BR","@id":"https:\/\/www.luxcitizenship.com\/br\/#\/schema\/logo\/image\/","url":"https:\/\/www.luxcitizenship.com\/wp-content\/uploads\/2025\/07\/Logo-LuxCitizenship-scaled.png","contentUrl":"https:\/\/www.luxcitizenship.com\/wp-content\/uploads\/2025\/07\/Logo-LuxCitizenship-scaled.png","width":2560,"height":340,"caption":"luxcitizenship.com"},"image":{"@id":"https:\/\/www.luxcitizenship.com\/br\/#\/schema\/logo\/image\/"},"sameAs":["http:\/\/facebook.com\/luxcitizenship\/","http:\/\/instagram.com\/lux.citizenship\/"],"description":"Whether you\u2019re seeking citizenship, community, or a deeper connection to your heritage, LuxCitizenship is here to help you every step of the way.","email":"info@luxcitizenship.com","telephone":"(917) 740-8908","legalName":"Connaissance Solutions LLC","numberOfEmployees":{"@type":"QuantitativeValue","minValue":"11","maxValue":"50"}}]}},"featured_image_src":null,"featured_image_src_square":null,"_links":{"self":[{"href":"https:\/\/www.luxcitizenship.com\/br\/wp-json\/wp\/v2\/pages\/42457","targetHints":{"allow":["GET"]}}],"collection":[{"href":"https:\/\/www.luxcitizenship.com\/br\/wp-json\/wp\/v2\/pages"}],"about":[{"href":"https:\/\/www.luxcitizenship.com\/br\/wp-json\/wp\/v2\/types\/page"}],"author":[{"embeddable":true,"href":"https:\/\/www.luxcitizenship.com\/br\/wp-json\/wp\/v2\/users\/1"}],"replies":[{"embeddable":true,"href":"https:\/\/www.luxcitizenship.com\/br\/wp-json\/wp\/v2\/comments?post=42457"}],"version-history":[{"count":0,"href":"https:\/\/www.luxcitizenship.com\/br\/wp-json\/wp\/v2\/pages\/42457\/revisions"}],"wp:attachment":[{"href":"https:\/\/www.luxcitizenship.com\/br\/wp-json\/wp\/v2\/media?parent=42457"}],"wp:term":[{"taxonomy":"post_tag","embeddable":true,"href":"https:\/\/www.luxcitizenship.com\/br\/wp-json\/wp\/v2\/tags?post=42457"}],"curies":[{"name":"wp","href":"https:\/\/api.w.org\/{rel}","templated":true}]}}