{"id":42434,"date":"2025-06-12T15:36:51","date_gmt":"2025-06-12T19:36:51","guid":{"rendered":"https:\/\/ko3g503ir7-staging.onrocket.site\/stammtisch-sao-pedro-de-alcantara-brasil\/"},"modified":"2025-06-19T23:22:57","modified_gmt":"2025-06-20T03:22:57","slug":"stammtisch-sao-pedro-de-alcantara-brasil","status":"publish","type":"page","link":"https:\/\/www.luxcitizenship.com\/br\/stammtisch-sao-pedro-de-alcantara-brasil\/","title":{"rendered":"Stammtisch, S\u00e3o Pedro de Alc\u00e2ntara, Brasil"},"content":{"rendered":"\n<p>Localizada a cerca de 30 quil\u00f4metros do interior, S\u00e3o Pedro de Alc\u00e2ntara, Santa Catarina, Brasil, \u00e9 considerada o primeiro local para onde os imigrantes luxemburgueses foram enviados para se estabelecerem ap\u00f3s alguns meses de estadia tempor\u00e1ria na ilha de Florian\u00f3polis. A cidade sempre deu \u00eanfase \u00e0 sua heran\u00e7a como \u201ccol\u00f4nia germ\u00e2nica\u201d. 2023 foi o primeiro ano em que Luxemburgo foi representado no evento Stammtisch da cidade, que ocorre h\u00e1 muito tempo. A ACLUX, a Associa\u00e7\u00e3o dos Cidad\u00e3os Luxemburgueses no Brasil, teve uma tenda no evento para receber os convidados e falar sobre Luxemburgo.   <\/p>\n<ul data-count=\"15\" class=\"wp-block-gallery alignundefined columns-3 is-cropped\"><li class=\"blocks-gallery-item\"><figure><a href=\"https:\/\/www.luxcitizenship.com\/wp-content\/uploads\/2025\/06\/stammtisch-15.jpg\"><img fetchpriority=\"high\" decoding=\"async\" width=\"1000\" height=\"1333\" src=\"https:\/\/www.luxcitizenship.com\/wp-content\/uploads\/2025\/06\/stammtisch-15.jpg\" alt=\"stammtisch-15\" data-id=\"39881\" data-link=\"https:\/\/www.luxcitizenship.com\/br\/stammtisch-15-2\/\" class=\"wp-image-39881\" srcset=\"https:\/\/www.luxcitizenship.com\/wp-content\/uploads\/2025\/06\/stammtisch-15.jpg 1000w, https:\/\/www.luxcitizenship.com\/wp-content\/uploads\/2025\/06\/stammtisch-15-225x300.jpg 225w, https:\/\/www.luxcitizenship.com\/wp-content\/uploads\/2025\/06\/stammtisch-15-768x1024.jpg 768w, https:\/\/www.luxcitizenship.com\/wp-content\/uploads\/2025\/06\/stammtisch-15-300x400.jpg 300w\" sizes=\"(max-width: 1000px) 100vw, 1000px\" \/><\/a><\/figure><\/li><li class=\"blocks-gallery-item\"><figure><a href=\"https:\/\/www.luxcitizenship.com\/wp-content\/uploads\/2025\/06\/stammtisch-14.jpg\"><img decoding=\"async\" width=\"1600\" height=\"1200\" src=\"https:\/\/www.luxcitizenship.com\/wp-content\/uploads\/2025\/06\/stammtisch-14.jpg\" alt=\"stammtisch-14\" data-id=\"39879\" data-link=\"https:\/\/www.luxcitizenship.com\/br\/stammtisch-14-2\/\" class=\"wp-image-39879\" srcset=\"https:\/\/www.luxcitizenship.com\/wp-content\/uploads\/2025\/06\/stammtisch-14.jpg 1600w, https:\/\/www.luxcitizenship.com\/wp-content\/uploads\/2025\/06\/stammtisch-14-300x225.jpg 300w, https:\/\/www.luxcitizenship.com\/wp-content\/uploads\/2025\/06\/stammtisch-14-1024x768.jpg 1024w, https:\/\/www.luxcitizenship.com\/wp-content\/uploads\/2025\/06\/stammtisch-14-768x576.jpg 768w, https:\/\/www.luxcitizenship.com\/wp-content\/uploads\/2025\/06\/stammtisch-14-1536x1152.jpg 1536w, https:\/\/www.luxcitizenship.com\/wp-content\/uploads\/2025\/06\/stammtisch-14-1200x900.jpg 1200w, https:\/\/www.luxcitizenship.com\/wp-content\/uploads\/2025\/06\/stammtisch-14-1400x1050.jpg 1400w\" sizes=\"(max-width: 1600px) 100vw, 1600px\" \/><\/a><\/figure><\/li><li class=\"blocks-gallery-item\"><figure><a href=\"https:\/\/www.luxcitizenship.com\/wp-content\/uploads\/2025\/06\/stammtisch-13.jpg\"><img decoding=\"async\" width=\"1333\" height=\"1000\" src=\"https:\/\/www.luxcitizenship.com\/wp-content\/uploads\/2025\/06\/stammtisch-13.jpg\" alt=\"stammtisch-13\" data-id=\"39877\" data-link=\"https:\/\/www.luxcitizenship.com\/br\/stammtisch-13-2\/\" class=\"wp-image-39877\" srcset=\"https:\/\/www.luxcitizenship.com\/wp-content\/uploads\/2025\/06\/stammtisch-13.jpg 1333w, https:\/\/www.luxcitizenship.com\/wp-content\/uploads\/2025\/06\/stammtisch-13-300x225.jpg 300w, https:\/\/www.luxcitizenship.com\/wp-content\/uploads\/2025\/06\/stammtisch-13-1024x768.jpg 1024w, https:\/\/www.luxcitizenship.com\/wp-content\/uploads\/2025\/06\/stammtisch-13-768x576.jpg 768w, https:\/\/www.luxcitizenship.com\/wp-content\/uploads\/2025\/06\/stammtisch-13-1200x900.jpg 1200w\" sizes=\"(max-width: 1333px) 100vw, 1333px\" \/><\/a><\/figure><\/li><li class=\"blocks-gallery-item\"><figure><a href=\"https:\/\/www.luxcitizenship.com\/wp-content\/uploads\/2025\/06\/stammtisch-12.jpg\"><img loading=\"lazy\" decoding=\"async\" width=\"1600\" height=\"1200\" src=\"https:\/\/www.luxcitizenship.com\/wp-content\/uploads\/2025\/06\/stammtisch-12.jpg\" alt=\"stammtisch-12\" data-id=\"39875\" data-link=\"https:\/\/www.luxcitizenship.com\/br\/stammtisch-12-2\/\" class=\"wp-image-39875\" srcset=\"https:\/\/www.luxcitizenship.com\/wp-content\/uploads\/2025\/06\/stammtisch-12.jpg 1600w, https:\/\/www.luxcitizenship.com\/wp-content\/uploads\/2025\/06\/stammtisch-12-300x225.jpg 300w, https:\/\/www.luxcitizenship.com\/wp-content\/uploads\/2025\/06\/stammtisch-12-1024x768.jpg 1024w, https:\/\/www.luxcitizenship.com\/wp-content\/uploads\/2025\/06\/stammtisch-12-768x576.jpg 768w, https:\/\/www.luxcitizenship.com\/wp-content\/uploads\/2025\/06\/stammtisch-12-1536x1152.jpg 1536w, https:\/\/www.luxcitizenship.com\/wp-content\/uploads\/2025\/06\/stammtisch-12-1200x900.jpg 1200w, https:\/\/www.luxcitizenship.com\/wp-content\/uploads\/2025\/06\/stammtisch-12-1400x1050.jpg 1400w\" sizes=\"(max-width: 1600px) 100vw, 1600px\" \/><\/a><\/figure><\/li><li class=\"blocks-gallery-item\"><figure><a href=\"https:\/\/www.luxcitizenship.com\/wp-content\/uploads\/2025\/06\/stammtisch-11.jpg\"><img loading=\"lazy\" decoding=\"async\" width=\"1000\" height=\"1333\" src=\"https:\/\/www.luxcitizenship.com\/wp-content\/uploads\/2025\/06\/stammtisch-11.jpg\" alt=\"stammtisch-11\" data-id=\"39873\" data-link=\"https:\/\/www.luxcitizenship.com\/br\/stammtisch-11-2\/\" class=\"wp-image-39873\" srcset=\"https:\/\/www.luxcitizenship.com\/wp-content\/uploads\/2025\/06\/stammtisch-11.jpg 1000w, https:\/\/www.luxcitizenship.com\/wp-content\/uploads\/2025\/06\/stammtisch-11-225x300.jpg 225w, https:\/\/www.luxcitizenship.com\/wp-content\/uploads\/2025\/06\/stammtisch-11-768x1024.jpg 768w, https:\/\/www.luxcitizenship.com\/wp-content\/uploads\/2025\/06\/stammtisch-11-300x400.jpg 300w\" sizes=\"(max-width: 1000px) 100vw, 1000px\" \/><\/a><\/figure><\/li><li class=\"blocks-gallery-item\"><figure><a href=\"https:\/\/www.luxcitizenship.com\/wp-content\/uploads\/2025\/06\/stammtisch-10.jpg\"><img loading=\"lazy\" decoding=\"async\" width=\"1333\" height=\"1000\" src=\"https:\/\/www.luxcitizenship.com\/wp-content\/uploads\/2025\/06\/stammtisch-10.jpg\" alt=\"stammtisch-10\" data-id=\"39871\" data-link=\"https:\/\/www.luxcitizenship.com\/br\/stammtisch-10-2\/\" class=\"wp-image-39871\" srcset=\"https:\/\/www.luxcitizenship.com\/wp-content\/uploads\/2025\/06\/stammtisch-10.jpg 1333w, https:\/\/www.luxcitizenship.com\/wp-content\/uploads\/2025\/06\/stammtisch-10-300x225.jpg 300w, https:\/\/www.luxcitizenship.com\/wp-content\/uploads\/2025\/06\/stammtisch-10-1024x768.jpg 1024w, https:\/\/www.luxcitizenship.com\/wp-content\/uploads\/2025\/06\/stammtisch-10-768x576.jpg 768w, https:\/\/www.luxcitizenship.com\/wp-content\/uploads\/2025\/06\/stammtisch-10-1200x900.jpg 1200w\" sizes=\"(max-width: 1333px) 100vw, 1333px\" \/><\/a><\/figure><\/li><li class=\"blocks-gallery-item\"><figure><a href=\"https:\/\/www.luxcitizenship.com\/wp-content\/uploads\/2025\/06\/stammtisch-9.jpg\"><img loading=\"lazy\" decoding=\"async\" width=\"1000\" height=\"1333\" src=\"https:\/\/www.luxcitizenship.com\/wp-content\/uploads\/2025\/06\/stammtisch-9.jpg\" alt=\"stammtisch-9\" data-id=\"39869\" data-link=\"https:\/\/www.luxcitizenship.com\/br\/stammtisch-9-2\/\" class=\"wp-image-39869\" srcset=\"https:\/\/www.luxcitizenship.com\/wp-content\/uploads\/2025\/06\/stammtisch-9.jpg 1000w, https:\/\/www.luxcitizenship.com\/wp-content\/uploads\/2025\/06\/stammtisch-9-225x300.jpg 225w, https:\/\/www.luxcitizenship.com\/wp-content\/uploads\/2025\/06\/stammtisch-9-768x1024.jpg 768w, https:\/\/www.luxcitizenship.com\/wp-content\/uploads\/2025\/06\/stammtisch-9-300x400.jpg 300w\" sizes=\"(max-width: 1000px) 100vw, 1000px\" \/><\/a><\/figure><\/li><li class=\"blocks-gallery-item\"><figure><a href=\"https:\/\/www.luxcitizenship.com\/wp-content\/uploads\/2025\/06\/stammtisch-8.jpg\"><img loading=\"lazy\" decoding=\"async\" width=\"1000\" height=\"1333\" src=\"https:\/\/www.luxcitizenship.com\/wp-content\/uploads\/2025\/06\/stammtisch-8.jpg\" alt=\"stammtisch-8\" data-id=\"39867\" data-link=\"https:\/\/www.luxcitizenship.com\/br\/stammtisch-8-2\/\" class=\"wp-image-39867\" srcset=\"https:\/\/www.luxcitizenship.com\/wp-content\/uploads\/2025\/06\/stammtisch-8.jpg 1000w, https:\/\/www.luxcitizenship.com\/wp-content\/uploads\/2025\/06\/stammtisch-8-225x300.jpg 225w, https:\/\/www.luxcitizenship.com\/wp-content\/uploads\/2025\/06\/stammtisch-8-768x1024.jpg 768w, https:\/\/www.luxcitizenship.com\/wp-content\/uploads\/2025\/06\/stammtisch-8-300x400.jpg 300w\" sizes=\"(max-width: 1000px) 100vw, 1000px\" \/><\/a><\/figure><\/li><li class=\"blocks-gallery-item\"><figure><a href=\"https:\/\/www.luxcitizenship.com\/wp-content\/uploads\/2025\/06\/stammtisch-7.jpg\"><img loading=\"lazy\" decoding=\"async\" width=\"1333\" height=\"1000\" src=\"https:\/\/www.luxcitizenship.com\/wp-content\/uploads\/2025\/06\/stammtisch-7.jpg\" alt=\"stammtisch-7\" data-id=\"39865\" data-link=\"https:\/\/www.luxcitizenship.com\/br\/stammtisch-7-2\/\" class=\"wp-image-39865\" srcset=\"https:\/\/www.luxcitizenship.com\/wp-content\/uploads\/2025\/06\/stammtisch-7.jpg 1333w, https:\/\/www.luxcitizenship.com\/wp-content\/uploads\/2025\/06\/stammtisch-7-300x225.jpg 300w, https:\/\/www.luxcitizenship.com\/wp-content\/uploads\/2025\/06\/stammtisch-7-1024x768.jpg 1024w, https:\/\/www.luxcitizenship.com\/wp-content\/uploads\/2025\/06\/stammtisch-7-768x576.jpg 768w, https:\/\/www.luxcitizenship.com\/wp-content\/uploads\/2025\/06\/stammtisch-7-1200x900.jpg 1200w\" sizes=\"(max-width: 1333px) 100vw, 1333px\" \/><\/a><\/figure><\/li><li class=\"blocks-gallery-item\"><figure><a href=\"https:\/\/www.luxcitizenship.com\/wp-content\/uploads\/2025\/06\/stammtisch-6.jpg\"><img loading=\"lazy\" decoding=\"async\" width=\"1333\" height=\"1000\" src=\"https:\/\/www.luxcitizenship.com\/wp-content\/uploads\/2025\/06\/stammtisch-6.jpg\" alt=\"stammtisch-6\" data-id=\"39863\" data-link=\"https:\/\/www.luxcitizenship.com\/br\/stammtisch-6-2\/\" class=\"wp-image-39863\" srcset=\"https:\/\/www.luxcitizenship.com\/wp-content\/uploads\/2025\/06\/stammtisch-6.jpg 1333w, https:\/\/www.luxcitizenship.com\/wp-content\/uploads\/2025\/06\/stammtisch-6-300x225.jpg 300w, https:\/\/www.luxcitizenship.com\/wp-content\/uploads\/2025\/06\/stammtisch-6-1024x768.jpg 1024w, https:\/\/www.luxcitizenship.com\/wp-content\/uploads\/2025\/06\/stammtisch-6-768x576.jpg 768w, https:\/\/www.luxcitizenship.com\/wp-content\/uploads\/2025\/06\/stammtisch-6-1200x900.jpg 1200w\" sizes=\"(max-width: 1333px) 100vw, 1333px\" \/><\/a><\/figure><\/li><li class=\"blocks-gallery-item\"><figure><a href=\"https:\/\/www.luxcitizenship.com\/wp-content\/uploads\/2025\/06\/stammtisch-5.jpg\"><img loading=\"lazy\" decoding=\"async\" width=\"1000\" height=\"1333\" src=\"https:\/\/www.luxcitizenship.com\/wp-content\/uploads\/2025\/06\/stammtisch-5.jpg\" alt=\"stammtisch-5\" data-id=\"39861\" data-link=\"https:\/\/www.luxcitizenship.com\/br\/stammtisch-5-2\/\" class=\"wp-image-39861\" srcset=\"https:\/\/www.luxcitizenship.com\/wp-content\/uploads\/2025\/06\/stammtisch-5.jpg 1000w, https:\/\/www.luxcitizenship.com\/wp-content\/uploads\/2025\/06\/stammtisch-5-225x300.jpg 225w, https:\/\/www.luxcitizenship.com\/wp-content\/uploads\/2025\/06\/stammtisch-5-768x1024.jpg 768w, https:\/\/www.luxcitizenship.com\/wp-content\/uploads\/2025\/06\/stammtisch-5-300x400.jpg 300w\" sizes=\"(max-width: 1000px) 100vw, 1000px\" \/><\/a><\/figure><\/li><li class=\"blocks-gallery-item\"><figure><a href=\"https:\/\/www.luxcitizenship.com\/wp-content\/uploads\/2025\/06\/stammtisch-4.jpg\"><img loading=\"lazy\" decoding=\"async\" width=\"900\" height=\"1600\" src=\"https:\/\/www.luxcitizenship.com\/wp-content\/uploads\/2025\/06\/stammtisch-4.jpg\" alt=\"stammtisch-4\" data-id=\"39859\" data-link=\"https:\/\/www.luxcitizenship.com\/br\/stammtisch-4-2\/\" class=\"wp-image-39859\" srcset=\"https:\/\/www.luxcitizenship.com\/wp-content\/uploads\/2025\/06\/stammtisch-4.jpg 900w, https:\/\/www.luxcitizenship.com\/wp-content\/uploads\/2025\/06\/stammtisch-4-169x300.jpg 169w, https:\/\/www.luxcitizenship.com\/wp-content\/uploads\/2025\/06\/stammtisch-4-576x1024.jpg 576w, https:\/\/www.luxcitizenship.com\/wp-content\/uploads\/2025\/06\/stammtisch-4-768x1365.jpg 768w, https:\/\/www.luxcitizenship.com\/wp-content\/uploads\/2025\/06\/stammtisch-4-864x1536.jpg 864w, https:\/\/www.luxcitizenship.com\/wp-content\/uploads\/2025\/06\/stammtisch-4-300x533.jpg 300w\" sizes=\"(max-width: 900px) 100vw, 900px\" \/><\/a><\/figure><\/li><li class=\"blocks-gallery-item\"><figure><a href=\"https:\/\/www.luxcitizenship.com\/wp-content\/uploads\/2025\/06\/stammtisch-3.jpg\"><img loading=\"lazy\" decoding=\"async\" width=\"1600\" height=\"900\" src=\"https:\/\/www.luxcitizenship.com\/wp-content\/uploads\/2025\/06\/stammtisch-3.jpg\" alt=\"stammtisch-3\" data-id=\"39857\" data-link=\"https:\/\/www.luxcitizenship.com\/br\/stammtisch-3-2\/\" class=\"wp-image-39857\" srcset=\"https:\/\/www.luxcitizenship.com\/wp-content\/uploads\/2025\/06\/stammtisch-3.jpg 1600w, https:\/\/www.luxcitizenship.com\/wp-content\/uploads\/2025\/06\/stammtisch-3-300x169.jpg 300w, https:\/\/www.luxcitizenship.com\/wp-content\/uploads\/2025\/06\/stammtisch-3-1024x576.jpg 1024w, https:\/\/www.luxcitizenship.com\/wp-content\/uploads\/2025\/06\/stammtisch-3-768x432.jpg 768w, https:\/\/www.luxcitizenship.com\/wp-content\/uploads\/2025\/06\/stammtisch-3-1536x864.jpg 1536w, https:\/\/www.luxcitizenship.com\/wp-content\/uploads\/2025\/06\/stammtisch-3-1200x675.jpg 1200w, https:\/\/www.luxcitizenship.com\/wp-content\/uploads\/2025\/06\/stammtisch-3-1400x788.jpg 1400w\" sizes=\"(max-width: 1600px) 100vw, 1600px\" \/><\/a><\/figure><\/li><li class=\"blocks-gallery-item\"><figure><a href=\"https:\/\/www.luxcitizenship.com\/wp-content\/uploads\/2025\/06\/stammtisch-2.jpg\"><img loading=\"lazy\" decoding=\"async\" width=\"1000\" height=\"1333\" src=\"https:\/\/www.luxcitizenship.com\/wp-content\/uploads\/2025\/06\/stammtisch-2.jpg\" alt=\"stammtisch-2\" data-id=\"39855\" data-link=\"https:\/\/www.luxcitizenship.com\/br\/stammtisch-2-2\/\" class=\"wp-image-39855\" srcset=\"https:\/\/www.luxcitizenship.com\/wp-content\/uploads\/2025\/06\/stammtisch-2.jpg 1000w, https:\/\/www.luxcitizenship.com\/wp-content\/uploads\/2025\/06\/stammtisch-2-225x300.jpg 225w, https:\/\/www.luxcitizenship.com\/wp-content\/uploads\/2025\/06\/stammtisch-2-768x1024.jpg 768w, https:\/\/www.luxcitizenship.com\/wp-content\/uploads\/2025\/06\/stammtisch-2-300x400.jpg 300w\" sizes=\"(max-width: 1000px) 100vw, 1000px\" \/><\/a><\/figure><\/li><li class=\"blocks-gallery-item\"><figure><a href=\"https:\/\/www.luxcitizenship.com\/wp-content\/uploads\/2025\/06\/stammtisch-1.jpg\"><img loading=\"lazy\" decoding=\"async\" width=\"1333\" height=\"1000\" src=\"https:\/\/www.luxcitizenship.com\/wp-content\/uploads\/2025\/06\/stammtisch-1.jpg\" alt=\"stammtisch-1\" data-id=\"39853\" data-link=\"https:\/\/www.luxcitizenship.com\/br\/stammtisch-1-2\/\" class=\"wp-image-39853\" srcset=\"https:\/\/www.luxcitizenship.com\/wp-content\/uploads\/2025\/06\/stammtisch-1.jpg 1333w, https:\/\/www.luxcitizenship.com\/wp-content\/uploads\/2025\/06\/stammtisch-1-300x225.jpg 300w, https:\/\/www.luxcitizenship.com\/wp-content\/uploads\/2025\/06\/stammtisch-1-1024x768.jpg 1024w, https:\/\/www.luxcitizenship.com\/wp-content\/uploads\/2025\/06\/stammtisch-1-768x576.jpg 768w, https:\/\/www.luxcitizenship.com\/wp-content\/uploads\/2025\/06\/stammtisch-1-1200x900.jpg 1200w\" sizes=\"(max-width: 1333px) 100vw, 1333px\" \/><\/a><\/figure><\/li><\/ul>","protected":false},"excerpt":{"rendered":"<p>Localizada a cerca de 30 quil\u00f4metros do interior, S\u00e3o Pedro de Alc\u00e2ntara, Santa Catarina, Brasil, \u00e9 considerada o primeiro local para onde os imigrantes luxemburgueses foram enviados para se estabelecerem ap\u00f3s alguns meses de estadia tempor\u00e1ria na ilha de Florian\u00f3polis. A cidade sempre deu \u00eanfase \u00e0 sua heran\u00e7a como \u201ccol\u00f4nia germ\u00e2nica\u201d. 2023 foi o primeiro &hellip;<\/p>\n","protected":false},"author":1,"featured_media":0,"parent":0,"menu_order":0,"comment_status":"closed","ping_status":"closed","template":"","meta":{"_genesis_block_theme_hide_title":false,"footnotes":""},"tags":[],"class_list":["post-42434","page","type-page","status-publish","hentry","post","without-featured-image"],"yoast_head":"<!-- This site is optimized with the Yoast SEO Premium plugin v27.4 (Yoast SEO v27.4) - https:\/\/yoast.com\/product\/yoast-seo-premium-wordpress\/ -->\n<title>Stammtisch, S\u00e3o Pedro de Alc\u00e2ntara, Brasil - LuxCitizenship<\/title>\n<meta name=\"robots\" content=\"index, follow, max-snippet:-1, max-image-preview:large, max-video-preview:-1\" \/>\n<link rel=\"canonical\" href=\"https:\/\/www.luxcitizenship.com\/br\/stammtisch-sao-pedro-de-alcantara-brasil\/\" \/>\n<meta property=\"og:locale\" content=\"pt_BR\" \/>\n<meta property=\"og:type\" content=\"article\" \/>\n<meta property=\"og:title\" content=\"Stammtisch, S\u00e3o Pedro de Alc\u00e2ntara, Brasil\" \/>\n<meta property=\"og:description\" content=\"Localizada a cerca de 30 quil\u00f4metros do interior, S\u00e3o Pedro de Alc\u00e2ntara, Santa Catarina, Brasil, \u00e9 considerada o primeiro local para onde os imigrantes luxemburgueses foram enviados para se estabelecerem ap\u00f3s alguns meses de estadia tempor\u00e1ria na ilha de Florian\u00f3polis. A cidade sempre deu \u00eanfase \u00e0 sua heran\u00e7a como \u201ccol\u00f4nia germ\u00e2nica\u201d. 2023 foi o primeiro &hellip;\" \/>\n<meta property=\"og:url\" content=\"https:\/\/www.luxcitizenship.com\/br\/stammtisch-sao-pedro-de-alcantara-brasil\/\" \/>\n<meta property=\"og:site_name\" content=\"LuxCitizenship\" \/>\n<meta property=\"article:publisher\" content=\"http:\/\/facebook.com\/luxcitizenship\/\" \/>\n<meta property=\"article:modified_time\" content=\"2025-06-20T03:22:57+00:00\" \/>\n<meta name=\"twitter:card\" content=\"summary_large_image\" \/>\n<meta name=\"twitter:label1\" content=\"Est. tempo de leitura\" \/>\n\t<meta name=\"twitter:data1\" content=\"1 minuto\" \/>\n<script type=\"application\/ld+json\" class=\"yoast-schema-graph\">{\"@context\":\"https:\\\/\\\/schema.org\",\"@graph\":[{\"@type\":\"WebPage\",\"@id\":\"https:\\\/\\\/www.luxcitizenship.com\\\/br\\\/stammtisch-sao-pedro-de-alcantara-brasil\\\/\",\"url\":\"https:\\\/\\\/www.luxcitizenship.com\\\/br\\\/stammtisch-sao-pedro-de-alcantara-brasil\\\/\",\"name\":\"Stammtisch, S\u00e3o Pedro de Alc\u00e2ntara, Brasil - LuxCitizenship\",\"isPartOf\":{\"@id\":\"https:\\\/\\\/www.luxcitizenship.com\\\/br\\\/#website\"},\"datePublished\":\"2025-06-12T19:36:51+00:00\",\"dateModified\":\"2025-06-20T03:22:57+00:00\",\"breadcrumb\":{\"@id\":\"https:\\\/\\\/www.luxcitizenship.com\\\/br\\\/stammtisch-sao-pedro-de-alcantara-brasil\\\/#breadcrumb\"},\"inLanguage\":\"pt-BR\",\"potentialAction\":[{\"@type\":\"ReadAction\",\"target\":[\"https:\\\/\\\/www.luxcitizenship.com\\\/br\\\/stammtisch-sao-pedro-de-alcantara-brasil\\\/\"]}]},{\"@type\":\"BreadcrumbList\",\"@id\":\"https:\\\/\\\/www.luxcitizenship.com\\\/br\\\/stammtisch-sao-pedro-de-alcantara-brasil\\\/#breadcrumb\",\"itemListElement\":[{\"@type\":\"ListItem\",\"position\":1,\"name\":\"Home\",\"item\":\"https:\\\/\\\/www.luxcitizenship.com\\\/br\\\/\"},{\"@type\":\"ListItem\",\"position\":2,\"name\":\"Stammtisch, S\u00e3o Pedro de Alc\u00e2ntara, Brasil\"}]},{\"@type\":\"WebSite\",\"@id\":\"https:\\\/\\\/www.luxcitizenship.com\\\/br\\\/#website\",\"url\":\"https:\\\/\\\/www.luxcitizenship.com\\\/br\\\/\",\"name\":\"luxcitizenship.com\",\"description\":\"LuxCitizenship guides individuals worldwide in reclaiming Luxembourg dual citizenship through ancestry, offering expert support and fostering a global community.\",\"publisher\":{\"@id\":\"https:\\\/\\\/www.luxcitizenship.com\\\/br\\\/#organization\"},\"potentialAction\":[{\"@type\":\"SearchAction\",\"target\":{\"@type\":\"EntryPoint\",\"urlTemplate\":\"https:\\\/\\\/www.luxcitizenship.com\\\/br\\\/?s={search_term_string}\"},\"query-input\":{\"@type\":\"PropertyValueSpecification\",\"valueRequired\":true,\"valueName\":\"search_term_string\"}}],\"inLanguage\":\"pt-BR\"},{\"@type\":\"Organization\",\"@id\":\"https:\\\/\\\/www.luxcitizenship.com\\\/br\\\/#organization\",\"name\":\"luxcitizenship.com\",\"alternateName\":\"LuxCitizenship\",\"url\":\"https:\\\/\\\/www.luxcitizenship.com\\\/br\\\/\",\"logo\":{\"@type\":\"ImageObject\",\"inLanguage\":\"pt-BR\",\"@id\":\"https:\\\/\\\/www.luxcitizenship.com\\\/br\\\/#\\\/schema\\\/logo\\\/image\\\/\",\"url\":\"https:\\\/\\\/www.luxcitizenship.com\\\/wp-content\\\/uploads\\\/2025\\\/07\\\/Logo-LuxCitizenship-scaled.png\",\"contentUrl\":\"https:\\\/\\\/www.luxcitizenship.com\\\/wp-content\\\/uploads\\\/2025\\\/07\\\/Logo-LuxCitizenship-scaled.png\",\"width\":2560,\"height\":340,\"caption\":\"luxcitizenship.com\"},\"image\":{\"@id\":\"https:\\\/\\\/www.luxcitizenship.com\\\/br\\\/#\\\/schema\\\/logo\\\/image\\\/\"},\"sameAs\":[\"http:\\\/\\\/facebook.com\\\/luxcitizenship\\\/\",\"http:\\\/\\\/instagram.com\\\/lux.citizenship\\\/\"],\"description\":\"Whether you\u2019re seeking citizenship, community, or a deeper connection to your heritage, LuxCitizenship is here to help you every step of the way.\",\"email\":\"info@luxcitizenship.com\",\"telephone\":\"(917) 740-8908\",\"legalName\":\"Connaissance Solutions LLC\",\"numberOfEmployees\":{\"@type\":\"QuantitativeValue\",\"minValue\":\"11\",\"maxValue\":\"50\"}}]}<\/script>\n<!-- \/ Yoast SEO Premium plugin. -->","yoast_head_json":{"title":"Stammtisch, S\u00e3o Pedro de Alc\u00e2ntara, Brasil - LuxCitizenship","robots":{"index":"index","follow":"follow","max-snippet":"max-snippet:-1","max-image-preview":"max-image-preview:large","max-video-preview":"max-video-preview:-1"},"canonical":"https:\/\/www.luxcitizenship.com\/br\/stammtisch-sao-pedro-de-alcantara-brasil\/","og_locale":"pt_BR","og_type":"article","og_title":"Stammtisch, S\u00e3o Pedro de Alc\u00e2ntara, Brasil","og_description":"Localizada a cerca de 30 quil\u00f4metros do interior, S\u00e3o Pedro de Alc\u00e2ntara, Santa Catarina, Brasil, \u00e9 considerada o primeiro local para onde os imigrantes luxemburgueses foram enviados para se estabelecerem ap\u00f3s alguns meses de estadia tempor\u00e1ria na ilha de Florian\u00f3polis. A cidade sempre deu \u00eanfase \u00e0 sua heran\u00e7a como \u201ccol\u00f4nia germ\u00e2nica\u201d. 2023 foi o primeiro &hellip;","og_url":"https:\/\/www.luxcitizenship.com\/br\/stammtisch-sao-pedro-de-alcantara-brasil\/","og_site_name":"LuxCitizenship","article_publisher":"http:\/\/facebook.com\/luxcitizenship\/","article_modified_time":"2025-06-20T03:22:57+00:00","twitter_card":"summary_large_image","twitter_misc":{"Est. tempo de leitura":"1 minuto"},"schema":{"@context":"https:\/\/schema.org","@graph":[{"@type":"WebPage","@id":"https:\/\/www.luxcitizenship.com\/br\/stammtisch-sao-pedro-de-alcantara-brasil\/","url":"https:\/\/www.luxcitizenship.com\/br\/stammtisch-sao-pedro-de-alcantara-brasil\/","name":"Stammtisch, S\u00e3o Pedro de Alc\u00e2ntara, Brasil - LuxCitizenship","isPartOf":{"@id":"https:\/\/www.luxcitizenship.com\/br\/#website"},"datePublished":"2025-06-12T19:36:51+00:00","dateModified":"2025-06-20T03:22:57+00:00","breadcrumb":{"@id":"https:\/\/www.luxcitizenship.com\/br\/stammtisch-sao-pedro-de-alcantara-brasil\/#breadcrumb"},"inLanguage":"pt-BR","potentialAction":[{"@type":"ReadAction","target":["https:\/\/www.luxcitizenship.com\/br\/stammtisch-sao-pedro-de-alcantara-brasil\/"]}]},{"@type":"BreadcrumbList","@id":"https:\/\/www.luxcitizenship.com\/br\/stammtisch-sao-pedro-de-alcantara-brasil\/#breadcrumb","itemListElement":[{"@type":"ListItem","position":1,"name":"Home","item":"https:\/\/www.luxcitizenship.com\/br\/"},{"@type":"ListItem","position":2,"name":"Stammtisch, S\u00e3o Pedro de Alc\u00e2ntara, Brasil"}]},{"@type":"WebSite","@id":"https:\/\/www.luxcitizenship.com\/br\/#website","url":"https:\/\/www.luxcitizenship.com\/br\/","name":"luxcitizenship.com","description":"LuxCitizenship guides individuals worldwide in reclaiming Luxembourg dual citizenship through ancestry, offering expert support and fostering a global community.","publisher":{"@id":"https:\/\/www.luxcitizenship.com\/br\/#organization"},"potentialAction":[{"@type":"SearchAction","target":{"@type":"EntryPoint","urlTemplate":"https:\/\/www.luxcitizenship.com\/br\/?s={search_term_string}"},"query-input":{"@type":"PropertyValueSpecification","valueRequired":true,"valueName":"search_term_string"}}],"inLanguage":"pt-BR"},{"@type":"Organization","@id":"https:\/\/www.luxcitizenship.com\/br\/#organization","name":"luxcitizenship.com","alternateName":"LuxCitizenship","url":"https:\/\/www.luxcitizenship.com\/br\/","logo":{"@type":"ImageObject","inLanguage":"pt-BR","@id":"https:\/\/www.luxcitizenship.com\/br\/#\/schema\/logo\/image\/","url":"https:\/\/www.luxcitizenship.com\/wp-content\/uploads\/2025\/07\/Logo-LuxCitizenship-scaled.png","contentUrl":"https:\/\/www.luxcitizenship.com\/wp-content\/uploads\/2025\/07\/Logo-LuxCitizenship-scaled.png","width":2560,"height":340,"caption":"luxcitizenship.com"},"image":{"@id":"https:\/\/www.luxcitizenship.com\/br\/#\/schema\/logo\/image\/"},"sameAs":["http:\/\/facebook.com\/luxcitizenship\/","http:\/\/instagram.com\/lux.citizenship\/"],"description":"Whether you\u2019re seeking citizenship, community, or a deeper connection to your heritage, LuxCitizenship is here to help you every step of the way.","email":"info@luxcitizenship.com","telephone":"(917) 740-8908","legalName":"Connaissance Solutions LLC","numberOfEmployees":{"@type":"QuantitativeValue","minValue":"11","maxValue":"50"}}]}},"featured_image_src":null,"featured_image_src_square":null,"_links":{"self":[{"href":"https:\/\/www.luxcitizenship.com\/br\/wp-json\/wp\/v2\/pages\/42434","targetHints":{"allow":["GET"]}}],"collection":[{"href":"https:\/\/www.luxcitizenship.com\/br\/wp-json\/wp\/v2\/pages"}],"about":[{"href":"https:\/\/www.luxcitizenship.com\/br\/wp-json\/wp\/v2\/types\/page"}],"author":[{"embeddable":true,"href":"https:\/\/www.luxcitizenship.com\/br\/wp-json\/wp\/v2\/users\/1"}],"replies":[{"embeddable":true,"href":"https:\/\/www.luxcitizenship.com\/br\/wp-json\/wp\/v2\/comments?post=42434"}],"version-history":[{"count":0,"href":"https:\/\/www.luxcitizenship.com\/br\/wp-json\/wp\/v2\/pages\/42434\/revisions"}],"wp:attachment":[{"href":"https:\/\/www.luxcitizenship.com\/br\/wp-json\/wp\/v2\/media?parent=42434"}],"wp:term":[{"taxonomy":"post_tag","embeddable":true,"href":"https:\/\/www.luxcitizenship.com\/br\/wp-json\/wp\/v2\/tags?post=42434"}],"curies":[{"name":"wp","href":"https:\/\/api.w.org\/{rel}","templated":true}]}}