{"id":42423,"date":"2025-06-12T15:33:51","date_gmt":"2025-06-12T19:33:51","guid":{"rendered":"https:\/\/ko3g503ir7-staging.onrocket.site\/filmagem-em-rosario-argentina\/"},"modified":"2025-06-19T23:20:12","modified_gmt":"2025-06-20T03:20:12","slug":"filmagem-em-rosario-argentina","status":"publish","type":"page","link":"https:\/\/www.luxcitizenship.com\/br\/filmagem-em-rosario-argentina\/","title":{"rendered":"Filmagem em Ros\u00e1rio, Argentina"},"content":{"rendered":"\n<p>Os descendentes de luxemburgueses em Ros\u00e1rio (Argentina) \u00e9 um grupo que est\u00e1 estabelecido na segunda cidade da Argentina, Ros\u00e1rio. O grupo se reuniu pela primeira vez em 1994 e, neste ano (2024), comemorou seu 30\u00ba feriado nacional de Luxemburgo e a funda\u00e7\u00e3o do grupo. A bandeira luxemburguesa foi hasteada no Monumento Nacional \u00e0 Bandeira (Argentina) e os pr\u00e9dios p\u00fablicos foram iluminados com as cores da bandeira luxemburguesa. O LuxCitizenship e a emissora nacional de Luxemburgo RTL estavam presentes para filmar a ocasi\u00e3o especial.   <\/p>\n<ul data-count=\"6\" class=\"wp-block-gallery alignundefined columns-3 is-cropped\"><li class=\"blocks-gallery-item\"><figure><a href=\"https:\/\/www.luxcitizenship.com\/wp-content\/uploads\/2025\/06\/PHOTO-2024-06-23-20-42-39-scaled-1.jpg\"><img fetchpriority=\"high\" decoding=\"async\" width=\"2560\" height=\"1707\" src=\"https:\/\/www.luxcitizenship.com\/wp-content\/uploads\/2025\/06\/PHOTO-2024-06-23-20-42-39-scaled-1.jpg\" alt=\"PHOTO-2024-06-23-20-42-39-scaled\" data-id=\"40065\" data-link=\"https:\/\/www.luxcitizenship.com\/br\/photo-2024-06-23-20-42-39-scaled-2\/\" class=\"wp-image-40065\" srcset=\"https:\/\/www.luxcitizenship.com\/wp-content\/uploads\/2025\/06\/PHOTO-2024-06-23-20-42-39-scaled-1.jpg 2560w, https:\/\/www.luxcitizenship.com\/wp-content\/uploads\/2025\/06\/PHOTO-2024-06-23-20-42-39-scaled-1-300x200.jpg 300w, https:\/\/www.luxcitizenship.com\/wp-content\/uploads\/2025\/06\/PHOTO-2024-06-23-20-42-39-scaled-1-1024x683.jpg 1024w, https:\/\/www.luxcitizenship.com\/wp-content\/uploads\/2025\/06\/PHOTO-2024-06-23-20-42-39-scaled-1-768x512.jpg 768w, https:\/\/www.luxcitizenship.com\/wp-content\/uploads\/2025\/06\/PHOTO-2024-06-23-20-42-39-scaled-1-1536x1024.jpg 1536w, https:\/\/www.luxcitizenship.com\/wp-content\/uploads\/2025\/06\/PHOTO-2024-06-23-20-42-39-scaled-1-2048x1366.jpg 2048w, https:\/\/www.luxcitizenship.com\/wp-content\/uploads\/2025\/06\/PHOTO-2024-06-23-20-42-39-scaled-1-600x400.jpg 600w, https:\/\/www.luxcitizenship.com\/wp-content\/uploads\/2025\/06\/PHOTO-2024-06-23-20-42-39-scaled-1-1200x800.jpg 1200w, https:\/\/www.luxcitizenship.com\/wp-content\/uploads\/2025\/06\/PHOTO-2024-06-23-20-42-39-scaled-1-1400x934.jpg 1400w\" sizes=\"(max-width: 2560px) 100vw, 2560px\" \/><\/a><\/figure><\/li><li class=\"blocks-gallery-item\"><figure><a href=\"https:\/\/www.luxcitizenship.com\/wp-content\/uploads\/2025\/06\/PHOTO-2024-06-23-20-38-10-scaled-1.jpg\"><img decoding=\"async\" width=\"1000\" height=\"1500\" src=\"https:\/\/www.luxcitizenship.com\/wp-content\/uploads\/2025\/06\/PHOTO-2024-06-23-20-38-10-scaled-1.jpg\" alt=\"PHOTO-2024-06-23-20-38-10-scaled\" data-id=\"40063\" data-link=\"https:\/\/www.luxcitizenship.com\/br\/photo-2024-06-23-20-38-10-scaled-2\/\" class=\"wp-image-40063\" srcset=\"https:\/\/www.luxcitizenship.com\/wp-content\/uploads\/2025\/06\/PHOTO-2024-06-23-20-38-10-scaled-1.jpg 1000w, https:\/\/www.luxcitizenship.com\/wp-content\/uploads\/2025\/06\/PHOTO-2024-06-23-20-38-10-scaled-1-200x300.jpg 200w, https:\/\/www.luxcitizenship.com\/wp-content\/uploads\/2025\/06\/PHOTO-2024-06-23-20-38-10-scaled-1-683x1024.jpg 683w, https:\/\/www.luxcitizenship.com\/wp-content\/uploads\/2025\/06\/PHOTO-2024-06-23-20-38-10-scaled-1-768x1152.jpg 768w, https:\/\/www.luxcitizenship.com\/wp-content\/uploads\/2025\/06\/PHOTO-2024-06-23-20-38-10-scaled-1-300x450.jpg 300w\" sizes=\"(max-width: 1000px) 100vw, 1000px\" \/><\/a><\/figure><\/li><li class=\"blocks-gallery-item\"><figure><a href=\"https:\/\/www.luxcitizenship.com\/wp-content\/uploads\/2025\/06\/PHOTO-2024-06-23-20-38-10-2-scaled-1.jpg\"><img decoding=\"async\" width=\"1500\" height=\"1000\" src=\"https:\/\/www.luxcitizenship.com\/wp-content\/uploads\/2025\/06\/PHOTO-2024-06-23-20-38-10-2-scaled-1.jpg\" alt=\"PHOTO-2024-06-23-20-38-10-2-scaled\" data-id=\"40061\" data-link=\"https:\/\/www.luxcitizenship.com\/br\/photo-2024-06-23-20-38-10-2-scaled-2\/\" class=\"wp-image-40061\" srcset=\"https:\/\/www.luxcitizenship.com\/wp-content\/uploads\/2025\/06\/PHOTO-2024-06-23-20-38-10-2-scaled-1.jpg 1500w, https:\/\/www.luxcitizenship.com\/wp-content\/uploads\/2025\/06\/PHOTO-2024-06-23-20-38-10-2-scaled-1-300x200.jpg 300w, https:\/\/www.luxcitizenship.com\/wp-content\/uploads\/2025\/06\/PHOTO-2024-06-23-20-38-10-2-scaled-1-1024x683.jpg 1024w, https:\/\/www.luxcitizenship.com\/wp-content\/uploads\/2025\/06\/PHOTO-2024-06-23-20-38-10-2-scaled-1-768x512.jpg 768w, https:\/\/www.luxcitizenship.com\/wp-content\/uploads\/2025\/06\/PHOTO-2024-06-23-20-38-10-2-scaled-1-600x400.jpg 600w, https:\/\/www.luxcitizenship.com\/wp-content\/uploads\/2025\/06\/PHOTO-2024-06-23-20-38-10-2-scaled-1-1200x800.jpg 1200w, https:\/\/www.luxcitizenship.com\/wp-content\/uploads\/2025\/06\/PHOTO-2024-06-23-20-38-10-2-scaled-1-1400x933.jpg 1400w\" sizes=\"(max-width: 1500px) 100vw, 1500px\" \/><\/a><\/figure><\/li><li class=\"blocks-gallery-item\"><figure><a href=\"https:\/\/www.luxcitizenship.com\/wp-content\/uploads\/2025\/06\/PHOTO-2024-06-23-08-55-46.jpg\"><img loading=\"lazy\" decoding=\"async\" width=\"1501\" height=\"1000\" src=\"https:\/\/www.luxcitizenship.com\/wp-content\/uploads\/2025\/06\/PHOTO-2024-06-23-08-55-46.jpg\" alt=\"PHOTO-2024-06-23-08-55-46\" data-id=\"40059\" data-link=\"https:\/\/www.luxcitizenship.com\/br\/photo-2024-06-23-08-55-46-3\/\" class=\"wp-image-40059\" srcset=\"https:\/\/www.luxcitizenship.com\/wp-content\/uploads\/2025\/06\/PHOTO-2024-06-23-08-55-46.jpg 1501w, https:\/\/www.luxcitizenship.com\/wp-content\/uploads\/2025\/06\/PHOTO-2024-06-23-08-55-46-300x200.jpg 300w, https:\/\/www.luxcitizenship.com\/wp-content\/uploads\/2025\/06\/PHOTO-2024-06-23-08-55-46-1024x682.jpg 1024w, https:\/\/www.luxcitizenship.com\/wp-content\/uploads\/2025\/06\/PHOTO-2024-06-23-08-55-46-768x512.jpg 768w, https:\/\/www.luxcitizenship.com\/wp-content\/uploads\/2025\/06\/PHOTO-2024-06-23-08-55-46-600x400.jpg 600w, https:\/\/www.luxcitizenship.com\/wp-content\/uploads\/2025\/06\/PHOTO-2024-06-23-08-55-46-1200x799.jpg 1200w, https:\/\/www.luxcitizenship.com\/wp-content\/uploads\/2025\/06\/PHOTO-2024-06-23-08-55-46-1400x933.jpg 1400w\" sizes=\"(max-width: 1501px) 100vw, 1501px\" \/><\/a><\/figure><\/li><li class=\"blocks-gallery-item\"><figure><a href=\"https:\/\/www.luxcitizenship.com\/wp-content\/uploads\/2025\/06\/PHOTO-2024-06-23-08-55-46-2.jpg\"><img loading=\"lazy\" decoding=\"async\" width=\"1501\" height=\"1000\" src=\"https:\/\/www.luxcitizenship.com\/wp-content\/uploads\/2025\/06\/PHOTO-2024-06-23-08-55-46-2.jpg\" alt=\"Group of Luxembourger dual citizens in Argentina\" data-id=\"40057\" data-link=\"https:\/\/www.luxcitizenship.com\/br\/photo-2024-06-23-08-55-46-2-2\/\" class=\"wp-image-40057\" srcset=\"https:\/\/www.luxcitizenship.com\/wp-content\/uploads\/2025\/06\/PHOTO-2024-06-23-08-55-46-2.jpg 1501w, https:\/\/www.luxcitizenship.com\/wp-content\/uploads\/2025\/06\/PHOTO-2024-06-23-08-55-46-2-300x200.jpg 300w, https:\/\/www.luxcitizenship.com\/wp-content\/uploads\/2025\/06\/PHOTO-2024-06-23-08-55-46-2-1024x682.jpg 1024w, https:\/\/www.luxcitizenship.com\/wp-content\/uploads\/2025\/06\/PHOTO-2024-06-23-08-55-46-2-768x512.jpg 768w, https:\/\/www.luxcitizenship.com\/wp-content\/uploads\/2025\/06\/PHOTO-2024-06-23-08-55-46-2-600x400.jpg 600w, https:\/\/www.luxcitizenship.com\/wp-content\/uploads\/2025\/06\/PHOTO-2024-06-23-08-55-46-2-1200x799.jpg 1200w, https:\/\/www.luxcitizenship.com\/wp-content\/uploads\/2025\/06\/PHOTO-2024-06-23-08-55-46-2-1400x933.jpg 1400w\" sizes=\"(max-width: 1501px) 100vw, 1501px\" \/><\/a><\/figure><\/li><li class=\"blocks-gallery-item\"><figure><a href=\"https:\/\/www.luxcitizenship.com\/wp-content\/uploads\/2025\/06\/5-2-scaled-1.jpg\"><img loading=\"lazy\" decoding=\"async\" width=\"1500\" height=\"1000\" src=\"https:\/\/www.luxcitizenship.com\/wp-content\/uploads\/2025\/06\/5-2-scaled-1.jpg\" alt=\"5-2-scaled\" data-id=\"40055\" data-link=\"https:\/\/www.luxcitizenship.com\/br\/5-2-scaled-2\/\" class=\"wp-image-40055\" srcset=\"https:\/\/www.luxcitizenship.com\/wp-content\/uploads\/2025\/06\/5-2-scaled-1.jpg 1500w, https:\/\/www.luxcitizenship.com\/wp-content\/uploads\/2025\/06\/5-2-scaled-1-300x200.jpg 300w, https:\/\/www.luxcitizenship.com\/wp-content\/uploads\/2025\/06\/5-2-scaled-1-1024x683.jpg 1024w, https:\/\/www.luxcitizenship.com\/wp-content\/uploads\/2025\/06\/5-2-scaled-1-768x512.jpg 768w, https:\/\/www.luxcitizenship.com\/wp-content\/uploads\/2025\/06\/5-2-scaled-1-600x400.jpg 600w, https:\/\/www.luxcitizenship.com\/wp-content\/uploads\/2025\/06\/5-2-scaled-1-1200x800.jpg 1200w, https:\/\/www.luxcitizenship.com\/wp-content\/uploads\/2025\/06\/5-2-scaled-1-1400x933.jpg 1400w\" sizes=\"(max-width: 1500px) 100vw, 1500px\" \/><\/a><\/figure><\/li><\/ul>","protected":false},"excerpt":{"rendered":"<p>Os descendentes de luxemburgueses em Ros\u00e1rio (Argentina) \u00e9 um grupo que est\u00e1 estabelecido na segunda cidade da Argentina, Ros\u00e1rio. O grupo se reuniu pela primeira vez em 1994 e, neste ano (2024), comemorou seu 30\u00ba feriado nacional de Luxemburgo e a funda\u00e7\u00e3o do grupo. A bandeira luxemburguesa foi hasteada no Monumento Nacional \u00e0 Bandeira (Argentina) &hellip;<\/p>\n","protected":false},"author":1,"featured_media":0,"parent":0,"menu_order":0,"comment_status":"closed","ping_status":"closed","template":"","meta":{"_genesis_block_theme_hide_title":false,"footnotes":""},"tags":[],"class_list":["post-42423","page","type-page","status-publish","hentry","post","without-featured-image"],"yoast_head":"<!-- This site is optimized with the Yoast SEO Premium plugin v27.4 (Yoast SEO v27.4) - https:\/\/yoast.com\/product\/yoast-seo-premium-wordpress\/ -->\n<title>Filmagem em Ros\u00e1rio, Argentina - LuxCitizenship<\/title>\n<meta name=\"robots\" content=\"index, follow, max-snippet:-1, max-image-preview:large, max-video-preview:-1\" \/>\n<link rel=\"canonical\" href=\"https:\/\/www.luxcitizenship.com\/br\/filmagem-em-rosario-argentina\/\" \/>\n<meta property=\"og:locale\" content=\"pt_BR\" \/>\n<meta property=\"og:type\" content=\"article\" \/>\n<meta property=\"og:title\" content=\"Filmagem em Ros\u00e1rio, Argentina\" \/>\n<meta property=\"og:description\" content=\"Os descendentes de luxemburgueses em Ros\u00e1rio (Argentina) \u00e9 um grupo que est\u00e1 estabelecido na segunda cidade da Argentina, Ros\u00e1rio. O grupo se reuniu pela primeira vez em 1994 e, neste ano (2024), comemorou seu 30\u00ba feriado nacional de Luxemburgo e a funda\u00e7\u00e3o do grupo. A bandeira luxemburguesa foi hasteada no Monumento Nacional \u00e0 Bandeira (Argentina) &hellip;\" \/>\n<meta property=\"og:url\" content=\"https:\/\/www.luxcitizenship.com\/br\/filmagem-em-rosario-argentina\/\" \/>\n<meta property=\"og:site_name\" content=\"LuxCitizenship\" \/>\n<meta property=\"article:publisher\" content=\"http:\/\/facebook.com\/luxcitizenship\/\" \/>\n<meta property=\"article:modified_time\" content=\"2025-06-20T03:20:12+00:00\" \/>\n<meta name=\"twitter:card\" content=\"summary_large_image\" \/>\n<script type=\"application\/ld+json\" class=\"yoast-schema-graph\">{\"@context\":\"https:\\\/\\\/schema.org\",\"@graph\":[{\"@type\":\"WebPage\",\"@id\":\"https:\\\/\\\/www.luxcitizenship.com\\\/br\\\/filmagem-em-rosario-argentina\\\/\",\"url\":\"https:\\\/\\\/www.luxcitizenship.com\\\/br\\\/filmagem-em-rosario-argentina\\\/\",\"name\":\"Filmagem em Ros\u00e1rio, Argentina - LuxCitizenship\",\"isPartOf\":{\"@id\":\"https:\\\/\\\/www.luxcitizenship.com\\\/br\\\/#website\"},\"datePublished\":\"2025-06-12T19:33:51+00:00\",\"dateModified\":\"2025-06-20T03:20:12+00:00\",\"breadcrumb\":{\"@id\":\"https:\\\/\\\/www.luxcitizenship.com\\\/br\\\/filmagem-em-rosario-argentina\\\/#breadcrumb\"},\"inLanguage\":\"pt-BR\",\"potentialAction\":[{\"@type\":\"ReadAction\",\"target\":[\"https:\\\/\\\/www.luxcitizenship.com\\\/br\\\/filmagem-em-rosario-argentina\\\/\"]}]},{\"@type\":\"BreadcrumbList\",\"@id\":\"https:\\\/\\\/www.luxcitizenship.com\\\/br\\\/filmagem-em-rosario-argentina\\\/#breadcrumb\",\"itemListElement\":[{\"@type\":\"ListItem\",\"position\":1,\"name\":\"Home\",\"item\":\"https:\\\/\\\/www.luxcitizenship.com\\\/br\\\/\"},{\"@type\":\"ListItem\",\"position\":2,\"name\":\"Filmagem em Ros\u00e1rio, Argentina\"}]},{\"@type\":\"WebSite\",\"@id\":\"https:\\\/\\\/www.luxcitizenship.com\\\/br\\\/#website\",\"url\":\"https:\\\/\\\/www.luxcitizenship.com\\\/br\\\/\",\"name\":\"luxcitizenship.com\",\"description\":\"LuxCitizenship guides individuals worldwide in reclaiming Luxembourg dual citizenship through ancestry, offering expert support and fostering a global community.\",\"publisher\":{\"@id\":\"https:\\\/\\\/www.luxcitizenship.com\\\/br\\\/#organization\"},\"potentialAction\":[{\"@type\":\"SearchAction\",\"target\":{\"@type\":\"EntryPoint\",\"urlTemplate\":\"https:\\\/\\\/www.luxcitizenship.com\\\/br\\\/?s={search_term_string}\"},\"query-input\":{\"@type\":\"PropertyValueSpecification\",\"valueRequired\":true,\"valueName\":\"search_term_string\"}}],\"inLanguage\":\"pt-BR\"},{\"@type\":\"Organization\",\"@id\":\"https:\\\/\\\/www.luxcitizenship.com\\\/br\\\/#organization\",\"name\":\"luxcitizenship.com\",\"alternateName\":\"LuxCitizenship\",\"url\":\"https:\\\/\\\/www.luxcitizenship.com\\\/br\\\/\",\"logo\":{\"@type\":\"ImageObject\",\"inLanguage\":\"pt-BR\",\"@id\":\"https:\\\/\\\/www.luxcitizenship.com\\\/br\\\/#\\\/schema\\\/logo\\\/image\\\/\",\"url\":\"https:\\\/\\\/www.luxcitizenship.com\\\/wp-content\\\/uploads\\\/2025\\\/07\\\/Logo-LuxCitizenship-scaled.png\",\"contentUrl\":\"https:\\\/\\\/www.luxcitizenship.com\\\/wp-content\\\/uploads\\\/2025\\\/07\\\/Logo-LuxCitizenship-scaled.png\",\"width\":2560,\"height\":340,\"caption\":\"luxcitizenship.com\"},\"image\":{\"@id\":\"https:\\\/\\\/www.luxcitizenship.com\\\/br\\\/#\\\/schema\\\/logo\\\/image\\\/\"},\"sameAs\":[\"http:\\\/\\\/facebook.com\\\/luxcitizenship\\\/\",\"http:\\\/\\\/instagram.com\\\/lux.citizenship\\\/\"],\"description\":\"Whether you\u2019re seeking citizenship, community, or a deeper connection to your heritage, LuxCitizenship is here to help you every step of the way.\",\"email\":\"info@luxcitizenship.com\",\"telephone\":\"(917) 740-8908\",\"legalName\":\"Connaissance Solutions LLC\",\"numberOfEmployees\":{\"@type\":\"QuantitativeValue\",\"minValue\":\"11\",\"maxValue\":\"50\"}}]}<\/script>\n<!-- \/ Yoast SEO Premium plugin. -->","yoast_head_json":{"title":"Filmagem em Ros\u00e1rio, Argentina - LuxCitizenship","robots":{"index":"index","follow":"follow","max-snippet":"max-snippet:-1","max-image-preview":"max-image-preview:large","max-video-preview":"max-video-preview:-1"},"canonical":"https:\/\/www.luxcitizenship.com\/br\/filmagem-em-rosario-argentina\/","og_locale":"pt_BR","og_type":"article","og_title":"Filmagem em Ros\u00e1rio, Argentina","og_description":"Os descendentes de luxemburgueses em Ros\u00e1rio (Argentina) \u00e9 um grupo que est\u00e1 estabelecido na segunda cidade da Argentina, Ros\u00e1rio. O grupo se reuniu pela primeira vez em 1994 e, neste ano (2024), comemorou seu 30\u00ba feriado nacional de Luxemburgo e a funda\u00e7\u00e3o do grupo. A bandeira luxemburguesa foi hasteada no Monumento Nacional \u00e0 Bandeira (Argentina) &hellip;","og_url":"https:\/\/www.luxcitizenship.com\/br\/filmagem-em-rosario-argentina\/","og_site_name":"LuxCitizenship","article_publisher":"http:\/\/facebook.com\/luxcitizenship\/","article_modified_time":"2025-06-20T03:20:12+00:00","twitter_card":"summary_large_image","schema":{"@context":"https:\/\/schema.org","@graph":[{"@type":"WebPage","@id":"https:\/\/www.luxcitizenship.com\/br\/filmagem-em-rosario-argentina\/","url":"https:\/\/www.luxcitizenship.com\/br\/filmagem-em-rosario-argentina\/","name":"Filmagem em Ros\u00e1rio, Argentina - LuxCitizenship","isPartOf":{"@id":"https:\/\/www.luxcitizenship.com\/br\/#website"},"datePublished":"2025-06-12T19:33:51+00:00","dateModified":"2025-06-20T03:20:12+00:00","breadcrumb":{"@id":"https:\/\/www.luxcitizenship.com\/br\/filmagem-em-rosario-argentina\/#breadcrumb"},"inLanguage":"pt-BR","potentialAction":[{"@type":"ReadAction","target":["https:\/\/www.luxcitizenship.com\/br\/filmagem-em-rosario-argentina\/"]}]},{"@type":"BreadcrumbList","@id":"https:\/\/www.luxcitizenship.com\/br\/filmagem-em-rosario-argentina\/#breadcrumb","itemListElement":[{"@type":"ListItem","position":1,"name":"Home","item":"https:\/\/www.luxcitizenship.com\/br\/"},{"@type":"ListItem","position":2,"name":"Filmagem em Ros\u00e1rio, Argentina"}]},{"@type":"WebSite","@id":"https:\/\/www.luxcitizenship.com\/br\/#website","url":"https:\/\/www.luxcitizenship.com\/br\/","name":"luxcitizenship.com","description":"LuxCitizenship guides individuals worldwide in reclaiming Luxembourg dual citizenship through ancestry, offering expert support and fostering a global community.","publisher":{"@id":"https:\/\/www.luxcitizenship.com\/br\/#organization"},"potentialAction":[{"@type":"SearchAction","target":{"@type":"EntryPoint","urlTemplate":"https:\/\/www.luxcitizenship.com\/br\/?s={search_term_string}"},"query-input":{"@type":"PropertyValueSpecification","valueRequired":true,"valueName":"search_term_string"}}],"inLanguage":"pt-BR"},{"@type":"Organization","@id":"https:\/\/www.luxcitizenship.com\/br\/#organization","name":"luxcitizenship.com","alternateName":"LuxCitizenship","url":"https:\/\/www.luxcitizenship.com\/br\/","logo":{"@type":"ImageObject","inLanguage":"pt-BR","@id":"https:\/\/www.luxcitizenship.com\/br\/#\/schema\/logo\/image\/","url":"https:\/\/www.luxcitizenship.com\/wp-content\/uploads\/2025\/07\/Logo-LuxCitizenship-scaled.png","contentUrl":"https:\/\/www.luxcitizenship.com\/wp-content\/uploads\/2025\/07\/Logo-LuxCitizenship-scaled.png","width":2560,"height":340,"caption":"luxcitizenship.com"},"image":{"@id":"https:\/\/www.luxcitizenship.com\/br\/#\/schema\/logo\/image\/"},"sameAs":["http:\/\/facebook.com\/luxcitizenship\/","http:\/\/instagram.com\/lux.citizenship\/"],"description":"Whether you\u2019re seeking citizenship, community, or a deeper connection to your heritage, LuxCitizenship is here to help you every step of the way.","email":"info@luxcitizenship.com","telephone":"(917) 740-8908","legalName":"Connaissance Solutions LLC","numberOfEmployees":{"@type":"QuantitativeValue","minValue":"11","maxValue":"50"}}]}},"featured_image_src":null,"featured_image_src_square":null,"_links":{"self":[{"href":"https:\/\/www.luxcitizenship.com\/br\/wp-json\/wp\/v2\/pages\/42423","targetHints":{"allow":["GET"]}}],"collection":[{"href":"https:\/\/www.luxcitizenship.com\/br\/wp-json\/wp\/v2\/pages"}],"about":[{"href":"https:\/\/www.luxcitizenship.com\/br\/wp-json\/wp\/v2\/types\/page"}],"author":[{"embeddable":true,"href":"https:\/\/www.luxcitizenship.com\/br\/wp-json\/wp\/v2\/users\/1"}],"replies":[{"embeddable":true,"href":"https:\/\/www.luxcitizenship.com\/br\/wp-json\/wp\/v2\/comments?post=42423"}],"version-history":[{"count":0,"href":"https:\/\/www.luxcitizenship.com\/br\/wp-json\/wp\/v2\/pages\/42423\/revisions"}],"wp:attachment":[{"href":"https:\/\/www.luxcitizenship.com\/br\/wp-json\/wp\/v2\/media?parent=42423"}],"wp:term":[{"taxonomy":"post_tag","embeddable":true,"href":"https:\/\/www.luxcitizenship.com\/br\/wp-json\/wp\/v2\/tags?post=42423"}],"curies":[{"name":"wp","href":"https:\/\/api.w.org\/{rel}","templated":true}]}}