{"id":42411,"date":"2025-06-12T15:31:24","date_gmt":"2025-06-12T19:31:24","guid":{"rendered":"https:\/\/ko3g503ir7-staging.onrocket.site\/reunioes-com-clientes-e-parceiros\/"},"modified":"2025-06-19T23:16:58","modified_gmt":"2025-06-20T03:16:58","slug":"reunioes-com-clientes-e-parceiros","status":"publish","type":"page","link":"https:\/\/www.luxcitizenship.com\/br\/reunioes-com-clientes-e-parceiros\/","title":{"rendered":"Reuni\u00f5es com clientes e parceiros"},"content":{"rendered":"\n<p>Confira as fotos de reuni\u00f5es com nossos clientes e organiza\u00e7\u00f5es parceiras ao longo dos anos em Luxemburgo (e algumas em outros lugares). Al\u00e9m disso, este \u00e1lbum tamb\u00e9m apresenta alguns de nossos clientes comemorando marcos importantes, como a obten\u00e7\u00e3o de seus primeiros passaportes. <\/p>\n<ul data-count=\"16\" class=\"wp-block-gallery alignundefined columns-3 is-cropped\"><li class=\"blocks-gallery-item\"><figure><img fetchpriority=\"high\" decoding=\"async\" width=\"1000\" height=\"1333\" src=\"https:\/\/www.luxcitizenship.com\/wp-content\/uploads\/2025\/06\/jungers-scaled-1.jpg\" alt=\"jungers-scaled\" data-id=\"40438\" data-link=\"https:\/\/www.luxcitizenship.com\/br\/jungers-scaled-2\/\" class=\"wp-image-40438\" srcset=\"https:\/\/www.luxcitizenship.com\/wp-content\/uploads\/2025\/06\/jungers-scaled-1.jpg 1000w, https:\/\/www.luxcitizenship.com\/wp-content\/uploads\/2025\/06\/jungers-scaled-1-225x300.jpg 225w, https:\/\/www.luxcitizenship.com\/wp-content\/uploads\/2025\/06\/jungers-scaled-1-768x1024.jpg 768w, https:\/\/www.luxcitizenship.com\/wp-content\/uploads\/2025\/06\/jungers-scaled-1-300x400.jpg 300w\" sizes=\"(max-width: 1000px) 100vw, 1000px\" \/><\/figure><\/li><li class=\"blocks-gallery-item\"><figure><img decoding=\"async\" width=\"1909\" height=\"1000\" src=\"https:\/\/www.luxcitizenship.com\/wp-content\/uploads\/2025\/06\/270580158_1309511032854974_2918037061374434219_n.jpg\" alt=\"270580158_1309511032854974_2918037061374434219_n\" data-id=\"40436\" data-link=\"https:\/\/www.luxcitizenship.com\/br\/270580158_1309511032854974_2918037061374434219_n-2\/\" class=\"wp-image-40436\" srcset=\"https:\/\/www.luxcitizenship.com\/wp-content\/uploads\/2025\/06\/270580158_1309511032854974_2918037061374434219_n.jpg 1909w, https:\/\/www.luxcitizenship.com\/wp-content\/uploads\/2025\/06\/270580158_1309511032854974_2918037061374434219_n-300x157.jpg 300w, https:\/\/www.luxcitizenship.com\/wp-content\/uploads\/2025\/06\/270580158_1309511032854974_2918037061374434219_n-1024x536.jpg 1024w, https:\/\/www.luxcitizenship.com\/wp-content\/uploads\/2025\/06\/270580158_1309511032854974_2918037061374434219_n-768x402.jpg 768w, https:\/\/www.luxcitizenship.com\/wp-content\/uploads\/2025\/06\/270580158_1309511032854974_2918037061374434219_n-1536x805.jpg 1536w, https:\/\/www.luxcitizenship.com\/wp-content\/uploads\/2025\/06\/270580158_1309511032854974_2918037061374434219_n-1200x629.jpg 1200w, https:\/\/www.luxcitizenship.com\/wp-content\/uploads\/2025\/06\/270580158_1309511032854974_2918037061374434219_n-1400x733.jpg 1400w\" sizes=\"(max-width: 1909px) 100vw, 1909px\" \/><\/figure><\/li><li class=\"blocks-gallery-item\"><figure><img decoding=\"async\" width=\"1000\" height=\"1215\" src=\"https:\/\/www.luxcitizenship.com\/wp-content\/uploads\/2025\/06\/declaration-client.jpg\" alt=\"declaration-client\" data-id=\"40434\" data-link=\"https:\/\/www.luxcitizenship.com\/br\/declaration-client-3\/\" class=\"wp-image-40434\" srcset=\"https:\/\/www.luxcitizenship.com\/wp-content\/uploads\/2025\/06\/declaration-client.jpg 1000w, https:\/\/www.luxcitizenship.com\/wp-content\/uploads\/2025\/06\/declaration-client-247x300.jpg 247w, https:\/\/www.luxcitizenship.com\/wp-content\/uploads\/2025\/06\/declaration-client-843x1024.jpg 843w, https:\/\/www.luxcitizenship.com\/wp-content\/uploads\/2025\/06\/declaration-client-768x933.jpg 768w, https:\/\/www.luxcitizenship.com\/wp-content\/uploads\/2025\/06\/declaration-client-300x365.jpg 300w\" sizes=\"(max-width: 1000px) 100vw, 1000px\" \/><\/figure><\/li><li class=\"blocks-gallery-item\"><figure><img loading=\"lazy\" decoding=\"async\" width=\"1000\" height=\"1333\" src=\"https:\/\/www.luxcitizenship.com\/wp-content\/uploads\/2025\/06\/image0-scaled-1.jpg\" alt=\"image0-scaled\" data-id=\"40432\" data-link=\"https:\/\/www.luxcitizenship.com\/br\/image0-scaled-2\/\" class=\"wp-image-40432\" srcset=\"https:\/\/www.luxcitizenship.com\/wp-content\/uploads\/2025\/06\/image0-scaled-1.jpg 1000w, https:\/\/www.luxcitizenship.com\/wp-content\/uploads\/2025\/06\/image0-scaled-1-225x300.jpg 225w, https:\/\/www.luxcitizenship.com\/wp-content\/uploads\/2025\/06\/image0-scaled-1-768x1024.jpg 768w, https:\/\/www.luxcitizenship.com\/wp-content\/uploads\/2025\/06\/image0-scaled-1-300x400.jpg 300w\" sizes=\"(max-width: 1000px) 100vw, 1000px\" \/><\/figure><\/li><li class=\"blocks-gallery-item\"><figure><img loading=\"lazy\" decoding=\"async\" width=\"1000\" height=\"1333\" src=\"https:\/\/www.luxcitizenship.com\/wp-content\/uploads\/2025\/06\/IMG_0783-scaled-1.jpg\" alt=\"IMG_0783-scaled\" data-id=\"40430\" data-link=\"https:\/\/www.luxcitizenship.com\/br\/img_0783-scaled-2\/\" class=\"wp-image-40430\" srcset=\"https:\/\/www.luxcitizenship.com\/wp-content\/uploads\/2025\/06\/IMG_0783-scaled-1.jpg 1000w, https:\/\/www.luxcitizenship.com\/wp-content\/uploads\/2025\/06\/IMG_0783-scaled-1-225x300.jpg 225w, https:\/\/www.luxcitizenship.com\/wp-content\/uploads\/2025\/06\/IMG_0783-scaled-1-768x1024.jpg 768w, https:\/\/www.luxcitizenship.com\/wp-content\/uploads\/2025\/06\/IMG_0783-scaled-1-300x400.jpg 300w\" sizes=\"(max-width: 1000px) 100vw, 1000px\" \/><\/figure><\/li><li class=\"blocks-gallery-item\"><figure><img loading=\"lazy\" decoding=\"async\" width=\"1333\" height=\"1000\" src=\"https:\/\/www.luxcitizenship.com\/wp-content\/uploads\/2025\/06\/IMG_1674-scaled-1.jpg\" alt=\"IMG_1674-scaled\" data-id=\"40428\" data-link=\"https:\/\/www.luxcitizenship.com\/br\/img_1674-scaled-2\/\" class=\"wp-image-40428\" srcset=\"https:\/\/www.luxcitizenship.com\/wp-content\/uploads\/2025\/06\/IMG_1674-scaled-1.jpg 1333w, https:\/\/www.luxcitizenship.com\/wp-content\/uploads\/2025\/06\/IMG_1674-scaled-1-300x225.jpg 300w, https:\/\/www.luxcitizenship.com\/wp-content\/uploads\/2025\/06\/IMG_1674-scaled-1-1024x768.jpg 1024w, https:\/\/www.luxcitizenship.com\/wp-content\/uploads\/2025\/06\/IMG_1674-scaled-1-768x576.jpg 768w, https:\/\/www.luxcitizenship.com\/wp-content\/uploads\/2025\/06\/IMG_1674-scaled-1-1200x900.jpg 1200w\" sizes=\"(max-width: 1333px) 100vw, 1333px\" \/><\/figure><\/li><li class=\"blocks-gallery-item\"><figure><img loading=\"lazy\" decoding=\"async\" width=\"1000\" height=\"1333\" src=\"https:\/\/www.luxcitizenship.com\/wp-content\/uploads\/2025\/06\/IMG_2174-scaled-1.jpg\" alt=\"IMG_2174-scaled\" data-id=\"40426\" data-link=\"https:\/\/www.luxcitizenship.com\/br\/img_2174-scaled-2\/\" class=\"wp-image-40426\" srcset=\"https:\/\/www.luxcitizenship.com\/wp-content\/uploads\/2025\/06\/IMG_2174-scaled-1.jpg 1000w, https:\/\/www.luxcitizenship.com\/wp-content\/uploads\/2025\/06\/IMG_2174-scaled-1-225x300.jpg 225w, https:\/\/www.luxcitizenship.com\/wp-content\/uploads\/2025\/06\/IMG_2174-scaled-1-768x1024.jpg 768w, https:\/\/www.luxcitizenship.com\/wp-content\/uploads\/2025\/06\/IMG_2174-scaled-1-300x400.jpg 300w\" sizes=\"(max-width: 1000px) 100vw, 1000px\" \/><\/figure><\/li><li class=\"blocks-gallery-item\"><figure><img loading=\"lazy\" decoding=\"async\" width=\"960\" height=\"1280\" src=\"https:\/\/www.luxcitizenship.com\/wp-content\/uploads\/2025\/06\/IMG_4164.jpg\" alt=\"IMG_4164\" data-id=\"40424\" data-link=\"https:\/\/www.luxcitizenship.com\/br\/img_4164-3\/\" class=\"wp-image-40424\" srcset=\"https:\/\/www.luxcitizenship.com\/wp-content\/uploads\/2025\/06\/IMG_4164.jpg 960w, https:\/\/www.luxcitizenship.com\/wp-content\/uploads\/2025\/06\/IMG_4164-225x300.jpg 225w, https:\/\/www.luxcitizenship.com\/wp-content\/uploads\/2025\/06\/IMG_4164-768x1024.jpg 768w, https:\/\/www.luxcitizenship.com\/wp-content\/uploads\/2025\/06\/IMG_4164-300x400.jpg 300w\" sizes=\"(max-width: 960px) 100vw, 960px\" \/><\/figure><\/li><li class=\"blocks-gallery-item\"><figure><img loading=\"lazy\" decoding=\"async\" width=\"1000\" height=\"1333\" src=\"https:\/\/www.luxcitizenship.com\/wp-content\/uploads\/2025\/06\/IMG_6287-scaled-1.jpg\" alt=\"IMG_6287-scaled\" data-id=\"40422\" data-link=\"https:\/\/www.luxcitizenship.com\/br\/img_6287-scaled-2\/\" class=\"wp-image-40422\" srcset=\"https:\/\/www.luxcitizenship.com\/wp-content\/uploads\/2025\/06\/IMG_6287-scaled-1.jpg 1000w, https:\/\/www.luxcitizenship.com\/wp-content\/uploads\/2025\/06\/IMG_6287-scaled-1-225x300.jpg 225w, https:\/\/www.luxcitizenship.com\/wp-content\/uploads\/2025\/06\/IMG_6287-scaled-1-768x1024.jpg 768w, https:\/\/www.luxcitizenship.com\/wp-content\/uploads\/2025\/06\/IMG_6287-scaled-1-300x400.jpg 300w\" sizes=\"(max-width: 1000px) 100vw, 1000px\" \/><\/figure><\/li><li class=\"blocks-gallery-item\"><figure><img loading=\"lazy\" decoding=\"async\" width=\"1000\" height=\"1333\" src=\"https:\/\/www.luxcitizenship.com\/wp-content\/uploads\/2025\/06\/IMG_8596-scaled-1.jpg\" alt=\"IMG_8596-scaled\" data-id=\"40420\" data-link=\"https:\/\/www.luxcitizenship.com\/br\/img_8596-scaled-2\/\" class=\"wp-image-40420\" srcset=\"https:\/\/www.luxcitizenship.com\/wp-content\/uploads\/2025\/06\/IMG_8596-scaled-1.jpg 1000w, https:\/\/www.luxcitizenship.com\/wp-content\/uploads\/2025\/06\/IMG_8596-scaled-1-225x300.jpg 225w, https:\/\/www.luxcitizenship.com\/wp-content\/uploads\/2025\/06\/IMG_8596-scaled-1-768x1024.jpg 768w, https:\/\/www.luxcitizenship.com\/wp-content\/uploads\/2025\/06\/IMG_8596-scaled-1-300x400.jpg 300w\" sizes=\"(max-width: 1000px) 100vw, 1000px\" \/><\/figure><\/li><li class=\"blocks-gallery-item\"><figure><img loading=\"lazy\" decoding=\"async\" width=\"1000\" height=\"1333\" src=\"https:\/\/www.luxcitizenship.com\/wp-content\/uploads\/2025\/06\/IMG_9221-scaled-1.jpg\" alt=\"IMG_9221-scaled\" data-id=\"40418\" data-link=\"https:\/\/www.luxcitizenship.com\/br\/img_9221-scaled-2\/\" class=\"wp-image-40418\" srcset=\"https:\/\/www.luxcitizenship.com\/wp-content\/uploads\/2025\/06\/IMG_9221-scaled-1.jpg 1000w, https:\/\/www.luxcitizenship.com\/wp-content\/uploads\/2025\/06\/IMG_9221-scaled-1-225x300.jpg 225w, https:\/\/www.luxcitizenship.com\/wp-content\/uploads\/2025\/06\/IMG_9221-scaled-1-768x1024.jpg 768w, https:\/\/www.luxcitizenship.com\/wp-content\/uploads\/2025\/06\/IMG_9221-scaled-1-300x400.jpg 300w\" sizes=\"(max-width: 1000px) 100vw, 1000px\" \/><\/figure><\/li><li class=\"blocks-gallery-item\"><figure><img loading=\"lazy\" decoding=\"async\" width=\"1333\" height=\"1000\" src=\"https:\/\/www.luxcitizenship.com\/wp-content\/uploads\/2025\/06\/IMG_9226-scaled-1.jpg\" alt=\"IMG_9226-scaled\" data-id=\"40416\" data-link=\"https:\/\/www.luxcitizenship.com\/br\/img_9226-scaled-2\/\" class=\"wp-image-40416\" srcset=\"https:\/\/www.luxcitizenship.com\/wp-content\/uploads\/2025\/06\/IMG_9226-scaled-1.jpg 1333w, https:\/\/www.luxcitizenship.com\/wp-content\/uploads\/2025\/06\/IMG_9226-scaled-1-300x225.jpg 300w, https:\/\/www.luxcitizenship.com\/wp-content\/uploads\/2025\/06\/IMG_9226-scaled-1-1024x768.jpg 1024w, https:\/\/www.luxcitizenship.com\/wp-content\/uploads\/2025\/06\/IMG_9226-scaled-1-768x576.jpg 768w, https:\/\/www.luxcitizenship.com\/wp-content\/uploads\/2025\/06\/IMG_9226-scaled-1-1200x900.jpg 1200w\" sizes=\"(max-width: 1333px) 100vw, 1333px\" \/><\/figure><\/li><li class=\"blocks-gallery-item\"><figure><img loading=\"lazy\" decoding=\"async\" width=\"1000\" height=\"1333\" src=\"https:\/\/www.luxcitizenship.com\/wp-content\/uploads\/2025\/06\/IMG_9227-scaled-1.jpg\" alt=\"IMG_9227-scaled\" data-id=\"40414\" data-link=\"https:\/\/www.luxcitizenship.com\/br\/img_9227-scaled-2\/\" class=\"wp-image-40414\" srcset=\"https:\/\/www.luxcitizenship.com\/wp-content\/uploads\/2025\/06\/IMG_9227-scaled-1.jpg 1000w, https:\/\/www.luxcitizenship.com\/wp-content\/uploads\/2025\/06\/IMG_9227-scaled-1-225x300.jpg 225w, https:\/\/www.luxcitizenship.com\/wp-content\/uploads\/2025\/06\/IMG_9227-scaled-1-768x1024.jpg 768w, https:\/\/www.luxcitizenship.com\/wp-content\/uploads\/2025\/06\/IMG_9227-scaled-1-300x400.jpg 300w\" sizes=\"(max-width: 1000px) 100vw, 1000px\" \/><\/figure><\/li><li class=\"blocks-gallery-item\"><figure><img loading=\"lazy\" decoding=\"async\" width=\"1000\" height=\"1333\" src=\"https:\/\/www.luxcitizenship.com\/wp-content\/uploads\/2025\/06\/IMG_9229-scaled-1.jpg\" alt=\"IMG_9229-scaled\" data-id=\"40412\" data-link=\"https:\/\/www.luxcitizenship.com\/br\/img_9229-scaled-2\/\" class=\"wp-image-40412\" srcset=\"https:\/\/www.luxcitizenship.com\/wp-content\/uploads\/2025\/06\/IMG_9229-scaled-1.jpg 1000w, https:\/\/www.luxcitizenship.com\/wp-content\/uploads\/2025\/06\/IMG_9229-scaled-1-225x300.jpg 225w, https:\/\/www.luxcitizenship.com\/wp-content\/uploads\/2025\/06\/IMG_9229-scaled-1-768x1024.jpg 768w, https:\/\/www.luxcitizenship.com\/wp-content\/uploads\/2025\/06\/IMG_9229-scaled-1-300x400.jpg 300w\" sizes=\"(max-width: 1000px) 100vw, 1000px\" \/><\/figure><\/li><li class=\"blocks-gallery-item\"><figure><img loading=\"lazy\" decoding=\"async\" width=\"1333\" height=\"1000\" src=\"https:\/\/www.luxcitizenship.com\/wp-content\/uploads\/2025\/06\/IMG_9230-scaled-1.jpg\" alt=\"Group of dual citizens in Luxembourg\" data-id=\"40410\" data-link=\"https:\/\/www.luxcitizenship.com\/br\/img_9230-scaled-2\/\" class=\"wp-image-40410\" srcset=\"https:\/\/www.luxcitizenship.com\/wp-content\/uploads\/2025\/06\/IMG_9230-scaled-1.jpg 1333w, https:\/\/www.luxcitizenship.com\/wp-content\/uploads\/2025\/06\/IMG_9230-scaled-1-300x225.jpg 300w, https:\/\/www.luxcitizenship.com\/wp-content\/uploads\/2025\/06\/IMG_9230-scaled-1-1024x768.jpg 1024w, https:\/\/www.luxcitizenship.com\/wp-content\/uploads\/2025\/06\/IMG_9230-scaled-1-768x576.jpg 768w, https:\/\/www.luxcitizenship.com\/wp-content\/uploads\/2025\/06\/IMG_9230-scaled-1-1200x900.jpg 1200w\" sizes=\"(max-width: 1333px) 100vw, 1333px\" \/><\/figure><\/li><li class=\"blocks-gallery-item\"><figure><img loading=\"lazy\" decoding=\"async\" width=\"1000\" height=\"1478\" src=\"https:\/\/www.luxcitizenship.com\/wp-content\/uploads\/2025\/06\/IMG_9504-scaled-1.jpg\" alt=\"IMG_9504-scaled\" data-id=\"40408\" data-link=\"https:\/\/www.luxcitizenship.com\/br\/img_9504-scaled-2\/\" class=\"wp-image-40408\" srcset=\"https:\/\/www.luxcitizenship.com\/wp-content\/uploads\/2025\/06\/IMG_9504-scaled-1.jpg 1000w, https:\/\/www.luxcitizenship.com\/wp-content\/uploads\/2025\/06\/IMG_9504-scaled-1-203x300.jpg 203w, https:\/\/www.luxcitizenship.com\/wp-content\/uploads\/2025\/06\/IMG_9504-scaled-1-693x1024.jpg 693w, https:\/\/www.luxcitizenship.com\/wp-content\/uploads\/2025\/06\/IMG_9504-scaled-1-768x1135.jpg 768w, https:\/\/www.luxcitizenship.com\/wp-content\/uploads\/2025\/06\/IMG_9504-scaled-1-300x443.jpg 300w\" sizes=\"(max-width: 1000px) 100vw, 1000px\" \/><\/figure><\/li><\/ul>","protected":false},"excerpt":{"rendered":"<p>Confira as fotos de reuni\u00f5es com nossos clientes e organiza\u00e7\u00f5es parceiras ao longo dos anos em Luxemburgo (e algumas em outros lugares). Al\u00e9m disso, este \u00e1lbum tamb\u00e9m apresenta alguns de nossos clientes comemorando marcos importantes, como a obten\u00e7\u00e3o de seus primeiros passaportes.<\/p>\n","protected":false},"author":1,"featured_media":0,"parent":0,"menu_order":0,"comment_status":"closed","ping_status":"closed","template":"","meta":{"_genesis_block_theme_hide_title":false,"footnotes":""},"tags":[],"class_list":["post-42411","page","type-page","status-publish","hentry","post","without-featured-image"],"yoast_head":"<!-- This site is optimized with the Yoast SEO Premium plugin v27.3 (Yoast SEO v27.3) - https:\/\/yoast.com\/product\/yoast-seo-premium-wordpress\/ -->\n<title>Reuni\u00f5es com clientes e parceiros - LuxCitizenship<\/title>\n<meta name=\"robots\" content=\"index, follow, max-snippet:-1, max-image-preview:large, max-video-preview:-1\" \/>\n<link rel=\"canonical\" href=\"https:\/\/www.luxcitizenship.com\/br\/reunioes-com-clientes-e-parceiros\/\" \/>\n<meta property=\"og:locale\" content=\"pt_BR\" \/>\n<meta property=\"og:type\" content=\"article\" \/>\n<meta property=\"og:title\" content=\"Reuni\u00f5es com clientes e parceiros\" \/>\n<meta property=\"og:description\" content=\"Confira as fotos de reuni\u00f5es com nossos clientes e organiza\u00e7\u00f5es parceiras ao longo dos anos em Luxemburgo (e algumas em outros lugares). Al\u00e9m disso, este \u00e1lbum tamb\u00e9m apresenta alguns de nossos clientes comemorando marcos importantes, como a obten\u00e7\u00e3o de seus primeiros passaportes.\" \/>\n<meta property=\"og:url\" content=\"https:\/\/www.luxcitizenship.com\/br\/reunioes-com-clientes-e-parceiros\/\" \/>\n<meta property=\"og:site_name\" content=\"LuxCitizenship\" \/>\n<meta property=\"article:publisher\" content=\"http:\/\/facebook.com\/luxcitizenship\/\" \/>\n<meta property=\"article:modified_time\" content=\"2025-06-20T03:16:58+00:00\" \/>\n<meta name=\"twitter:card\" content=\"summary_large_image\" \/>\n<script type=\"application\/ld+json\" class=\"yoast-schema-graph\">{\"@context\":\"https:\\\/\\\/schema.org\",\"@graph\":[{\"@type\":\"WebPage\",\"@id\":\"https:\\\/\\\/www.luxcitizenship.com\\\/br\\\/reunioes-com-clientes-e-parceiros\\\/\",\"url\":\"https:\\\/\\\/www.luxcitizenship.com\\\/br\\\/reunioes-com-clientes-e-parceiros\\\/\",\"name\":\"Reuni\u00f5es com clientes e parceiros - LuxCitizenship\",\"isPartOf\":{\"@id\":\"https:\\\/\\\/www.luxcitizenship.com\\\/br\\\/#website\"},\"datePublished\":\"2025-06-12T19:31:24+00:00\",\"dateModified\":\"2025-06-20T03:16:58+00:00\",\"breadcrumb\":{\"@id\":\"https:\\\/\\\/www.luxcitizenship.com\\\/br\\\/reunioes-com-clientes-e-parceiros\\\/#breadcrumb\"},\"inLanguage\":\"pt-BR\",\"potentialAction\":[{\"@type\":\"ReadAction\",\"target\":[\"https:\\\/\\\/www.luxcitizenship.com\\\/br\\\/reunioes-com-clientes-e-parceiros\\\/\"]}]},{\"@type\":\"BreadcrumbList\",\"@id\":\"https:\\\/\\\/www.luxcitizenship.com\\\/br\\\/reunioes-com-clientes-e-parceiros\\\/#breadcrumb\",\"itemListElement\":[{\"@type\":\"ListItem\",\"position\":1,\"name\":\"Home\",\"item\":\"https:\\\/\\\/www.luxcitizenship.com\\\/br\\\/\"},{\"@type\":\"ListItem\",\"position\":2,\"name\":\"Reuni\u00f5es com clientes e parceiros\"}]},{\"@type\":\"WebSite\",\"@id\":\"https:\\\/\\\/www.luxcitizenship.com\\\/br\\\/#website\",\"url\":\"https:\\\/\\\/www.luxcitizenship.com\\\/br\\\/\",\"name\":\"luxcitizenship.com\",\"description\":\"LuxCitizenship guides individuals worldwide in reclaiming Luxembourg dual citizenship through ancestry, offering expert support and fostering a global community.\",\"publisher\":{\"@id\":\"https:\\\/\\\/www.luxcitizenship.com\\\/br\\\/#organization\"},\"potentialAction\":[{\"@type\":\"SearchAction\",\"target\":{\"@type\":\"EntryPoint\",\"urlTemplate\":\"https:\\\/\\\/www.luxcitizenship.com\\\/br\\\/?s={search_term_string}\"},\"query-input\":{\"@type\":\"PropertyValueSpecification\",\"valueRequired\":true,\"valueName\":\"search_term_string\"}}],\"inLanguage\":\"pt-BR\"},{\"@type\":\"Organization\",\"@id\":\"https:\\\/\\\/www.luxcitizenship.com\\\/br\\\/#organization\",\"name\":\"luxcitizenship.com\",\"alternateName\":\"LuxCitizenship\",\"url\":\"https:\\\/\\\/www.luxcitizenship.com\\\/br\\\/\",\"logo\":{\"@type\":\"ImageObject\",\"inLanguage\":\"pt-BR\",\"@id\":\"https:\\\/\\\/www.luxcitizenship.com\\\/br\\\/#\\\/schema\\\/logo\\\/image\\\/\",\"url\":\"https:\\\/\\\/www.luxcitizenship.com\\\/wp-content\\\/uploads\\\/2025\\\/07\\\/Logo-LuxCitizenship-scaled.png\",\"contentUrl\":\"https:\\\/\\\/www.luxcitizenship.com\\\/wp-content\\\/uploads\\\/2025\\\/07\\\/Logo-LuxCitizenship-scaled.png\",\"width\":2560,\"height\":340,\"caption\":\"luxcitizenship.com\"},\"image\":{\"@id\":\"https:\\\/\\\/www.luxcitizenship.com\\\/br\\\/#\\\/schema\\\/logo\\\/image\\\/\"},\"sameAs\":[\"http:\\\/\\\/facebook.com\\\/luxcitizenship\\\/\",\"http:\\\/\\\/instagram.com\\\/lux.citizenship\\\/\"],\"description\":\"Whether you\u2019re seeking citizenship, community, or a deeper connection to your heritage, LuxCitizenship is here to help you every step of the way.\",\"email\":\"info@luxcitizenship.com\",\"telephone\":\"(917) 740-8908\",\"legalName\":\"Connaissance Solutions LLC\",\"numberOfEmployees\":{\"@type\":\"QuantitativeValue\",\"minValue\":\"11\",\"maxValue\":\"50\"}}]}<\/script>\n<!-- \/ Yoast SEO Premium plugin. -->","yoast_head_json":{"title":"Reuni\u00f5es com clientes e parceiros - LuxCitizenship","robots":{"index":"index","follow":"follow","max-snippet":"max-snippet:-1","max-image-preview":"max-image-preview:large","max-video-preview":"max-video-preview:-1"},"canonical":"https:\/\/www.luxcitizenship.com\/br\/reunioes-com-clientes-e-parceiros\/","og_locale":"pt_BR","og_type":"article","og_title":"Reuni\u00f5es com clientes e parceiros","og_description":"Confira as fotos de reuni\u00f5es com nossos clientes e organiza\u00e7\u00f5es parceiras ao longo dos anos em Luxemburgo (e algumas em outros lugares). Al\u00e9m disso, este \u00e1lbum tamb\u00e9m apresenta alguns de nossos clientes comemorando marcos importantes, como a obten\u00e7\u00e3o de seus primeiros passaportes.","og_url":"https:\/\/www.luxcitizenship.com\/br\/reunioes-com-clientes-e-parceiros\/","og_site_name":"LuxCitizenship","article_publisher":"http:\/\/facebook.com\/luxcitizenship\/","article_modified_time":"2025-06-20T03:16:58+00:00","twitter_card":"summary_large_image","schema":{"@context":"https:\/\/schema.org","@graph":[{"@type":"WebPage","@id":"https:\/\/www.luxcitizenship.com\/br\/reunioes-com-clientes-e-parceiros\/","url":"https:\/\/www.luxcitizenship.com\/br\/reunioes-com-clientes-e-parceiros\/","name":"Reuni\u00f5es com clientes e parceiros - LuxCitizenship","isPartOf":{"@id":"https:\/\/www.luxcitizenship.com\/br\/#website"},"datePublished":"2025-06-12T19:31:24+00:00","dateModified":"2025-06-20T03:16:58+00:00","breadcrumb":{"@id":"https:\/\/www.luxcitizenship.com\/br\/reunioes-com-clientes-e-parceiros\/#breadcrumb"},"inLanguage":"pt-BR","potentialAction":[{"@type":"ReadAction","target":["https:\/\/www.luxcitizenship.com\/br\/reunioes-com-clientes-e-parceiros\/"]}]},{"@type":"BreadcrumbList","@id":"https:\/\/www.luxcitizenship.com\/br\/reunioes-com-clientes-e-parceiros\/#breadcrumb","itemListElement":[{"@type":"ListItem","position":1,"name":"Home","item":"https:\/\/www.luxcitizenship.com\/br\/"},{"@type":"ListItem","position":2,"name":"Reuni\u00f5es com clientes e parceiros"}]},{"@type":"WebSite","@id":"https:\/\/www.luxcitizenship.com\/br\/#website","url":"https:\/\/www.luxcitizenship.com\/br\/","name":"luxcitizenship.com","description":"LuxCitizenship guides individuals worldwide in reclaiming Luxembourg dual citizenship through ancestry, offering expert support and fostering a global community.","publisher":{"@id":"https:\/\/www.luxcitizenship.com\/br\/#organization"},"potentialAction":[{"@type":"SearchAction","target":{"@type":"EntryPoint","urlTemplate":"https:\/\/www.luxcitizenship.com\/br\/?s={search_term_string}"},"query-input":{"@type":"PropertyValueSpecification","valueRequired":true,"valueName":"search_term_string"}}],"inLanguage":"pt-BR"},{"@type":"Organization","@id":"https:\/\/www.luxcitizenship.com\/br\/#organization","name":"luxcitizenship.com","alternateName":"LuxCitizenship","url":"https:\/\/www.luxcitizenship.com\/br\/","logo":{"@type":"ImageObject","inLanguage":"pt-BR","@id":"https:\/\/www.luxcitizenship.com\/br\/#\/schema\/logo\/image\/","url":"https:\/\/www.luxcitizenship.com\/wp-content\/uploads\/2025\/07\/Logo-LuxCitizenship-scaled.png","contentUrl":"https:\/\/www.luxcitizenship.com\/wp-content\/uploads\/2025\/07\/Logo-LuxCitizenship-scaled.png","width":2560,"height":340,"caption":"luxcitizenship.com"},"image":{"@id":"https:\/\/www.luxcitizenship.com\/br\/#\/schema\/logo\/image\/"},"sameAs":["http:\/\/facebook.com\/luxcitizenship\/","http:\/\/instagram.com\/lux.citizenship\/"],"description":"Whether you\u2019re seeking citizenship, community, or a deeper connection to your heritage, LuxCitizenship is here to help you every step of the way.","email":"info@luxcitizenship.com","telephone":"(917) 740-8908","legalName":"Connaissance Solutions LLC","numberOfEmployees":{"@type":"QuantitativeValue","minValue":"11","maxValue":"50"}}]}},"featured_image_src":null,"featured_image_src_square":null,"_links":{"self":[{"href":"https:\/\/www.luxcitizenship.com\/br\/wp-json\/wp\/v2\/pages\/42411","targetHints":{"allow":["GET"]}}],"collection":[{"href":"https:\/\/www.luxcitizenship.com\/br\/wp-json\/wp\/v2\/pages"}],"about":[{"href":"https:\/\/www.luxcitizenship.com\/br\/wp-json\/wp\/v2\/types\/page"}],"author":[{"embeddable":true,"href":"https:\/\/www.luxcitizenship.com\/br\/wp-json\/wp\/v2\/users\/1"}],"replies":[{"embeddable":true,"href":"https:\/\/www.luxcitizenship.com\/br\/wp-json\/wp\/v2\/comments?post=42411"}],"version-history":[{"count":0,"href":"https:\/\/www.luxcitizenship.com\/br\/wp-json\/wp\/v2\/pages\/42411\/revisions"}],"wp:attachment":[{"href":"https:\/\/www.luxcitizenship.com\/br\/wp-json\/wp\/v2\/media?parent=42411"}],"wp:term":[{"taxonomy":"post_tag","embeddable":true,"href":"https:\/\/www.luxcitizenship.com\/br\/wp-json\/wp\/v2\/tags?post=42411"}],"curies":[{"name":"wp","href":"https:\/\/api.w.org\/{rel}","templated":true}]}}