{"id":42398,"date":"2025-06-12T15:27:34","date_gmt":"2025-06-12T19:27:34","guid":{"rendered":"https:\/\/ko3g503ir7-staging.onrocket.site\/encontro-de-cidadaos-duplos-de-chicago-e-luxemburgo-2022\/"},"modified":"2025-06-19T23:10:07","modified_gmt":"2025-06-20T03:10:07","slug":"encontro-de-cidadaos-duplos-de-chicago-e-luxemburgo-2022","status":"publish","type":"page","link":"https:\/\/www.luxcitizenship.com\/br\/encontro-de-cidadaos-duplos-de-chicago-e-luxemburgo-2022\/","title":{"rendered":"Encontro de Cidad\u00e3os Duplos de Chicago e Luxemburgo 2022"},"content":{"rendered":"\n<p>A LuxCitizenship organizou um encontro de cidad\u00e3os duplos de Luxemburgo para os cidad\u00e3os duplos de Chicagoland no s\u00e1bado, 12 de novembro. O evento foi realizado no Crust Brewing e reuniu 35 cidad\u00e3os duplos de toda Chicago e de lugares t\u00e3o distantes quanto Texas e Calif\u00f3rnia. <\/p>\n<ul data-count=\"15\" class=\"wp-block-gallery alignundefined columns-3 is-cropped\"><li class=\"blocks-gallery-item\"><figure><a href=\"https:\/\/www.luxcitizenship.com\/wp-content\/uploads\/2025\/06\/1.jpg\"><img fetchpriority=\"high\" decoding=\"async\" width=\"1333\" height=\"1000\" src=\"https:\/\/www.luxcitizenship.com\/wp-content\/uploads\/2025\/06\/1.jpg\" alt=\"1\" data-id=\"40585\" data-link=\"https:\/\/www.luxcitizenship.com\/br\/1-2\/\" class=\"wp-image-40585\" srcset=\"https:\/\/www.luxcitizenship.com\/wp-content\/uploads\/2025\/06\/1.jpg 1333w, https:\/\/www.luxcitizenship.com\/wp-content\/uploads\/2025\/06\/1-300x225.jpg 300w, https:\/\/www.luxcitizenship.com\/wp-content\/uploads\/2025\/06\/1-1024x768.jpg 1024w, https:\/\/www.luxcitizenship.com\/wp-content\/uploads\/2025\/06\/1-768x576.jpg 768w, https:\/\/www.luxcitizenship.com\/wp-content\/uploads\/2025\/06\/1-1200x900.jpg 1200w\" sizes=\"(max-width: 1333px) 100vw, 1333px\" \/><\/a><\/figure><\/li><li class=\"blocks-gallery-item\"><figure><a href=\"https:\/\/www.luxcitizenship.com\/wp-content\/uploads\/2025\/06\/3c-scaled-1.jpg\"><img decoding=\"async\" width=\"1333\" height=\"1000\" src=\"https:\/\/www.luxcitizenship.com\/wp-content\/uploads\/2025\/06\/3c-scaled-1.jpg\" alt=\"3c-scaled\" data-id=\"40583\" data-link=\"https:\/\/www.luxcitizenship.com\/br\/3c-scaled-2\/\" class=\"wp-image-40583\" srcset=\"https:\/\/www.luxcitizenship.com\/wp-content\/uploads\/2025\/06\/3c-scaled-1.jpg 1333w, https:\/\/www.luxcitizenship.com\/wp-content\/uploads\/2025\/06\/3c-scaled-1-300x225.jpg 300w, https:\/\/www.luxcitizenship.com\/wp-content\/uploads\/2025\/06\/3c-scaled-1-1024x768.jpg 1024w, https:\/\/www.luxcitizenship.com\/wp-content\/uploads\/2025\/06\/3c-scaled-1-768x576.jpg 768w, https:\/\/www.luxcitizenship.com\/wp-content\/uploads\/2025\/06\/3c-scaled-1-1200x900.jpg 1200w\" sizes=\"(max-width: 1333px) 100vw, 1333px\" \/><\/a><\/figure><\/li><li class=\"blocks-gallery-item\"><figure><a href=\"https:\/\/www.luxcitizenship.com\/wp-content\/uploads\/2025\/06\/4b.jpg\"><img decoding=\"async\" width=\"1334\" height=\"1000\" src=\"https:\/\/www.luxcitizenship.com\/wp-content\/uploads\/2025\/06\/4b.jpg\" alt=\"4b\" data-id=\"40581\" data-link=\"https:\/\/www.luxcitizenship.com\/br\/4b-2\/\" class=\"wp-image-40581\" srcset=\"https:\/\/www.luxcitizenship.com\/wp-content\/uploads\/2025\/06\/4b.jpg 1334w, https:\/\/www.luxcitizenship.com\/wp-content\/uploads\/2025\/06\/4b-300x225.jpg 300w, https:\/\/www.luxcitizenship.com\/wp-content\/uploads\/2025\/06\/4b-1024x768.jpg 1024w, https:\/\/www.luxcitizenship.com\/wp-content\/uploads\/2025\/06\/4b-768x576.jpg 768w, https:\/\/www.luxcitizenship.com\/wp-content\/uploads\/2025\/06\/4b-1200x900.jpg 1200w\" sizes=\"(max-width: 1334px) 100vw, 1334px\" \/><\/a><\/figure><\/li><li class=\"blocks-gallery-item\"><figure><a href=\"https:\/\/www.luxcitizenship.com\/wp-content\/uploads\/2025\/06\/5b-scaled-1.jpg\"><img loading=\"lazy\" decoding=\"async\" width=\"1000\" height=\"1333\" src=\"https:\/\/www.luxcitizenship.com\/wp-content\/uploads\/2025\/06\/5b-scaled-1.jpg\" alt=\"5b-scaled\" data-id=\"40579\" data-link=\"https:\/\/www.luxcitizenship.com\/br\/5b-scaled-2\/\" class=\"wp-image-40579\" srcset=\"https:\/\/www.luxcitizenship.com\/wp-content\/uploads\/2025\/06\/5b-scaled-1.jpg 1000w, https:\/\/www.luxcitizenship.com\/wp-content\/uploads\/2025\/06\/5b-scaled-1-225x300.jpg 225w, https:\/\/www.luxcitizenship.com\/wp-content\/uploads\/2025\/06\/5b-scaled-1-768x1024.jpg 768w, https:\/\/www.luxcitizenship.com\/wp-content\/uploads\/2025\/06\/5b-scaled-1-300x400.jpg 300w\" sizes=\"(max-width: 1000px) 100vw, 1000px\" \/><\/a><\/figure><\/li><li class=\"blocks-gallery-item\"><figure><a href=\"https:\/\/www.luxcitizenship.com\/wp-content\/uploads\/2025\/06\/6.jpg\"><img loading=\"lazy\" decoding=\"async\" width=\"1334\" height=\"1000\" src=\"https:\/\/www.luxcitizenship.com\/wp-content\/uploads\/2025\/06\/6.jpg\" alt=\"6\" data-id=\"40577\" data-link=\"https:\/\/www.luxcitizenship.com\/br\/6-3\/\" class=\"wp-image-40577\" srcset=\"https:\/\/www.luxcitizenship.com\/wp-content\/uploads\/2025\/06\/6.jpg 1334w, https:\/\/www.luxcitizenship.com\/wp-content\/uploads\/2025\/06\/6-300x225.jpg 300w, https:\/\/www.luxcitizenship.com\/wp-content\/uploads\/2025\/06\/6-1024x768.jpg 1024w, https:\/\/www.luxcitizenship.com\/wp-content\/uploads\/2025\/06\/6-768x576.jpg 768w, https:\/\/www.luxcitizenship.com\/wp-content\/uploads\/2025\/06\/6-1200x900.jpg 1200w\" sizes=\"(max-width: 1334px) 100vw, 1334px\" \/><\/a><\/figure><\/li><li class=\"blocks-gallery-item\"><figure><a href=\"https:\/\/www.luxcitizenship.com\/wp-content\/uploads\/2025\/06\/6b-scaled-1.jpg\"><img loading=\"lazy\" decoding=\"async\" width=\"1333\" height=\"1000\" src=\"https:\/\/www.luxcitizenship.com\/wp-content\/uploads\/2025\/06\/6b-scaled-1.jpg\" alt=\"6b-scaled\" data-id=\"40575\" data-link=\"https:\/\/www.luxcitizenship.com\/br\/6b-scaled-2\/\" class=\"wp-image-40575\" srcset=\"https:\/\/www.luxcitizenship.com\/wp-content\/uploads\/2025\/06\/6b-scaled-1.jpg 1333w, https:\/\/www.luxcitizenship.com\/wp-content\/uploads\/2025\/06\/6b-scaled-1-300x225.jpg 300w, https:\/\/www.luxcitizenship.com\/wp-content\/uploads\/2025\/06\/6b-scaled-1-1024x768.jpg 1024w, https:\/\/www.luxcitizenship.com\/wp-content\/uploads\/2025\/06\/6b-scaled-1-768x576.jpg 768w, https:\/\/www.luxcitizenship.com\/wp-content\/uploads\/2025\/06\/6b-scaled-1-1200x900.jpg 1200w\" sizes=\"(max-width: 1333px) 100vw, 1333px\" \/><\/a><\/figure><\/li><li class=\"blocks-gallery-item\"><figure><a href=\"https:\/\/www.luxcitizenship.com\/wp-content\/uploads\/2025\/06\/7.jpg\"><img loading=\"lazy\" decoding=\"async\" width=\"1000\" height=\"1334\" src=\"https:\/\/www.luxcitizenship.com\/wp-content\/uploads\/2025\/06\/7.jpg\" alt=\"7\" data-id=\"40573\" data-link=\"https:\/\/www.luxcitizenship.com\/br\/7-2\/\" class=\"wp-image-40573\" srcset=\"https:\/\/www.luxcitizenship.com\/wp-content\/uploads\/2025\/06\/7.jpg 1000w, https:\/\/www.luxcitizenship.com\/wp-content\/uploads\/2025\/06\/7-225x300.jpg 225w, https:\/\/www.luxcitizenship.com\/wp-content\/uploads\/2025\/06\/7-768x1025.jpg 768w, https:\/\/www.luxcitizenship.com\/wp-content\/uploads\/2025\/06\/7-300x400.jpg 300w\" sizes=\"(max-width: 1000px) 100vw, 1000px\" \/><\/a><\/figure><\/li><li class=\"blocks-gallery-item\"><figure><a href=\"https:\/\/www.luxcitizenship.com\/wp-content\/uploads\/2025\/06\/8.jpg\"><img loading=\"lazy\" decoding=\"async\" width=\"1334\" height=\"1000\" src=\"https:\/\/www.luxcitizenship.com\/wp-content\/uploads\/2025\/06\/8.jpg\" alt=\"8\" data-id=\"40571\" data-link=\"https:\/\/www.luxcitizenship.com\/br\/8-2\/\" class=\"wp-image-40571\" srcset=\"https:\/\/www.luxcitizenship.com\/wp-content\/uploads\/2025\/06\/8.jpg 1334w, https:\/\/www.luxcitizenship.com\/wp-content\/uploads\/2025\/06\/8-300x225.jpg 300w, https:\/\/www.luxcitizenship.com\/wp-content\/uploads\/2025\/06\/8-1024x768.jpg 1024w, https:\/\/www.luxcitizenship.com\/wp-content\/uploads\/2025\/06\/8-768x576.jpg 768w, https:\/\/www.luxcitizenship.com\/wp-content\/uploads\/2025\/06\/8-1200x900.jpg 1200w\" sizes=\"(max-width: 1334px) 100vw, 1334px\" \/><\/a><\/figure><\/li><li class=\"blocks-gallery-item\"><figure><a href=\"https:\/\/www.luxcitizenship.com\/wp-content\/uploads\/2025\/06\/9-scaled-1.jpg\"><img loading=\"lazy\" decoding=\"async\" width=\"1000\" height=\"1333\" src=\"https:\/\/www.luxcitizenship.com\/wp-content\/uploads\/2025\/06\/9-scaled-1.jpg\" alt=\"9-scaled\" data-id=\"40569\" data-link=\"https:\/\/www.luxcitizenship.com\/br\/9-scaled-2\/\" class=\"wp-image-40569\" srcset=\"https:\/\/www.luxcitizenship.com\/wp-content\/uploads\/2025\/06\/9-scaled-1.jpg 1000w, https:\/\/www.luxcitizenship.com\/wp-content\/uploads\/2025\/06\/9-scaled-1-225x300.jpg 225w, https:\/\/www.luxcitizenship.com\/wp-content\/uploads\/2025\/06\/9-scaled-1-768x1024.jpg 768w, https:\/\/www.luxcitizenship.com\/wp-content\/uploads\/2025\/06\/9-scaled-1-300x400.jpg 300w\" sizes=\"(max-width: 1000px) 100vw, 1000px\" \/><\/a><\/figure><\/li><li class=\"blocks-gallery-item\"><figure><a href=\"https:\/\/www.luxcitizenship.com\/wp-content\/uploads\/2025\/06\/10b.jpg\"><img loading=\"lazy\" decoding=\"async\" width=\"1334\" height=\"1000\" src=\"https:\/\/www.luxcitizenship.com\/wp-content\/uploads\/2025\/06\/10b.jpg\" alt=\"10b\" data-id=\"40567\" data-link=\"https:\/\/www.luxcitizenship.com\/br\/10b-2\/\" class=\"wp-image-40567\" srcset=\"https:\/\/www.luxcitizenship.com\/wp-content\/uploads\/2025\/06\/10b.jpg 1334w, https:\/\/www.luxcitizenship.com\/wp-content\/uploads\/2025\/06\/10b-300x225.jpg 300w, https:\/\/www.luxcitizenship.com\/wp-content\/uploads\/2025\/06\/10b-1024x768.jpg 1024w, https:\/\/www.luxcitizenship.com\/wp-content\/uploads\/2025\/06\/10b-768x576.jpg 768w, https:\/\/www.luxcitizenship.com\/wp-content\/uploads\/2025\/06\/10b-1200x900.jpg 1200w\" sizes=\"(max-width: 1334px) 100vw, 1334px\" \/><\/a><\/figure><\/li><li class=\"blocks-gallery-item\"><figure><a href=\"https:\/\/www.luxcitizenship.com\/wp-content\/uploads\/2025\/06\/11.jpg\"><img loading=\"lazy\" decoding=\"async\" width=\"1334\" height=\"1000\" src=\"https:\/\/www.luxcitizenship.com\/wp-content\/uploads\/2025\/06\/11.jpg\" alt=\"11\" data-id=\"40565\" data-link=\"https:\/\/www.luxcitizenship.com\/br\/11-2\/\" class=\"wp-image-40565\" srcset=\"https:\/\/www.luxcitizenship.com\/wp-content\/uploads\/2025\/06\/11.jpg 1334w, https:\/\/www.luxcitizenship.com\/wp-content\/uploads\/2025\/06\/11-300x225.jpg 300w, https:\/\/www.luxcitizenship.com\/wp-content\/uploads\/2025\/06\/11-1024x768.jpg 1024w, https:\/\/www.luxcitizenship.com\/wp-content\/uploads\/2025\/06\/11-768x576.jpg 768w, https:\/\/www.luxcitizenship.com\/wp-content\/uploads\/2025\/06\/11-1200x900.jpg 1200w\" sizes=\"(max-width: 1334px) 100vw, 1334px\" \/><\/a><\/figure><\/li><li class=\"blocks-gallery-item\"><figure><a href=\"https:\/\/www.luxcitizenship.com\/wp-content\/uploads\/2025\/06\/IMG_0198.jpg\"><img loading=\"lazy\" decoding=\"async\" width=\"1000\" height=\"1334\" src=\"https:\/\/www.luxcitizenship.com\/wp-content\/uploads\/2025\/06\/IMG_0198.jpg\" alt=\"IMG_0198\" data-id=\"40563\" data-link=\"https:\/\/www.luxcitizenship.com\/br\/img_0198-2\/\" class=\"wp-image-40563\" srcset=\"https:\/\/www.luxcitizenship.com\/wp-content\/uploads\/2025\/06\/IMG_0198.jpg 1000w, https:\/\/www.luxcitizenship.com\/wp-content\/uploads\/2025\/06\/IMG_0198-225x300.jpg 225w, https:\/\/www.luxcitizenship.com\/wp-content\/uploads\/2025\/06\/IMG_0198-768x1025.jpg 768w, https:\/\/www.luxcitizenship.com\/wp-content\/uploads\/2025\/06\/IMG_0198-300x400.jpg 300w\" sizes=\"(max-width: 1000px) 100vw, 1000px\" \/><\/a><\/figure><\/li><li class=\"blocks-gallery-item\"><figure><a href=\"https:\/\/www.luxcitizenship.com\/wp-content\/uploads\/2025\/06\/IMG_0227.jpg\"><img loading=\"lazy\" decoding=\"async\" width=\"1000\" height=\"1334\" src=\"https:\/\/www.luxcitizenship.com\/wp-content\/uploads\/2025\/06\/IMG_0227.jpg\" alt=\"IMG_0227\" data-id=\"40561\" data-link=\"https:\/\/www.luxcitizenship.com\/br\/img_0227-2\/\" class=\"wp-image-40561\" srcset=\"https:\/\/www.luxcitizenship.com\/wp-content\/uploads\/2025\/06\/IMG_0227.jpg 1000w, https:\/\/www.luxcitizenship.com\/wp-content\/uploads\/2025\/06\/IMG_0227-225x300.jpg 225w, https:\/\/www.luxcitizenship.com\/wp-content\/uploads\/2025\/06\/IMG_0227-768x1025.jpg 768w, https:\/\/www.luxcitizenship.com\/wp-content\/uploads\/2025\/06\/IMG_0227-300x400.jpg 300w\" sizes=\"(max-width: 1000px) 100vw, 1000px\" \/><\/a><\/figure><\/li><li class=\"blocks-gallery-item\"><figure><a href=\"https:\/\/www.luxcitizenship.com\/wp-content\/uploads\/2025\/06\/zz.jpg\"><img loading=\"lazy\" decoding=\"async\" width=\"1000\" height=\"1334\" src=\"https:\/\/www.luxcitizenship.com\/wp-content\/uploads\/2025\/06\/zz.jpg\" alt=\"zz\" data-id=\"40559\" data-link=\"https:\/\/www.luxcitizenship.com\/br\/zz-2\/\" class=\"wp-image-40559\" srcset=\"https:\/\/www.luxcitizenship.com\/wp-content\/uploads\/2025\/06\/zz.jpg 1000w, https:\/\/www.luxcitizenship.com\/wp-content\/uploads\/2025\/06\/zz-225x300.jpg 225w, https:\/\/www.luxcitizenship.com\/wp-content\/uploads\/2025\/06\/zz-768x1025.jpg 768w, https:\/\/www.luxcitizenship.com\/wp-content\/uploads\/2025\/06\/zz-300x400.jpg 300w\" sizes=\"(max-width: 1000px) 100vw, 1000px\" \/><\/a><\/figure><\/li><li class=\"blocks-gallery-item\"><figure><a href=\"https:\/\/www.luxcitizenship.com\/wp-content\/uploads\/2025\/06\/zzz7.jpg\"><img loading=\"lazy\" decoding=\"async\" width=\"1334\" height=\"1000\" src=\"https:\/\/www.luxcitizenship.com\/wp-content\/uploads\/2025\/06\/zzz7.jpg\" alt=\"zzz7\" data-id=\"40557\" data-link=\"https:\/\/www.luxcitizenship.com\/br\/zzz7-2\/\" class=\"wp-image-40557\" srcset=\"https:\/\/www.luxcitizenship.com\/wp-content\/uploads\/2025\/06\/zzz7.jpg 1334w, https:\/\/www.luxcitizenship.com\/wp-content\/uploads\/2025\/06\/zzz7-300x225.jpg 300w, https:\/\/www.luxcitizenship.com\/wp-content\/uploads\/2025\/06\/zzz7-1024x768.jpg 1024w, https:\/\/www.luxcitizenship.com\/wp-content\/uploads\/2025\/06\/zzz7-768x576.jpg 768w, https:\/\/www.luxcitizenship.com\/wp-content\/uploads\/2025\/06\/zzz7-1200x900.jpg 1200w\" sizes=\"(max-width: 1334px) 100vw, 1334px\" \/><\/a><\/figure><\/li><\/ul>","protected":false},"excerpt":{"rendered":"<p>A LuxCitizenship organizou um encontro de cidad\u00e3os duplos de Luxemburgo para os cidad\u00e3os duplos de Chicagoland no s\u00e1bado, 12 de novembro. O evento foi realizado no Crust Brewing e reuniu 35 cidad\u00e3os duplos de toda Chicago e de lugares t\u00e3o distantes quanto Texas e Calif\u00f3rnia.<\/p>\n","protected":false},"author":1,"featured_media":0,"parent":0,"menu_order":0,"comment_status":"closed","ping_status":"closed","template":"","meta":{"_genesis_block_theme_hide_title":false,"footnotes":""},"tags":[],"class_list":["post-42398","page","type-page","status-publish","hentry","post","without-featured-image"],"yoast_head":"<!-- This site is optimized with the Yoast SEO Premium plugin v27.3 (Yoast SEO v27.3) - https:\/\/yoast.com\/product\/yoast-seo-premium-wordpress\/ -->\n<title>Encontro de Cidad\u00e3os Duplos de Chicago e Luxemburgo 2022 - LuxCitizenship<\/title>\n<meta name=\"robots\" content=\"index, follow, max-snippet:-1, max-image-preview:large, max-video-preview:-1\" \/>\n<link rel=\"canonical\" href=\"https:\/\/www.luxcitizenship.com\/br\/encontro-de-cidadaos-duplos-de-chicago-e-luxemburgo-2022\/\" \/>\n<meta property=\"og:locale\" content=\"pt_BR\" \/>\n<meta property=\"og:type\" content=\"article\" \/>\n<meta property=\"og:title\" content=\"Encontro de Cidad\u00e3os Duplos de Chicago e Luxemburgo 2022\" \/>\n<meta property=\"og:description\" content=\"A LuxCitizenship organizou um encontro de cidad\u00e3os duplos de Luxemburgo para os cidad\u00e3os duplos de Chicagoland no s\u00e1bado, 12 de novembro. O evento foi realizado no Crust Brewing e reuniu 35 cidad\u00e3os duplos de toda Chicago e de lugares t\u00e3o distantes quanto Texas e Calif\u00f3rnia.\" \/>\n<meta property=\"og:url\" content=\"https:\/\/www.luxcitizenship.com\/br\/encontro-de-cidadaos-duplos-de-chicago-e-luxemburgo-2022\/\" \/>\n<meta property=\"og:site_name\" content=\"LuxCitizenship\" \/>\n<meta property=\"article:publisher\" content=\"http:\/\/facebook.com\/luxcitizenship\/\" \/>\n<meta property=\"article:modified_time\" content=\"2025-06-20T03:10:07+00:00\" \/>\n<meta name=\"twitter:card\" content=\"summary_large_image\" \/>\n<script type=\"application\/ld+json\" class=\"yoast-schema-graph\">{\"@context\":\"https:\\\/\\\/schema.org\",\"@graph\":[{\"@type\":\"WebPage\",\"@id\":\"https:\\\/\\\/www.luxcitizenship.com\\\/br\\\/encontro-de-cidadaos-duplos-de-chicago-e-luxemburgo-2022\\\/\",\"url\":\"https:\\\/\\\/www.luxcitizenship.com\\\/br\\\/encontro-de-cidadaos-duplos-de-chicago-e-luxemburgo-2022\\\/\",\"name\":\"Encontro de Cidad\u00e3os Duplos de Chicago e Luxemburgo 2022 - LuxCitizenship\",\"isPartOf\":{\"@id\":\"https:\\\/\\\/www.luxcitizenship.com\\\/br\\\/#website\"},\"datePublished\":\"2025-06-12T19:27:34+00:00\",\"dateModified\":\"2025-06-20T03:10:07+00:00\",\"breadcrumb\":{\"@id\":\"https:\\\/\\\/www.luxcitizenship.com\\\/br\\\/encontro-de-cidadaos-duplos-de-chicago-e-luxemburgo-2022\\\/#breadcrumb\"},\"inLanguage\":\"pt-BR\",\"potentialAction\":[{\"@type\":\"ReadAction\",\"target\":[\"https:\\\/\\\/www.luxcitizenship.com\\\/br\\\/encontro-de-cidadaos-duplos-de-chicago-e-luxemburgo-2022\\\/\"]}]},{\"@type\":\"BreadcrumbList\",\"@id\":\"https:\\\/\\\/www.luxcitizenship.com\\\/br\\\/encontro-de-cidadaos-duplos-de-chicago-e-luxemburgo-2022\\\/#breadcrumb\",\"itemListElement\":[{\"@type\":\"ListItem\",\"position\":1,\"name\":\"Home\",\"item\":\"https:\\\/\\\/www.luxcitizenship.com\\\/br\\\/\"},{\"@type\":\"ListItem\",\"position\":2,\"name\":\"Encontro de Cidad\u00e3os Duplos de Chicago e Luxemburgo 2022\"}]},{\"@type\":\"WebSite\",\"@id\":\"https:\\\/\\\/www.luxcitizenship.com\\\/br\\\/#website\",\"url\":\"https:\\\/\\\/www.luxcitizenship.com\\\/br\\\/\",\"name\":\"luxcitizenship.com\",\"description\":\"LuxCitizenship guides individuals worldwide in reclaiming Luxembourg dual citizenship through ancestry, offering expert support and fostering a global community.\",\"publisher\":{\"@id\":\"https:\\\/\\\/www.luxcitizenship.com\\\/br\\\/#organization\"},\"potentialAction\":[{\"@type\":\"SearchAction\",\"target\":{\"@type\":\"EntryPoint\",\"urlTemplate\":\"https:\\\/\\\/www.luxcitizenship.com\\\/br\\\/?s={search_term_string}\"},\"query-input\":{\"@type\":\"PropertyValueSpecification\",\"valueRequired\":true,\"valueName\":\"search_term_string\"}}],\"inLanguage\":\"pt-BR\"},{\"@type\":\"Organization\",\"@id\":\"https:\\\/\\\/www.luxcitizenship.com\\\/br\\\/#organization\",\"name\":\"luxcitizenship.com\",\"alternateName\":\"LuxCitizenship\",\"url\":\"https:\\\/\\\/www.luxcitizenship.com\\\/br\\\/\",\"logo\":{\"@type\":\"ImageObject\",\"inLanguage\":\"pt-BR\",\"@id\":\"https:\\\/\\\/www.luxcitizenship.com\\\/br\\\/#\\\/schema\\\/logo\\\/image\\\/\",\"url\":\"https:\\\/\\\/www.luxcitizenship.com\\\/wp-content\\\/uploads\\\/2025\\\/07\\\/Logo-LuxCitizenship-scaled.png\",\"contentUrl\":\"https:\\\/\\\/www.luxcitizenship.com\\\/wp-content\\\/uploads\\\/2025\\\/07\\\/Logo-LuxCitizenship-scaled.png\",\"width\":2560,\"height\":340,\"caption\":\"luxcitizenship.com\"},\"image\":{\"@id\":\"https:\\\/\\\/www.luxcitizenship.com\\\/br\\\/#\\\/schema\\\/logo\\\/image\\\/\"},\"sameAs\":[\"http:\\\/\\\/facebook.com\\\/luxcitizenship\\\/\",\"http:\\\/\\\/instagram.com\\\/lux.citizenship\\\/\"],\"description\":\"Whether you\u2019re seeking citizenship, community, or a deeper connection to your heritage, LuxCitizenship is here to help you every step of the way.\",\"email\":\"info@luxcitizenship.com\",\"telephone\":\"(917) 740-8908\",\"legalName\":\"Connaissance Solutions LLC\",\"numberOfEmployees\":{\"@type\":\"QuantitativeValue\",\"minValue\":\"11\",\"maxValue\":\"50\"}}]}<\/script>\n<!-- \/ Yoast SEO Premium plugin. -->","yoast_head_json":{"title":"Encontro de Cidad\u00e3os Duplos de Chicago e Luxemburgo 2022 - LuxCitizenship","robots":{"index":"index","follow":"follow","max-snippet":"max-snippet:-1","max-image-preview":"max-image-preview:large","max-video-preview":"max-video-preview:-1"},"canonical":"https:\/\/www.luxcitizenship.com\/br\/encontro-de-cidadaos-duplos-de-chicago-e-luxemburgo-2022\/","og_locale":"pt_BR","og_type":"article","og_title":"Encontro de Cidad\u00e3os Duplos de Chicago e Luxemburgo 2022","og_description":"A LuxCitizenship organizou um encontro de cidad\u00e3os duplos de Luxemburgo para os cidad\u00e3os duplos de Chicagoland no s\u00e1bado, 12 de novembro. O evento foi realizado no Crust Brewing e reuniu 35 cidad\u00e3os duplos de toda Chicago e de lugares t\u00e3o distantes quanto Texas e Calif\u00f3rnia.","og_url":"https:\/\/www.luxcitizenship.com\/br\/encontro-de-cidadaos-duplos-de-chicago-e-luxemburgo-2022\/","og_site_name":"LuxCitizenship","article_publisher":"http:\/\/facebook.com\/luxcitizenship\/","article_modified_time":"2025-06-20T03:10:07+00:00","twitter_card":"summary_large_image","schema":{"@context":"https:\/\/schema.org","@graph":[{"@type":"WebPage","@id":"https:\/\/www.luxcitizenship.com\/br\/encontro-de-cidadaos-duplos-de-chicago-e-luxemburgo-2022\/","url":"https:\/\/www.luxcitizenship.com\/br\/encontro-de-cidadaos-duplos-de-chicago-e-luxemburgo-2022\/","name":"Encontro de Cidad\u00e3os Duplos de Chicago e Luxemburgo 2022 - LuxCitizenship","isPartOf":{"@id":"https:\/\/www.luxcitizenship.com\/br\/#website"},"datePublished":"2025-06-12T19:27:34+00:00","dateModified":"2025-06-20T03:10:07+00:00","breadcrumb":{"@id":"https:\/\/www.luxcitizenship.com\/br\/encontro-de-cidadaos-duplos-de-chicago-e-luxemburgo-2022\/#breadcrumb"},"inLanguage":"pt-BR","potentialAction":[{"@type":"ReadAction","target":["https:\/\/www.luxcitizenship.com\/br\/encontro-de-cidadaos-duplos-de-chicago-e-luxemburgo-2022\/"]}]},{"@type":"BreadcrumbList","@id":"https:\/\/www.luxcitizenship.com\/br\/encontro-de-cidadaos-duplos-de-chicago-e-luxemburgo-2022\/#breadcrumb","itemListElement":[{"@type":"ListItem","position":1,"name":"Home","item":"https:\/\/www.luxcitizenship.com\/br\/"},{"@type":"ListItem","position":2,"name":"Encontro de Cidad\u00e3os Duplos de Chicago e Luxemburgo 2022"}]},{"@type":"WebSite","@id":"https:\/\/www.luxcitizenship.com\/br\/#website","url":"https:\/\/www.luxcitizenship.com\/br\/","name":"luxcitizenship.com","description":"LuxCitizenship guides individuals worldwide in reclaiming Luxembourg dual citizenship through ancestry, offering expert support and fostering a global community.","publisher":{"@id":"https:\/\/www.luxcitizenship.com\/br\/#organization"},"potentialAction":[{"@type":"SearchAction","target":{"@type":"EntryPoint","urlTemplate":"https:\/\/www.luxcitizenship.com\/br\/?s={search_term_string}"},"query-input":{"@type":"PropertyValueSpecification","valueRequired":true,"valueName":"search_term_string"}}],"inLanguage":"pt-BR"},{"@type":"Organization","@id":"https:\/\/www.luxcitizenship.com\/br\/#organization","name":"luxcitizenship.com","alternateName":"LuxCitizenship","url":"https:\/\/www.luxcitizenship.com\/br\/","logo":{"@type":"ImageObject","inLanguage":"pt-BR","@id":"https:\/\/www.luxcitizenship.com\/br\/#\/schema\/logo\/image\/","url":"https:\/\/www.luxcitizenship.com\/wp-content\/uploads\/2025\/07\/Logo-LuxCitizenship-scaled.png","contentUrl":"https:\/\/www.luxcitizenship.com\/wp-content\/uploads\/2025\/07\/Logo-LuxCitizenship-scaled.png","width":2560,"height":340,"caption":"luxcitizenship.com"},"image":{"@id":"https:\/\/www.luxcitizenship.com\/br\/#\/schema\/logo\/image\/"},"sameAs":["http:\/\/facebook.com\/luxcitizenship\/","http:\/\/instagram.com\/lux.citizenship\/"],"description":"Whether you\u2019re seeking citizenship, community, or a deeper connection to your heritage, LuxCitizenship is here to help you every step of the way.","email":"info@luxcitizenship.com","telephone":"(917) 740-8908","legalName":"Connaissance Solutions LLC","numberOfEmployees":{"@type":"QuantitativeValue","minValue":"11","maxValue":"50"}}]}},"featured_image_src":null,"featured_image_src_square":null,"_links":{"self":[{"href":"https:\/\/www.luxcitizenship.com\/br\/wp-json\/wp\/v2\/pages\/42398","targetHints":{"allow":["GET"]}}],"collection":[{"href":"https:\/\/www.luxcitizenship.com\/br\/wp-json\/wp\/v2\/pages"}],"about":[{"href":"https:\/\/www.luxcitizenship.com\/br\/wp-json\/wp\/v2\/types\/page"}],"author":[{"embeddable":true,"href":"https:\/\/www.luxcitizenship.com\/br\/wp-json\/wp\/v2\/users\/1"}],"replies":[{"embeddable":true,"href":"https:\/\/www.luxcitizenship.com\/br\/wp-json\/wp\/v2\/comments?post=42398"}],"version-history":[{"count":0,"href":"https:\/\/www.luxcitizenship.com\/br\/wp-json\/wp\/v2\/pages\/42398\/revisions"}],"wp:attachment":[{"href":"https:\/\/www.luxcitizenship.com\/br\/wp-json\/wp\/v2\/media?parent=42398"}],"wp:term":[{"taxonomy":"post_tag","embeddable":true,"href":"https:\/\/www.luxcitizenship.com\/br\/wp-json\/wp\/v2\/tags?post=42398"}],"curies":[{"name":"wp","href":"https:\/\/api.w.org\/{rel}","templated":true}]}}