{"id":42161,"date":"2021-04-05T11:05:41","date_gmt":"2021-04-05T15:05:41","guid":{"rendered":"https:\/\/ko3g503ir7-staging.onrocket.site\/oportunidades-de-carreira-luxcitizenship\/"},"modified":"2025-06-19T17:13:17","modified_gmt":"2025-06-19T21:13:17","slug":"oportunidades-de-carreira-luxcitizenship","status":"publish","type":"page","link":"https:\/\/www.luxcitizenship.com\/br\/oportunidades-de-carreira-luxcitizenship\/","title":{"rendered":"Oportunidades de carreira &#8211; LuxCitizenship"},"content":{"rendered":"\t\t<div data-elementor-type=\"wp-page\" data-elementor-id=\"42161\" class=\"elementor elementor-42161 elementor-9077\" data-elementor-post-type=\"page\">\n\t\t\t\t<div data-particle_enable=\"false\" data-particle-mobile-disabled=\"false\" class=\"elementor-element elementor-element-5666b0e8 e-flex e-con-boxed e-con e-parent\" data-id=\"5666b0e8\" data-element_type=\"container\" data-e-type=\"container\" data-settings=\"{&quot;background_background&quot;:&quot;classic&quot;}\">\n\t\t\t\t\t<div class=\"e-con-inner\">\n\t\t\t\t<div class=\"elementor-element elementor-element-2ef56bf elementor-widget elementor-widget-heading\" data-id=\"2ef56bf\" data-element_type=\"widget\" data-e-type=\"widget\" data-widget_type=\"heading.default\">\n\t\t\t\t\t<h1 class=\"elementor-heading-title elementor-size-default\">Carreiras<\/h1>\t\t\t\t<\/div>\n\t\t\t\t<div class=\"elementor-element elementor-element-c7919b0 elementor-widget elementor-widget-heading\" data-id=\"c7919b0\" data-element_type=\"widget\" data-e-type=\"widget\" data-widget_type=\"heading.default\">\n\t\t\t\t\t<h2 class=\"elementor-heading-title elementor-size-default\">Apoiar uma comunidade em crescimento. Construa pontes globais. <\/h2>\t\t\t\t<\/div>\n\t\t<div data-particle_enable=\"false\" data-particle-mobile-disabled=\"false\" class=\"elementor-element elementor-element-7b138bdf e-con-full e-flex e-con e-child\" data-id=\"7b138bdf\" data-element_type=\"container\" data-e-type=\"container\" data-settings=\"{&quot;background_background&quot;:&quot;classic&quot;}\">\n\t\t\t\t<div class=\"elementor-element elementor-element-4a6aa8ff elementor-widget elementor-widget-text-editor\" data-id=\"4a6aa8ff\" data-element_type=\"widget\" data-e-type=\"widget\" data-widget_type=\"text-editor.default\">\n\t\t\t\t\t\t\t\t\t<p><strong>A LuxCitizenship \u00e9 uma empresa privada que ajuda a construir uma comunidade para os cidad\u00e3os duplos de Luxemburgo baseados nos Estados Unidos, Brasil, Argentina e Luxemburgo, \u00e9 claro!<\/strong><\/p><p>Ao fazer isso, estamos ajudando a construir pontes transatl\u00e2nticas que impulsionar\u00e3o a colabora\u00e7\u00e3o global no futuro. Fomos fundados na cidade de Nova York em 2016. Desde o in\u00edcio da Covid-19, nossa equipe trabalha 100% remotamente.  <\/p><p>Siga-nos no Linkedin para saber mais sobre nossa equipe e o que fazemos como empresa.<\/p><p>Se voc\u00ea tem interesse em construir um relacionamento transatl\u00e2ntico mais s\u00f3lido e um esp\u00edrito empreendedor voltado para a quebra de fronteiras internacionais, queremos ouvir voc\u00ea.<\/p>\t\t\t\t\t\t\t\t<\/div>\n\t\t\t\t<div class=\"elementor-element elementor-element-203a22a elementor-widget elementor-widget-image\" data-id=\"203a22a\" data-element_type=\"widget\" data-e-type=\"widget\" data-widget_type=\"image.default\">\n\t\t\t\t\t\t\t\t\t\t\t\t\t\t\t<img fetchpriority=\"high\" decoding=\"async\" width=\"1024\" height=\"821\" src=\"https:\/\/www.luxcitizenship.com\/wp-content\/uploads\/2021\/06\/Luxembourg-Community-Graphic-3-1024x821-1.jpg\" class=\"attachment-large size-large wp-image-38775\" alt=\"Collage of many different Luxembourg dual citizens\" srcset=\"https:\/\/www.luxcitizenship.com\/wp-content\/uploads\/2021\/06\/Luxembourg-Community-Graphic-3-1024x821-1.jpg 1024w, https:\/\/www.luxcitizenship.com\/wp-content\/uploads\/2021\/06\/Luxembourg-Community-Graphic-3-1024x821-1-300x241.jpg 300w, https:\/\/www.luxcitizenship.com\/wp-content\/uploads\/2021\/06\/Luxembourg-Community-Graphic-3-1024x821-1-768x616.jpg 768w\" sizes=\"(max-width: 1024px) 100vw, 1024px\" \/>\t\t\t\t\t\t\t\t\t\t\t\t\t\t\t<\/div>\n\t\t\t\t<\/div>\n\t\t\t\t\t<\/div>\n\t\t\t\t<\/div>\n\t\t<div data-particle_enable=\"false\" data-particle-mobile-disabled=\"false\" class=\"elementor-element elementor-element-b79b8fb e-flex e-con-boxed e-con e-parent\" data-id=\"b79b8fb\" data-element_type=\"container\" data-e-type=\"container\">\n\t\t\t\t\t<div class=\"e-con-inner\">\n\t\t\t\t<div class=\"elementor-element elementor-element-81dd827 elementor-widget elementor-widget-heading\" data-id=\"81dd827\" data-element_type=\"widget\" data-e-type=\"widget\" data-widget_type=\"heading.default\">\n\t\t\t\t\t<h2 class=\"elementor-heading-title elementor-size-default\">Fun\u00e7\u00f5es atuais em aberto<\/h2>\t\t\t\t<\/div>\n\t\t\t\t<div class=\"elementor-element elementor-element-448ad6c elementor-widget elementor-widget-text-editor\" data-id=\"448ad6c\" data-element_type=\"widget\" data-e-type=\"widget\" data-widget_type=\"text-editor.default\">\n\t\t\t\t\t\t\t\t\t<p><strong>Diretor executivo &#8211; Iniciativas internacionais (remoto &#8211; preferencialmente em NY\/DC\/SF)<\/strong><\/p>\t\t\t\t\t\t\t\t<\/div>\n\t\t\t\t<div class=\"elementor-element elementor-element-5e9680bb elementor-widget elementor-widget-button\" data-id=\"5e9680bb\" data-element_type=\"widget\" data-e-type=\"widget\" data-widget_type=\"button.default\">\n\t\t\t\t\t\t\t\t\t\t<a class=\"elementor-button elementor-button-link elementor-size-sm\" href=\"https:\/\/www.luxcitizenship.com\/br\/diretor-executivo-iniciativas-internacionais\/\">\n\t\t\t\t\t\t<span class=\"elementor-button-content-wrapper\">\n\t\t\t\t\t\t\t\t\t<span class=\"elementor-button-text\">Ver trabalho<\/span>\n\t\t\t\t\t<\/span>\n\t\t\t\t\t<\/a>\n\t\t\t\t\t\t\t\t<\/div>\n\t\t<div data-particle_enable=\"false\" data-particle-mobile-disabled=\"false\" class=\"elementor-element elementor-element-59ffefdb e-con-full e-flex e-con e-child\" data-id=\"59ffefdb\" data-element_type=\"container\" data-e-type=\"container\">\n\t\t\t\t<div class=\"elementor-element elementor-element-e7b50b2 elementor-widget elementor-widget-text-editor\" data-id=\"e7b50b2\" data-element_type=\"widget\" data-e-type=\"widget\" data-widget_type=\"text-editor.default\">\n\t\t\t\t\t\t\t\t\t<p><strong>Voc\u00ea pode conferir nossos an\u00fancios de emprego acima. Mas voc\u00ea tamb\u00e9m pode nos enviar candidaturas espont\u00e2neas pelo <a href=\"mailto:info@luxcitizenship.com\">e-mail info@luxcitizenship.com<\/a>.   <\/strong>Estamos sempre \u00e0 procura de pessoas empreendedoras com interesse e compreens\u00e3o de rela\u00e7\u00f5es internacionais, aprendizado de idiomas estrangeiros, viagens, imigra\u00e7\u00e3o, marketing digital e muito mais. Voc\u00ea certamente n\u00e3o precisa ter ascend\u00eancia luxemburguesa para se juntar a n\u00f3s ou ser eleg\u00edvel para dupla cidadania, mas essas qualidades tamb\u00e9m n\u00e3o prejudicam. <\/p>\t\t\t\t\t\t\t\t<\/div>\n\t\t\t\t<\/div>\n\t\t\t\t\t<\/div>\n\t\t\t\t<\/div>\n\t\t<div data-particle_enable=\"false\" data-particle-mobile-disabled=\"false\" class=\"elementor-element elementor-element-75237ac e-flex e-con-boxed e-con e-parent\" data-id=\"75237ac\" data-element_type=\"container\" data-e-type=\"container\">\n\t\t\t\t\t<div class=\"e-con-inner\">\n\t\t<div data-particle_enable=\"false\" data-particle-mobile-disabled=\"false\" class=\"elementor-element elementor-element-3d845082 e-con-full e-grid e-con e-child\" data-id=\"3d845082\" data-element_type=\"container\" data-e-type=\"container\">\n\t\t<div data-particle_enable=\"false\" data-particle-mobile-disabled=\"false\" class=\"elementor-element elementor-element-645ca7bf e-con-full e-flex e-con e-child\" data-id=\"645ca7bf\" data-element_type=\"container\" data-e-type=\"container\">\n\t\t\t\t<div class=\"elementor-element elementor-element-65319a1e elementor-widget elementor-widget-heading\" data-id=\"65319a1e\" data-element_type=\"widget\" data-e-type=\"widget\" data-widget_type=\"heading.default\">\n\t\t\t\t\t<h2 class=\"elementor-heading-title elementor-size-default\">A equipe do LuxCitizenship est\u00e1 em constante crescimento e evolu\u00e7\u00e3o!\n<\/h2>\t\t\t\t<\/div>\n\t\t\t\t<div class=\"elementor-element elementor-element-40afd005 elementor-widget elementor-widget-text-editor\" data-id=\"40afd005\" data-element_type=\"widget\" data-e-type=\"widget\" data-widget_type=\"text-editor.default\">\n\t\t\t\t\t\t\t\t\t<p>Estamos sempre procurando falar com candidatos empreendedores com uma mentalidade internacional que tenham diferentes habilidades e planos de carreira que possam contribuir com nossos esfor\u00e7os e fortalecer nossa equipe. Melhor ainda se voc\u00ea tiver um v\u00ednculo com Luxemburgo ou falar um dos idiomas nacionais. Voc\u00ea pode enviar suas candidaturas gerais para info@luxcitizenship.com.  <\/p><p><em>Embora recebamos candidatos remotos de todo o mundo, infelizmente n\u00e3o podemos oferecer imigra\u00e7\u00e3o relacionada a emprego nos EUA ou em Luxemburgo.<\/em><\/p>\t\t\t\t\t\t\t\t<\/div>\n\t\t\t\t<\/div>\n\t\t<div data-particle_enable=\"false\" data-particle-mobile-disabled=\"false\" class=\"elementor-element elementor-element-7be42797 e-con-full e-flex e-con e-child\" data-id=\"7be42797\" data-element_type=\"container\" data-e-type=\"container\">\n\t\t\t\t<div class=\"elementor-element elementor-element-f3db932 elementor-widget elementor-widget-image\" data-id=\"f3db932\" data-element_type=\"widget\" data-e-type=\"widget\" data-widget_type=\"image.default\">\n\t\t\t\t\t\t\t\t\t\t\t\t\t\t\t<img decoding=\"async\" width=\"1024\" height=\"768\" src=\"https:\/\/www.luxcitizenship.com\/wp-content\/uploads\/2025\/06\/LuxCitizenship-Team-1024x768.jpg\" class=\"attachment-large size-large wp-image-38778\" alt=\"Lauren and Daniel Atz in Luxembourg\" srcset=\"https:\/\/www.luxcitizenship.com\/wp-content\/uploads\/2025\/06\/LuxCitizenship-Team-1024x768.jpg 1024w, https:\/\/www.luxcitizenship.com\/wp-content\/uploads\/2025\/06\/LuxCitizenship-Team-300x225.jpg 300w, https:\/\/www.luxcitizenship.com\/wp-content\/uploads\/2025\/06\/LuxCitizenship-Team-768x576.jpg 768w, https:\/\/www.luxcitizenship.com\/wp-content\/uploads\/2025\/06\/LuxCitizenship-Team-1200x900.jpg 1200w, https:\/\/www.luxcitizenship.com\/wp-content\/uploads\/2025\/06\/LuxCitizenship-Team.jpg 1333w\" sizes=\"(max-width: 1024px) 100vw, 1024px\" \/>\t\t\t\t\t\t\t\t\t\t\t\t\t\t\t<\/div>\n\t\t\t\t<\/div>\n\t\t\t\t<\/div>\n\t\t\t\t\t<\/div>\n\t\t\t\t<\/div>\n\t\t\t\t<\/div>\n\t\t","protected":false},"excerpt":{"rendered":"<p>Carreiras Apoiar uma comunidade em crescimento. Construa pontes globais. A LuxCitizenship \u00e9 uma empresa privada que ajuda a construir uma comunidade para os cidad\u00e3os duplos de Luxemburgo baseados nos Estados Unidos, Brasil, Argentina e Luxemburgo, \u00e9 claro! Ao fazer isso, estamos ajudando a construir pontes transatl\u00e2nticas que impulsionar\u00e3o a colabora\u00e7\u00e3o global no futuro. Fomos fundados &hellip;<\/p>\n","protected":false},"author":10,"featured_media":46962,"parent":0,"menu_order":0,"comment_status":"closed","ping_status":"closed","template":"elementor_header_footer","meta":{"_genesis_block_theme_hide_title":false,"footnotes":""},"tags":[],"class_list":["post-42161","page","type-page","status-publish","has-post-thumbnail","hentry","post","with-featured-image"],"yoast_head":"<!-- This site is optimized with the Yoast SEO Premium plugin v27.3 (Yoast SEO v27.3) - https:\/\/yoast.com\/product\/yoast-seo-premium-wordpress\/ -->\n<title>Oportunidades de carreira | LuxCitizenship<\/title>\n<meta name=\"description\" content=\"Saiba mais sobre as oportunidades de carreira na equipe global e unida da LuxCitizenship. Queremos ouvir de voc\u00ea!\" \/>\n<meta name=\"robots\" content=\"index, follow, max-snippet:-1, max-image-preview:large, max-video-preview:-1\" \/>\n<link rel=\"canonical\" href=\"https:\/\/www.luxcitizenship.com\/br\/oportunidades-de-carreira-luxcitizenship\/\" \/>\n<meta property=\"og:locale\" content=\"pt_BR\" \/>\n<meta property=\"og:type\" content=\"article\" \/>\n<meta property=\"og:title\" content=\"Oportunidades de carreira - LuxCitizenship\" \/>\n<meta property=\"og:description\" content=\"Saiba mais sobre as oportunidades de carreira na equipe global e unida da LuxCitizenship. Queremos ouvir de voc\u00ea!\" \/>\n<meta property=\"og:url\" content=\"https:\/\/www.luxcitizenship.com\/br\/oportunidades-de-carreira-luxcitizenship\/\" \/>\n<meta property=\"og:site_name\" content=\"LuxCitizenship\" \/>\n<meta property=\"article:publisher\" content=\"http:\/\/facebook.com\/luxcitizenship\/\" \/>\n<meta property=\"article:modified_time\" content=\"2025-06-19T21:13:17+00:00\" \/>\n<meta property=\"og:image\" content=\"https:\/\/www.luxcitizenship.com\/wp-content\/uploads\/2021\/06\/Luxembourg-Community-Graphic-3-1024x821-1.jpg\" \/>\n\t<meta property=\"og:image:width\" content=\"1024\" \/>\n\t<meta property=\"og:image:height\" content=\"821\" \/>\n\t<meta property=\"og:image:type\" content=\"image\/jpeg\" \/>\n<meta name=\"twitter:card\" content=\"summary_large_image\" \/>\n<meta name=\"twitter:label1\" content=\"Est. tempo de leitura\" \/>\n\t<meta name=\"twitter:data1\" content=\"2 minutos\" \/>\n<script type=\"application\/ld+json\" class=\"yoast-schema-graph\">{\"@context\":\"https:\\\/\\\/schema.org\",\"@graph\":[{\"@type\":\"WebPage\",\"@id\":\"https:\\\/\\\/www.luxcitizenship.com\\\/br\\\/oportunidades-de-carreira-luxcitizenship\\\/\",\"url\":\"https:\\\/\\\/www.luxcitizenship.com\\\/br\\\/oportunidades-de-carreira-luxcitizenship\\\/\",\"name\":\"Oportunidades de carreira | LuxCitizenship\",\"isPartOf\":{\"@id\":\"https:\\\/\\\/www.luxcitizenship.com\\\/br\\\/#website\"},\"primaryImageOfPage\":{\"@id\":\"https:\\\/\\\/www.luxcitizenship.com\\\/br\\\/oportunidades-de-carreira-luxcitizenship\\\/#primaryimage\"},\"image\":{\"@id\":\"https:\\\/\\\/www.luxcitizenship.com\\\/br\\\/oportunidades-de-carreira-luxcitizenship\\\/#primaryimage\"},\"thumbnailUrl\":\"https:\\\/\\\/www.luxcitizenship.com\\\/wp-content\\\/uploads\\\/2022\\\/02\\\/Veronica-Daniel-Luxembourg-Banner.jpg\",\"datePublished\":\"2021-04-05T15:05:41+00:00\",\"dateModified\":\"2025-06-19T21:13:17+00:00\",\"description\":\"Saiba mais sobre as oportunidades de carreira na equipe global e unida da LuxCitizenship. Queremos ouvir de voc\u00ea!\",\"breadcrumb\":{\"@id\":\"https:\\\/\\\/www.luxcitizenship.com\\\/br\\\/oportunidades-de-carreira-luxcitizenship\\\/#breadcrumb\"},\"inLanguage\":\"pt-BR\",\"potentialAction\":[{\"@type\":\"ReadAction\",\"target\":[\"https:\\\/\\\/www.luxcitizenship.com\\\/br\\\/oportunidades-de-carreira-luxcitizenship\\\/\"]}]},{\"@type\":\"ImageObject\",\"inLanguage\":\"pt-BR\",\"@id\":\"https:\\\/\\\/www.luxcitizenship.com\\\/br\\\/oportunidades-de-carreira-luxcitizenship\\\/#primaryimage\",\"url\":\"https:\\\/\\\/www.luxcitizenship.com\\\/wp-content\\\/uploads\\\/2022\\\/02\\\/Veronica-Daniel-Luxembourg-Banner.jpg\",\"contentUrl\":\"https:\\\/\\\/www.luxcitizenship.com\\\/wp-content\\\/uploads\\\/2022\\\/02\\\/Veronica-Daniel-Luxembourg-Banner.jpg\",\"width\":2048,\"height\":944},{\"@type\":\"BreadcrumbList\",\"@id\":\"https:\\\/\\\/www.luxcitizenship.com\\\/br\\\/oportunidades-de-carreira-luxcitizenship\\\/#breadcrumb\",\"itemListElement\":[{\"@type\":\"ListItem\",\"position\":1,\"name\":\"Home\",\"item\":\"https:\\\/\\\/www.luxcitizenship.com\\\/br\\\/\"},{\"@type\":\"ListItem\",\"position\":2,\"name\":\"Oportunidades de carreira &#8211; LuxCitizenship\"}]},{\"@type\":\"WebSite\",\"@id\":\"https:\\\/\\\/www.luxcitizenship.com\\\/br\\\/#website\",\"url\":\"https:\\\/\\\/www.luxcitizenship.com\\\/br\\\/\",\"name\":\"luxcitizenship.com\",\"description\":\"LuxCitizenship guides individuals worldwide in reclaiming Luxembourg dual citizenship through ancestry, offering expert support and fostering a global community.\",\"publisher\":{\"@id\":\"https:\\\/\\\/www.luxcitizenship.com\\\/br\\\/#organization\"},\"potentialAction\":[{\"@type\":\"SearchAction\",\"target\":{\"@type\":\"EntryPoint\",\"urlTemplate\":\"https:\\\/\\\/www.luxcitizenship.com\\\/br\\\/?s={search_term_string}\"},\"query-input\":{\"@type\":\"PropertyValueSpecification\",\"valueRequired\":true,\"valueName\":\"search_term_string\"}}],\"inLanguage\":\"pt-BR\"},{\"@type\":\"Organization\",\"@id\":\"https:\\\/\\\/www.luxcitizenship.com\\\/br\\\/#organization\",\"name\":\"luxcitizenship.com\",\"alternateName\":\"LuxCitizenship\",\"url\":\"https:\\\/\\\/www.luxcitizenship.com\\\/br\\\/\",\"logo\":{\"@type\":\"ImageObject\",\"inLanguage\":\"pt-BR\",\"@id\":\"https:\\\/\\\/www.luxcitizenship.com\\\/br\\\/#\\\/schema\\\/logo\\\/image\\\/\",\"url\":\"https:\\\/\\\/www.luxcitizenship.com\\\/wp-content\\\/uploads\\\/2025\\\/07\\\/Logo-LuxCitizenship-scaled.png\",\"contentUrl\":\"https:\\\/\\\/www.luxcitizenship.com\\\/wp-content\\\/uploads\\\/2025\\\/07\\\/Logo-LuxCitizenship-scaled.png\",\"width\":2560,\"height\":340,\"caption\":\"luxcitizenship.com\"},\"image\":{\"@id\":\"https:\\\/\\\/www.luxcitizenship.com\\\/br\\\/#\\\/schema\\\/logo\\\/image\\\/\"},\"sameAs\":[\"http:\\\/\\\/facebook.com\\\/luxcitizenship\\\/\",\"http:\\\/\\\/instagram.com\\\/lux.citizenship\\\/\"],\"description\":\"Whether you\u2019re seeking citizenship, community, or a deeper connection to your heritage, LuxCitizenship is here to help you every step of the way.\",\"email\":\"info@luxcitizenship.com\",\"telephone\":\"(917) 740-8908\",\"legalName\":\"Connaissance Solutions LLC\",\"numberOfEmployees\":{\"@type\":\"QuantitativeValue\",\"minValue\":\"11\",\"maxValue\":\"50\"}}]}<\/script>\n<!-- \/ Yoast SEO Premium plugin. -->","yoast_head_json":{"title":"Oportunidades de carreira | LuxCitizenship","description":"Saiba mais sobre as oportunidades de carreira na equipe global e unida da LuxCitizenship. Queremos ouvir de voc\u00ea!","robots":{"index":"index","follow":"follow","max-snippet":"max-snippet:-1","max-image-preview":"max-image-preview:large","max-video-preview":"max-video-preview:-1"},"canonical":"https:\/\/www.luxcitizenship.com\/br\/oportunidades-de-carreira-luxcitizenship\/","og_locale":"pt_BR","og_type":"article","og_title":"Oportunidades de carreira - LuxCitizenship","og_description":"Saiba mais sobre as oportunidades de carreira na equipe global e unida da LuxCitizenship. Queremos ouvir de voc\u00ea!","og_url":"https:\/\/www.luxcitizenship.com\/br\/oportunidades-de-carreira-luxcitizenship\/","og_site_name":"LuxCitizenship","article_publisher":"http:\/\/facebook.com\/luxcitizenship\/","article_modified_time":"2025-06-19T21:13:17+00:00","og_image":[{"width":1024,"height":821,"url":"https:\/\/www.luxcitizenship.com\/wp-content\/uploads\/2021\/06\/Luxembourg-Community-Graphic-3-1024x821-1.jpg","type":"image\/jpeg"}],"twitter_card":"summary_large_image","twitter_misc":{"Est. tempo de leitura":"2 minutos"},"schema":{"@context":"https:\/\/schema.org","@graph":[{"@type":"WebPage","@id":"https:\/\/www.luxcitizenship.com\/br\/oportunidades-de-carreira-luxcitizenship\/","url":"https:\/\/www.luxcitizenship.com\/br\/oportunidades-de-carreira-luxcitizenship\/","name":"Oportunidades de carreira | LuxCitizenship","isPartOf":{"@id":"https:\/\/www.luxcitizenship.com\/br\/#website"},"primaryImageOfPage":{"@id":"https:\/\/www.luxcitizenship.com\/br\/oportunidades-de-carreira-luxcitizenship\/#primaryimage"},"image":{"@id":"https:\/\/www.luxcitizenship.com\/br\/oportunidades-de-carreira-luxcitizenship\/#primaryimage"},"thumbnailUrl":"https:\/\/www.luxcitizenship.com\/wp-content\/uploads\/2022\/02\/Veronica-Daniel-Luxembourg-Banner.jpg","datePublished":"2021-04-05T15:05:41+00:00","dateModified":"2025-06-19T21:13:17+00:00","description":"Saiba mais sobre as oportunidades de carreira na equipe global e unida da LuxCitizenship. Queremos ouvir de voc\u00ea!","breadcrumb":{"@id":"https:\/\/www.luxcitizenship.com\/br\/oportunidades-de-carreira-luxcitizenship\/#breadcrumb"},"inLanguage":"pt-BR","potentialAction":[{"@type":"ReadAction","target":["https:\/\/www.luxcitizenship.com\/br\/oportunidades-de-carreira-luxcitizenship\/"]}]},{"@type":"ImageObject","inLanguage":"pt-BR","@id":"https:\/\/www.luxcitizenship.com\/br\/oportunidades-de-carreira-luxcitizenship\/#primaryimage","url":"https:\/\/www.luxcitizenship.com\/wp-content\/uploads\/2022\/02\/Veronica-Daniel-Luxembourg-Banner.jpg","contentUrl":"https:\/\/www.luxcitizenship.com\/wp-content\/uploads\/2022\/02\/Veronica-Daniel-Luxembourg-Banner.jpg","width":2048,"height":944},{"@type":"BreadcrumbList","@id":"https:\/\/www.luxcitizenship.com\/br\/oportunidades-de-carreira-luxcitizenship\/#breadcrumb","itemListElement":[{"@type":"ListItem","position":1,"name":"Home","item":"https:\/\/www.luxcitizenship.com\/br\/"},{"@type":"ListItem","position":2,"name":"Oportunidades de carreira &#8211; LuxCitizenship"}]},{"@type":"WebSite","@id":"https:\/\/www.luxcitizenship.com\/br\/#website","url":"https:\/\/www.luxcitizenship.com\/br\/","name":"luxcitizenship.com","description":"LuxCitizenship guides individuals worldwide in reclaiming Luxembourg dual citizenship through ancestry, offering expert support and fostering a global community.","publisher":{"@id":"https:\/\/www.luxcitizenship.com\/br\/#organization"},"potentialAction":[{"@type":"SearchAction","target":{"@type":"EntryPoint","urlTemplate":"https:\/\/www.luxcitizenship.com\/br\/?s={search_term_string}"},"query-input":{"@type":"PropertyValueSpecification","valueRequired":true,"valueName":"search_term_string"}}],"inLanguage":"pt-BR"},{"@type":"Organization","@id":"https:\/\/www.luxcitizenship.com\/br\/#organization","name":"luxcitizenship.com","alternateName":"LuxCitizenship","url":"https:\/\/www.luxcitizenship.com\/br\/","logo":{"@type":"ImageObject","inLanguage":"pt-BR","@id":"https:\/\/www.luxcitizenship.com\/br\/#\/schema\/logo\/image\/","url":"https:\/\/www.luxcitizenship.com\/wp-content\/uploads\/2025\/07\/Logo-LuxCitizenship-scaled.png","contentUrl":"https:\/\/www.luxcitizenship.com\/wp-content\/uploads\/2025\/07\/Logo-LuxCitizenship-scaled.png","width":2560,"height":340,"caption":"luxcitizenship.com"},"image":{"@id":"https:\/\/www.luxcitizenship.com\/br\/#\/schema\/logo\/image\/"},"sameAs":["http:\/\/facebook.com\/luxcitizenship\/","http:\/\/instagram.com\/lux.citizenship\/"],"description":"Whether you\u2019re seeking citizenship, community, or a deeper connection to your heritage, LuxCitizenship is here to help you every step of the way.","email":"info@luxcitizenship.com","telephone":"(917) 740-8908","legalName":"Connaissance Solutions LLC","numberOfEmployees":{"@type":"QuantitativeValue","minValue":"11","maxValue":"50"}}]}},"featured_image_src":"https:\/\/www.luxcitizenship.com\/wp-content\/uploads\/2022\/02\/Veronica-Daniel-Luxembourg-Banner-600x400.jpg","featured_image_src_square":"https:\/\/www.luxcitizenship.com\/wp-content\/uploads\/2022\/02\/Veronica-Daniel-Luxembourg-Banner-600x600.jpg","_links":{"self":[{"href":"https:\/\/www.luxcitizenship.com\/br\/wp-json\/wp\/v2\/pages\/42161","targetHints":{"allow":["GET"]}}],"collection":[{"href":"https:\/\/www.luxcitizenship.com\/br\/wp-json\/wp\/v2\/pages"}],"about":[{"href":"https:\/\/www.luxcitizenship.com\/br\/wp-json\/wp\/v2\/types\/page"}],"author":[{"embeddable":true,"href":"https:\/\/www.luxcitizenship.com\/br\/wp-json\/wp\/v2\/users\/10"}],"replies":[{"embeddable":true,"href":"https:\/\/www.luxcitizenship.com\/br\/wp-json\/wp\/v2\/comments?post=42161"}],"version-history":[{"count":0,"href":"https:\/\/www.luxcitizenship.com\/br\/wp-json\/wp\/v2\/pages\/42161\/revisions"}],"wp:featuredmedia":[{"embeddable":true,"href":"https:\/\/www.luxcitizenship.com\/br\/wp-json\/wp\/v2\/media\/46962"}],"wp:attachment":[{"href":"https:\/\/www.luxcitizenship.com\/br\/wp-json\/wp\/v2\/media?parent=42161"}],"wp:term":[{"taxonomy":"post_tag","embeddable":true,"href":"https:\/\/www.luxcitizenship.com\/br\/wp-json\/wp\/v2\/tags?post=42161"}],"curies":[{"name":"wp","href":"https:\/\/api.w.org\/{rel}","templated":true}]}}