{"id":42145,"date":"2016-11-21T01:04:24","date_gmt":"2016-11-21T06:04:24","guid":{"rendered":"https:\/\/ko3g503ir7-staging.onrocket.site\/informacoes-legais-sobre-como-fazer-negocios-com-o-luxcitizenship-com\/"},"modified":"2025-06-19T17:11:49","modified_gmt":"2025-06-19T21:11:49","slug":"informacoes-legais-sobre-como-fazer-negocios-com-o-luxcitizenship-com","status":"publish","type":"page","link":"https:\/\/www.luxcitizenship.com\/br\/informacoes-legais-sobre-como-fazer-negocios-com-o-luxcitizenship-com\/","title":{"rendered":"Informa\u00e7\u00f5es legais sobre como fazer neg\u00f3cios com o LuxCitizenship.com"},"content":{"rendered":"\t\t<div data-elementor-type=\"wp-page\" data-elementor-id=\"42145\" class=\"elementor elementor-42145 elementor-223\" data-elementor-post-type=\"page\">\n\t\t\t\t<div data-particle_enable=\"false\" data-particle-mobile-disabled=\"false\" class=\"elementor-element elementor-element-ee539ed e-flex e-con-boxed e-con e-parent\" data-id=\"ee539ed\" data-element_type=\"container\" data-e-type=\"container\">\n\t\t\t\t\t<div class=\"e-con-inner\">\n\t\t\t\t<div class=\"elementor-element elementor-element-0a995b1 elementor-widget elementor-widget-heading\" data-id=\"0a995b1\" data-element_type=\"widget\" data-e-type=\"widget\" data-widget_type=\"heading.default\">\n\t\t\t\t\t<h1 class=\"elementor-heading-title elementor-size-default\">Divulga\u00e7\u00f5es legais<\/h1>\t\t\t\t<\/div>\n\t\t\t\t<div class=\"elementor-element elementor-element-62f69ea elementor-widget elementor-widget-text-editor\" data-id=\"62f69ea\" data-element_type=\"widget\" data-e-type=\"widget\" data-widget_type=\"text-editor.default\">\n\t\t\t\t\t\t\t\t\t<h3>Isen\u00e7\u00e3o de responsabilidade<\/h3><p>A Delaware Limited Liability Company Connaissance Solutions d\/b\/a <a href=\"https:\/\/www.luxcitizenship.com\">LuxCitizenship<\/a> (doravante denominada \u201cLC\u201d) n\u00e3o faz declara\u00e7\u00f5es ou garantias quanto \u00e0 precis\u00e3o, corre\u00e7\u00e3o ou confiabilidade do Conte\u00fado do Site. O Conte\u00fado do Site e os servi\u00e7os da LC, conforme descritos neste Site, s\u00e3o de natureza informativa e n\u00e3o pretendem, de forma alguma, representar aconselhamento jur\u00eddico em qualquer jurisdi\u00e7\u00e3o. A LC e suas afiliadas, sucessores, cession\u00e1rios, funcion\u00e1rios, agentes, diretores, executivos e acionistas n\u00e3o assumem nenhuma responsabilidade ou obriga\u00e7\u00e3o que possa surgir do Conte\u00fado do LuxCitizenship, do uso que voc\u00ea faz deste Site ou devido a altera\u00e7\u00f5es nas informa\u00e7\u00f5es do servi\u00e7o da LC ap\u00f3s altera\u00e7\u00f5es na lei ou regulamento em uma jurisdi\u00e7\u00e3o relevante, incluindo, mas n\u00e3o se limitando a, reivindica\u00e7\u00f5es por difama\u00e7\u00e3o, cal\u00fania, inj\u00faria, viola\u00e7\u00e3o de direitos autorais ou marcas registradas, invas\u00e3o de privacidade e direitos de publicidade, obscenidade, pornografia, profana\u00e7\u00e3o, fraude ou deturpa\u00e7\u00e3o.  <\/p><p>De forma alguma a intera\u00e7\u00e3o em qualquer momento entre a LuxCitizenship, suas afiliadas, sucessores, cession\u00e1rios, funcion\u00e1rios, agentes, diretores, executivos e acionistas e o usu\u00e1rio ou cliente cria uma rela\u00e7\u00e3o cliente-advogado.<\/p><p>A LuxCitizenship pode n\u00e3o ser capaz de fornecer os servi\u00e7os descritos neste site para alguns residentes do Estado de Delaware.<\/p><p>A LC n\u00e3o representa ou endossa a precis\u00e3o ou confiabilidade de qualquer conselho, opini\u00e3o, declara\u00e7\u00e3o ou outra informa\u00e7\u00e3o exibida, carregada ou distribu\u00edda atrav\u00e9s do Site por qualquer usu\u00e1rio, pelo Licenciante ou por qualquer outra pessoa ou entidade. Voc\u00ea reconhece que qualquer confian\u00e7a em qualquer texto ou conte\u00fado gr\u00e1fico ser\u00e1 de seu exclusivo crit\u00e9rio. <\/p><p>O CONTE\u00daDO DO LC E OS SERVI\u00c7OS ASSOCIADOS S\u00c3O FORNECIDOS \u201cNO ESTADO EM QUE SE ENCONTRAM\u201d, SEM GARANTIAS DE QUALQUER TIPO, EXPRESSAS OU IMPL\u00cdCITAS, INCLUINDO, SEM LIMITA\u00c7\u00c3O, GARANTIAS DE T\u00cdTULO OU GARANTIAS IMPL\u00cdCITAS DE COMERCIALIZA\u00c7\u00c3O OU ADEQUA\u00c7\u00c3O A UMA FINALIDADE ESPEC\u00cdFICA. AS FUN\u00c7\u00d5ES INCORPORADAS OU NOS MATERIAIS DESTE SITE N\u00c3O S\u00c3O GARANTIDAS COMO ININTERRUPTAS OU SEM ERROS. N\u00c3O OFERECEMOS NENHUMA GARANTIA MATERIAL DE QUE O SITE OU O CONTE\u00daDO DO LC ESTEJA LIVRE DE INFEC\u00c7\u00c3O POR V\u00cdRUS OU QUALQUER OUTRA COISA QUE TENHA PROPRIEDADES CONTAMINANTES OU DESTRUTIVAS. VOC\u00ca RECONHECE QUE O USO DESTE SITE FICA A SEU CRIT\u00c9RIO EXCLUSIVO.   <\/p><p>Alguns estados dos EUA e pa\u00edses estrangeiros n\u00e3o permitem a exclus\u00e3o ou limita\u00e7\u00e3o de garantias impl\u00edcitas ou responsabilidade por determinadas categorias de danos. Portanto, algumas ou todas as limita\u00e7\u00f5es acima podem n\u00e3o se aplicar a voc\u00ea na medida em que forem proibidas ou substitu\u00eddas por disposi\u00e7\u00f5es estaduais ou nacionais. <\/p><h3>Limita\u00e7\u00e3o de responsabilidade<\/h3><p>EM NENHUMA CIRCUNST\u00c2NCIA A LC, SEUS DIRETORES, MEMBROS, FUNCION\u00c1RIOS, LICENCIADORES OU AGENTES SER\u00c3O RESPONS\u00c1VEIS POR QUAISQUER DANOS DIRETOS, ESPECIAIS, INDIRETOS OU CONSEQUENTES, OU QUAISQUER OUTROS DANOS DE QUALQUER TIPO, INCLUINDO, ENTRE OUTROS, PERDA DE USO, PERDA DE LUCROS OU PERDA DE DADOS, SEJA EM UMA A\u00c7\u00c3O CONTRATUAL, DELITO (INCLUINDO, ENTRE OUTROS, NEGLIG\u00caNCIA) OU DE OUTRA FORMA, DECORRENTE DE OU DE ALGUMA FORMA RELACIONADA AO USO DO SITE, DO CONTE\u00daDO DA LC OU DOS MATERIAIS CONTIDOS OU ACESSADOS POR MEIO DO SITE.<\/p>\t\t\t\t\t\t\t\t<\/div>\n\t\t\t\t\t<\/div>\n\t\t\t\t<\/div>\n\t\t\t\t<\/div>\n\t\t","protected":false},"excerpt":{"rendered":"<p>Divulga\u00e7\u00f5es legais Isen\u00e7\u00e3o de responsabilidade A Delaware Limited Liability Company Connaissance Solutions d\/b\/a LuxCitizenship (doravante denominada \u201cLC\u201d) n\u00e3o faz declara\u00e7\u00f5es ou garantias quanto \u00e0 precis\u00e3o, corre\u00e7\u00e3o ou confiabilidade do Conte\u00fado do Site. O Conte\u00fado do Site e os servi\u00e7os da LC, conforme descritos neste Site, s\u00e3o de natureza informativa e n\u00e3o pretendem, de forma alguma, &hellip;<\/p>\n","protected":false},"author":2,"featured_media":0,"parent":0,"menu_order":0,"comment_status":"closed","ping_status":"closed","template":"elementor_header_footer","meta":{"_genesis_block_theme_hide_title":false,"footnotes":""},"tags":[],"class_list":["post-42145","page","type-page","status-publish","hentry","post","without-featured-image"],"yoast_head":"<!-- This site is optimized with the Yoast SEO Premium plugin v27.3 (Yoast SEO v27.3) - https:\/\/yoast.com\/product\/yoast-seo-premium-wordpress\/ -->\n<title>Informa\u00e7\u00f5es legais sobre como fazer neg\u00f3cios com o LuxCitizenship.com - LuxCitizenship<\/title>\n<meta name=\"description\" content=\"Visite esta p\u00e1gina para ler todos os avisos legais do LuxCitizenship.com. Saiba mais sobre como fazer neg\u00f3cios com nossa empresa.\" \/>\n<meta name=\"robots\" content=\"index, follow, max-snippet:-1, max-image-preview:large, max-video-preview:-1\" \/>\n<link rel=\"canonical\" href=\"https:\/\/www.luxcitizenship.com\/br\/informacoes-legais-sobre-como-fazer-negocios-com-o-luxcitizenship-com\/\" \/>\n<meta property=\"og:locale\" content=\"pt_BR\" \/>\n<meta property=\"og:type\" content=\"article\" \/>\n<meta property=\"og:title\" content=\"Informa\u00e7\u00f5es legais sobre como fazer neg\u00f3cios com o LuxCitizenship.com\" \/>\n<meta property=\"og:description\" content=\"Visite esta p\u00e1gina para ler todos os avisos legais do LuxCitizenship.com. Saiba mais sobre como fazer neg\u00f3cios com nossa empresa.\" \/>\n<meta property=\"og:url\" content=\"https:\/\/www.luxcitizenship.com\/br\/informacoes-legais-sobre-como-fazer-negocios-com-o-luxcitizenship-com\/\" \/>\n<meta property=\"og:site_name\" content=\"LuxCitizenship\" \/>\n<meta property=\"article:publisher\" content=\"http:\/\/facebook.com\/luxcitizenship\/\" \/>\n<meta property=\"article:modified_time\" content=\"2025-06-19T21:11:49+00:00\" \/>\n<meta name=\"twitter:card\" content=\"summary_large_image\" \/>\n<meta name=\"twitter:label1\" content=\"Est. tempo de leitura\" \/>\n\t<meta name=\"twitter:data1\" content=\"3 minutos\" \/>\n<script type=\"application\/ld+json\" class=\"yoast-schema-graph\">{\"@context\":\"https:\\\/\\\/schema.org\",\"@graph\":[{\"@type\":\"WebPage\",\"@id\":\"https:\\\/\\\/www.luxcitizenship.com\\\/br\\\/informacoes-legais-sobre-como-fazer-negocios-com-o-luxcitizenship-com\\\/\",\"url\":\"https:\\\/\\\/www.luxcitizenship.com\\\/br\\\/informacoes-legais-sobre-como-fazer-negocios-com-o-luxcitizenship-com\\\/\",\"name\":\"Informa\u00e7\u00f5es legais sobre como fazer neg\u00f3cios com o LuxCitizenship.com - LuxCitizenship\",\"isPartOf\":{\"@id\":\"https:\\\/\\\/www.luxcitizenship.com\\\/br\\\/#website\"},\"datePublished\":\"2016-11-21T06:04:24+00:00\",\"dateModified\":\"2025-06-19T21:11:49+00:00\",\"description\":\"Visite esta p\u00e1gina para ler todos os avisos legais do LuxCitizenship.com. Saiba mais sobre como fazer neg\u00f3cios com nossa empresa.\",\"breadcrumb\":{\"@id\":\"https:\\\/\\\/www.luxcitizenship.com\\\/br\\\/informacoes-legais-sobre-como-fazer-negocios-com-o-luxcitizenship-com\\\/#breadcrumb\"},\"inLanguage\":\"pt-BR\",\"potentialAction\":[{\"@type\":\"ReadAction\",\"target\":[\"https:\\\/\\\/www.luxcitizenship.com\\\/br\\\/informacoes-legais-sobre-como-fazer-negocios-com-o-luxcitizenship-com\\\/\"]}]},{\"@type\":\"BreadcrumbList\",\"@id\":\"https:\\\/\\\/www.luxcitizenship.com\\\/br\\\/informacoes-legais-sobre-como-fazer-negocios-com-o-luxcitizenship-com\\\/#breadcrumb\",\"itemListElement\":[{\"@type\":\"ListItem\",\"position\":1,\"name\":\"Home\",\"item\":\"https:\\\/\\\/www.luxcitizenship.com\\\/br\\\/\"},{\"@type\":\"ListItem\",\"position\":2,\"name\":\"Informa\u00e7\u00f5es legais sobre como fazer neg\u00f3cios com o LuxCitizenship.com\"}]},{\"@type\":\"WebSite\",\"@id\":\"https:\\\/\\\/www.luxcitizenship.com\\\/br\\\/#website\",\"url\":\"https:\\\/\\\/www.luxcitizenship.com\\\/br\\\/\",\"name\":\"luxcitizenship.com\",\"description\":\"LuxCitizenship guides individuals worldwide in reclaiming Luxembourg dual citizenship through ancestry, offering expert support and fostering a global community.\",\"publisher\":{\"@id\":\"https:\\\/\\\/www.luxcitizenship.com\\\/br\\\/#organization\"},\"potentialAction\":[{\"@type\":\"SearchAction\",\"target\":{\"@type\":\"EntryPoint\",\"urlTemplate\":\"https:\\\/\\\/www.luxcitizenship.com\\\/br\\\/?s={search_term_string}\"},\"query-input\":{\"@type\":\"PropertyValueSpecification\",\"valueRequired\":true,\"valueName\":\"search_term_string\"}}],\"inLanguage\":\"pt-BR\"},{\"@type\":\"Organization\",\"@id\":\"https:\\\/\\\/www.luxcitizenship.com\\\/br\\\/#organization\",\"name\":\"luxcitizenship.com\",\"alternateName\":\"LuxCitizenship\",\"url\":\"https:\\\/\\\/www.luxcitizenship.com\\\/br\\\/\",\"logo\":{\"@type\":\"ImageObject\",\"inLanguage\":\"pt-BR\",\"@id\":\"https:\\\/\\\/www.luxcitizenship.com\\\/br\\\/#\\\/schema\\\/logo\\\/image\\\/\",\"url\":\"https:\\\/\\\/www.luxcitizenship.com\\\/wp-content\\\/uploads\\\/2025\\\/07\\\/Logo-LuxCitizenship-scaled.png\",\"contentUrl\":\"https:\\\/\\\/www.luxcitizenship.com\\\/wp-content\\\/uploads\\\/2025\\\/07\\\/Logo-LuxCitizenship-scaled.png\",\"width\":2560,\"height\":340,\"caption\":\"luxcitizenship.com\"},\"image\":{\"@id\":\"https:\\\/\\\/www.luxcitizenship.com\\\/br\\\/#\\\/schema\\\/logo\\\/image\\\/\"},\"sameAs\":[\"http:\\\/\\\/facebook.com\\\/luxcitizenship\\\/\",\"http:\\\/\\\/instagram.com\\\/lux.citizenship\\\/\"],\"description\":\"Whether you\u2019re seeking citizenship, community, or a deeper connection to your heritage, LuxCitizenship is here to help you every step of the way.\",\"email\":\"info@luxcitizenship.com\",\"telephone\":\"(917) 740-8908\",\"legalName\":\"Connaissance Solutions LLC\",\"numberOfEmployees\":{\"@type\":\"QuantitativeValue\",\"minValue\":\"11\",\"maxValue\":\"50\"}}]}<\/script>\n<!-- \/ Yoast SEO Premium plugin. -->","yoast_head_json":{"title":"Informa\u00e7\u00f5es legais sobre como fazer neg\u00f3cios com o LuxCitizenship.com - LuxCitizenship","description":"Visite esta p\u00e1gina para ler todos os avisos legais do LuxCitizenship.com. Saiba mais sobre como fazer neg\u00f3cios com nossa empresa.","robots":{"index":"index","follow":"follow","max-snippet":"max-snippet:-1","max-image-preview":"max-image-preview:large","max-video-preview":"max-video-preview:-1"},"canonical":"https:\/\/www.luxcitizenship.com\/br\/informacoes-legais-sobre-como-fazer-negocios-com-o-luxcitizenship-com\/","og_locale":"pt_BR","og_type":"article","og_title":"Informa\u00e7\u00f5es legais sobre como fazer neg\u00f3cios com o LuxCitizenship.com","og_description":"Visite esta p\u00e1gina para ler todos os avisos legais do LuxCitizenship.com. Saiba mais sobre como fazer neg\u00f3cios com nossa empresa.","og_url":"https:\/\/www.luxcitizenship.com\/br\/informacoes-legais-sobre-como-fazer-negocios-com-o-luxcitizenship-com\/","og_site_name":"LuxCitizenship","article_publisher":"http:\/\/facebook.com\/luxcitizenship\/","article_modified_time":"2025-06-19T21:11:49+00:00","twitter_card":"summary_large_image","twitter_misc":{"Est. tempo de leitura":"3 minutos"},"schema":{"@context":"https:\/\/schema.org","@graph":[{"@type":"WebPage","@id":"https:\/\/www.luxcitizenship.com\/br\/informacoes-legais-sobre-como-fazer-negocios-com-o-luxcitizenship-com\/","url":"https:\/\/www.luxcitizenship.com\/br\/informacoes-legais-sobre-como-fazer-negocios-com-o-luxcitizenship-com\/","name":"Informa\u00e7\u00f5es legais sobre como fazer neg\u00f3cios com o LuxCitizenship.com - LuxCitizenship","isPartOf":{"@id":"https:\/\/www.luxcitizenship.com\/br\/#website"},"datePublished":"2016-11-21T06:04:24+00:00","dateModified":"2025-06-19T21:11:49+00:00","description":"Visite esta p\u00e1gina para ler todos os avisos legais do LuxCitizenship.com. Saiba mais sobre como fazer neg\u00f3cios com nossa empresa.","breadcrumb":{"@id":"https:\/\/www.luxcitizenship.com\/br\/informacoes-legais-sobre-como-fazer-negocios-com-o-luxcitizenship-com\/#breadcrumb"},"inLanguage":"pt-BR","potentialAction":[{"@type":"ReadAction","target":["https:\/\/www.luxcitizenship.com\/br\/informacoes-legais-sobre-como-fazer-negocios-com-o-luxcitizenship-com\/"]}]},{"@type":"BreadcrumbList","@id":"https:\/\/www.luxcitizenship.com\/br\/informacoes-legais-sobre-como-fazer-negocios-com-o-luxcitizenship-com\/#breadcrumb","itemListElement":[{"@type":"ListItem","position":1,"name":"Home","item":"https:\/\/www.luxcitizenship.com\/br\/"},{"@type":"ListItem","position":2,"name":"Informa\u00e7\u00f5es legais sobre como fazer neg\u00f3cios com o LuxCitizenship.com"}]},{"@type":"WebSite","@id":"https:\/\/www.luxcitizenship.com\/br\/#website","url":"https:\/\/www.luxcitizenship.com\/br\/","name":"luxcitizenship.com","description":"LuxCitizenship guides individuals worldwide in reclaiming Luxembourg dual citizenship through ancestry, offering expert support and fostering a global community.","publisher":{"@id":"https:\/\/www.luxcitizenship.com\/br\/#organization"},"potentialAction":[{"@type":"SearchAction","target":{"@type":"EntryPoint","urlTemplate":"https:\/\/www.luxcitizenship.com\/br\/?s={search_term_string}"},"query-input":{"@type":"PropertyValueSpecification","valueRequired":true,"valueName":"search_term_string"}}],"inLanguage":"pt-BR"},{"@type":"Organization","@id":"https:\/\/www.luxcitizenship.com\/br\/#organization","name":"luxcitizenship.com","alternateName":"LuxCitizenship","url":"https:\/\/www.luxcitizenship.com\/br\/","logo":{"@type":"ImageObject","inLanguage":"pt-BR","@id":"https:\/\/www.luxcitizenship.com\/br\/#\/schema\/logo\/image\/","url":"https:\/\/www.luxcitizenship.com\/wp-content\/uploads\/2025\/07\/Logo-LuxCitizenship-scaled.png","contentUrl":"https:\/\/www.luxcitizenship.com\/wp-content\/uploads\/2025\/07\/Logo-LuxCitizenship-scaled.png","width":2560,"height":340,"caption":"luxcitizenship.com"},"image":{"@id":"https:\/\/www.luxcitizenship.com\/br\/#\/schema\/logo\/image\/"},"sameAs":["http:\/\/facebook.com\/luxcitizenship\/","http:\/\/instagram.com\/lux.citizenship\/"],"description":"Whether you\u2019re seeking citizenship, community, or a deeper connection to your heritage, LuxCitizenship is here to help you every step of the way.","email":"info@luxcitizenship.com","telephone":"(917) 740-8908","legalName":"Connaissance Solutions LLC","numberOfEmployees":{"@type":"QuantitativeValue","minValue":"11","maxValue":"50"}}]}},"featured_image_src":null,"featured_image_src_square":null,"_links":{"self":[{"href":"https:\/\/www.luxcitizenship.com\/br\/wp-json\/wp\/v2\/pages\/42145","targetHints":{"allow":["GET"]}}],"collection":[{"href":"https:\/\/www.luxcitizenship.com\/br\/wp-json\/wp\/v2\/pages"}],"about":[{"href":"https:\/\/www.luxcitizenship.com\/br\/wp-json\/wp\/v2\/types\/page"}],"author":[{"embeddable":true,"href":"https:\/\/www.luxcitizenship.com\/br\/wp-json\/wp\/v2\/users\/2"}],"replies":[{"embeddable":true,"href":"https:\/\/www.luxcitizenship.com\/br\/wp-json\/wp\/v2\/comments?post=42145"}],"version-history":[{"count":0,"href":"https:\/\/www.luxcitizenship.com\/br\/wp-json\/wp\/v2\/pages\/42145\/revisions"}],"wp:attachment":[{"href":"https:\/\/www.luxcitizenship.com\/br\/wp-json\/wp\/v2\/media?parent=42145"}],"wp:term":[{"taxonomy":"post_tag","embeddable":true,"href":"https:\/\/www.luxcitizenship.com\/br\/wp-json\/wp\/v2\/tags?post=42145"}],"curies":[{"name":"wp","href":"https:\/\/api.w.org\/{rel}","templated":true}]}}