{"id":42143,"date":"2025-05-03T13:35:55","date_gmt":"2025-05-03T17:35:55","guid":{"rendered":"https:\/\/ko3g503ir7-staging.onrocket.site\/diretor-executivo-iniciativas-internacionais\/"},"modified":"2025-06-19T17:11:10","modified_gmt":"2025-06-19T21:11:10","slug":"diretor-executivo-iniciativas-internacionais","status":"publish","type":"page","link":"https:\/\/www.luxcitizenship.com\/br\/diretor-executivo-iniciativas-internacionais\/","title":{"rendered":"DIRETOR EXECUTIVO &#8211; INICIATIVAS INTERNACIONAIS"},"content":{"rendered":"\t\t<div data-elementor-type=\"wp-page\" data-elementor-id=\"42143\" class=\"elementor elementor-42143 elementor-37153\" data-elementor-post-type=\"page\">\n\t\t\t\t<div data-particle_enable=\"false\" data-particle-mobile-disabled=\"false\" class=\"elementor-element elementor-element-1785dfef e-flex e-con-boxed e-con e-parent\" data-id=\"1785dfef\" data-element_type=\"container\" data-e-type=\"container\">\n\t\t\t\t\t<div class=\"e-con-inner\">\n\t\t\t\t<div class=\"elementor-element elementor-element-47c3cd2b elementor-widget elementor-widget-theme-post-title elementor-page-title elementor-widget-heading\" data-id=\"47c3cd2b\" data-element_type=\"widget\" data-e-type=\"widget\" data-widget_type=\"theme-post-title.default\">\n\t\t\t\t\t<h1 class=\"elementor-heading-title elementor-size-default\">DIRETOR EXECUTIVO &#8211; INICIATIVAS INTERNACIONAIS<\/h1>\t\t\t\t<\/div>\n\t\t\t\t<div class=\"elementor-element elementor-element-33d4b2b elementor-widget elementor-widget-text-editor\" data-id=\"33d4b2b\" data-element_type=\"widget\" data-e-type=\"widget\" data-widget_type=\"text-editor.default\">\n\t\t\t\t\t\t\t\t\t<p><em><strong>LuxCitizenship.com | Remoto\/H\u00edbrido (preferencialmente em NYC\/SF\/DC) | Lideran\u00e7a Executiva em Tempo Integral<\/strong><\/em><\/p><p class=\"entry-header\"><b style=\"font-size: 1.4em;\">SOBRE A CIDADANIA LUXEMBURGUESA E A OPORTUNIDADE<\/b><\/p><div class=\"entry-content\"><p>Fundada em 2016, a LuxCitizenship transforma patrim\u00f4nio em oportunidade ao ajudar americanos com ascend\u00eancia luxemburguesa a recuperar sua dupla cidadania. Com uma taxa de sucesso de 100% nas solicita\u00e7\u00f5es, orientamos mais de 2.100 clientes no processo de cidadania, representando 12,5% de todos os cidad\u00e3os luxemburgueses com dupla cidadania nos Estados Unidos. <\/p><p>Al\u00e9m dos servi\u00e7os de cidadania, criamos uma comunidade pr\u00f3spera que conecta mais de 40.000 cidad\u00e3os com dupla cidadania nas Am\u00e9ricas por meio de eventos exclusivos, redes de neg\u00f3cios e consultas de realoca\u00e7\u00e3o. Como uma empresa de propriedade de LGBT e membro das C\u00e2maras de Com\u00e9rcio Gay e L\u00e9sbica Nacional e Americana de Luxemburgo, temos orgulho de reinvestir 22,7% de nossa renda bruta em preserva\u00e7\u00e3o cultural e iniciativas comunit\u00e1rias. <\/p><p>Agora, estamos expandindo nosso impacto <b>com duas novas linhas de neg\u00f3cios<\/b> que atendem \u00e0s necessidades emergentes no cen\u00e1rio da mobilidade global. <b>Estamos buscando dois diretores executivos vision\u00e1rios <\/b>para desenvolver esses empreendimentos desde o conceito at\u00e9 o lan\u00e7amento no mercado, trabalhando diretamente com nosso fundador para criar solu\u00e7\u00f5es inovadoras nesse espa\u00e7o em r\u00e1pida evolu\u00e7\u00e3o.<\/p><h3><b>POR QUE PARTICIPAR DE N\u00d3S?<\/b><\/h3><p>Imagine liderar uma iniciativa que muda fundamentalmente a forma como as pessoas se conectam com seu patrim\u00f4nio e abre portas para novas oportunidades internacionais. N\u00e3o se trata apenas de construir um neg\u00f3cio &#8211; trata-se de criar caminhos que transformam vidas e atravessam gera\u00e7\u00f5es. Voc\u00ea estar\u00e1 moldando a forma como os cidad\u00e3os com dupla nacionalidade constroem comunidades, acessam recursos e navegam em sua posi\u00e7\u00e3o global \u00fanica. Trabalhando ao lado do nosso fundador em uma empresa que coloca o impacto na comunidade em sua ess\u00eancia, voc\u00ea aproveitar\u00e1 nosso sucesso estabelecido e ter\u00e1 a liberdade criativa para criar algo realmente inovador, com esses dois lan\u00e7amentos. Seu trabalho forjar\u00e1 conex\u00f5es entre pessoas, culturas e pa\u00edses, criando efeitos em cascata que v\u00e3o muito al\u00e9m das m\u00e9tricas de neg\u00f3cios. Essa fun\u00e7\u00e3o \u00e9 para vision\u00e1rios que enxergam o profundo potencial humano na cidadania global e querem deixar sua marca nesse cen\u00e1rio em r\u00e1pida evolu\u00e7\u00e3o.     <\/p><h2><b>PRINCIPAIS RESPONSABILIDADES<\/b><\/h2><p>Como Diretor Executivo, voc\u00ea dever\u00e1:<\/p><h3><b>Lideran\u00e7a e vis\u00e3o estrat\u00e9gica<\/b><\/h3><ul><li aria-level=\"1\">Conduzir a dire\u00e7\u00e3o estrat\u00e9gica e a execu\u00e7\u00e3o de uma de nossas iniciativas de pr\u00e9-receita<\/li><li aria-level=\"1\">Influenciar e desenvolver planos de neg\u00f3cios abrangentes com modelos claros de receita, posicionamento de mercado e trajet\u00f3rias de crescimento<\/li><li aria-level=\"1\">Estabele\u00e7a KPIs mensur\u00e1veis e objetivos baseados em marcos para os primeiros 12 a 24 meses<\/li><\/ul><h3><b>Desenvolvimento de mercado e gera\u00e7\u00e3o de receita<\/b><\/h3><ul><li aria-level=\"1\">Liderar o desenvolvimento e a execu\u00e7\u00e3o da estrat\u00e9gia de entrada no mercado<\/li><li aria-level=\"1\">Identificar e buscar oportunidades de receita por meio de servi\u00e7os diretos, parcerias e modelos de plataforma<\/li><li aria-level=\"1\">Realizar a transi\u00e7\u00e3o da gera\u00e7\u00e3o de receita pr\u00e9-receita para a gera\u00e7\u00e3o de receita sustent\u00e1vel dentro de cronogramas definidos<\/li><\/ul><h3><b>Excel\u00eancia operacional<\/b><\/h3><ul><li aria-level=\"1\">Influenciar a implementa\u00e7\u00e3o de sistemas operacionais, fluxos de trabalho e medidas de controle de qualidade<\/li><li aria-level=\"1\">Gerencie a aloca\u00e7\u00e3o de recursos e trabalhe com o diretor de opera\u00e7\u00f5es para estabelecer a infraestrutura de suporte \u00e0 escala<\/li><li aria-level=\"1\">Influenciar o desenvolvimento de processos internos para relat\u00f3rios, conformidade e acompanhamento de desempenho<\/li><\/ul><h3><b>Parceria e cria\u00e7\u00e3o de ecossistemas<\/b><\/h3><ul><li aria-level=\"1\">Forjar parcerias estrat\u00e9gicas nos principais segmentos de p\u00fablico-alvo e com marcas relevantes em direito internacional, servi\u00e7os de imigra\u00e7\u00e3o, ag\u00eancias governamentais e prestadores de servi\u00e7os complementares<\/li><li aria-level=\"1\">Representar a iniciativa em confer\u00eancias, f\u00f3runs e eventos do setor de alto n\u00edvel<\/li><li aria-level=\"1\">Cultivar relacionamentos com clientes, parceiros e investidores em potencial<\/li><\/ul><h3><b>Lideran\u00e7a de equipe<\/b><\/h3><ul><li aria-level=\"1\">Inicialmente, trabalhe com especialistas e consultores contratados e, ao mesmo tempo, desenvolva uma estrutura de equipe permanente<\/li><li aria-level=\"1\">Definir as necessidades organizacionais e criar roteiros de contrata\u00e7\u00e3o alinhados com as proje\u00e7\u00f5es de crescimento<\/li><li aria-level=\"1\">Desenvolver uma cultura de alto desempenho que equilibre inova\u00e7\u00e3o e execu\u00e7\u00e3o<\/li><\/ul><h2><b>QUALIFICA\u00c7\u00d5ES E EXPERI\u00caNCIA<\/b><\/h2><h3><b>Hist\u00f3rico profissional<\/b><\/h3><ul><li aria-level=\"1\">Mais de 5 a 10 anos de experi\u00eancia profissional relevante, com pelo menos 3 anos em fun\u00e7\u00f5es de lideran\u00e7a<\/li><li aria-level=\"1\">Experi\u00eancia comprovada em rela\u00e7\u00f5es internacionais, m\u00eddia, governo, direito, consultoria, marketing ou \u00e1reas relacionadas<\/li><li aria-level=\"1\">Hist\u00f3rico de cria\u00e7\u00e3o e amplia\u00e7\u00e3o de novos empreendimentos, departamentos ou iniciativas<\/li><li aria-level=\"1\">Experi\u00eancia de trabalho com partes interessadas internacionais<\/li><\/ul><h3><b>Habilidades e compet\u00eancias<\/b><\/h3><ul><li aria-level=\"1\">Vis\u00e3o estrat\u00e9gica combinada com recursos de execu\u00e7\u00e3o t\u00e1tica<\/li><li aria-level=\"1\">Perspic\u00e1cia financeira com experi\u00eancia em modelagem de receita, previs\u00e3o e gerenciamento de or\u00e7amento<\/li><li aria-level=\"1\">Habilidades excepcionais de comunica\u00e7\u00e3o, com capacidade de articular conceitos complexos para diversos p\u00fablicos<\/li><li aria-level=\"1\">Conforto com a ambiguidade e capacidade de tomar decis\u00f5es com informa\u00e7\u00f5es incompletas<\/li><li aria-level=\"1\">Experi\u00eancia em ambientes regulat\u00f3rios complexos e requisitos de conformidade<\/li><li aria-level=\"1\">Habilidades s\u00f3lidas de gerenciamento de projetos com capacidade de gerenciar v\u00e1rias prioridades simultaneamente<\/li><\/ul><h3><b>\u00c1reas de conhecimento (de prefer\u00eancia, especializa\u00e7\u00e3o em uma ou mais)<\/b><\/h3><ul><li aria-level=\"1\">Americanos se mudando para o exterior<\/li><li aria-level=\"1\">Dupla cidadania<\/li><li aria-level=\"1\">Dados p\u00fablicos<\/li><li aria-level=\"1\">Institui\u00e7\u00f5es da UE<\/li><li aria-level=\"1\">Iniciativas p\u00fablico-privadas<\/li><li aria-level=\"1\">Grupos de reflex\u00e3o e m\u00eddia internacionais<\/li><li aria-level=\"1\">Tend\u00eancias e servi\u00e7os de mobilidade global<\/li><\/ul><h2><b>REMUNERA\u00c7\u00c3O E OPORTUNIDADE DE CRESCIMENTO<\/b><\/h2><h3><b>JORNADA DO FUNDADOR COM VANTAGENS SIGNIFICATIVAS<\/b><\/h3><p>Essa fun\u00e7\u00e3o representa uma oportunidade empreendedora \u00fanica para voc\u00ea criar e moldar uma iniciativa transformadora desde o in\u00edcio. Estruturamos a remunera\u00e7\u00e3o para que voc\u00ea se alinhe \u00e0 jornada da startup e, ao mesmo tempo, ofere\u00e7a um potencial de crescimento significativo: <\/p><ul><li aria-level=\"1\"><b>Fase inicial de constru\u00e7\u00e3o<\/b>: US$ 8.000 por m\u00eas (equivalente a US$ 96.000 por ano) nos primeiros 90 dias, enquanto voc\u00ea come\u00e7a a trabalhar, desenvolve o roteiro estrat\u00e9gico e inicia a valida\u00e7\u00e3o de mercado.<\/li><li aria-level=\"1\"><b>Acelera\u00e7\u00e3o do crescimento<\/b>: Ap\u00f3s nossa an\u00e1lise abrangente de 90 dias, a remunera\u00e7\u00e3o ser\u00e1 ajustada com base em m\u00e9tricas de sucesso predefinidas e no progresso da iniciativa. Os profissionais de alto desempenho que demonstrarem lideran\u00e7a excepcional e progresso em dire\u00e7\u00e3o \u00e0s metas de receita podem esperar aumentos substanciais alinhados com as taxas de mercado para diretores executivos estabelecidos. <\/li><li aria-level=\"1\"><b>Cria\u00e7\u00e3o de valor a longo prazo<\/b>: \u00c0 medida que sua iniciativa ganhar for\u00e7a e come\u00e7ar a gerar receita, voc\u00ea ter\u00e1 a oportunidade de participar do sucesso dela por meio de acordos de participa\u00e7\u00e3o acion\u00e1ria ou de compartilhamento de receita. Essa estrutura empresarial significa que sua vantagem financeira est\u00e1 diretamente ligada ao valor que voc\u00ea cria. <\/li><li aria-level=\"1\"><b>Caminho para a lideran\u00e7a<\/b>: Os l\u00edderes de iniciativas bem-sucedidos ter\u00e3o a oportunidade de criar e liderar suas pr\u00f3prias equipes, com potencial para assumir fun\u00e7\u00f5es executivas mais amplas em nossa organiza\u00e7\u00e3o em expans\u00e3o.<\/li><\/ul><p>Este cargo \u00e9 ideal para um l\u00edder estrat\u00e9gico que valoriza a autonomia e a liberdade criativa do empreendedorismo, combinadas com a estabilidade e os recursos de uma empresa estabelecida e bem-sucedida. Voc\u00ea ter\u00e1 a oportunidade \u00fanica de aproveitar a reputa\u00e7\u00e3o da nossa marca, a base de clientes e a infraestrutura operacional existentes e, ao mesmo tempo, criar algo realmente inovador no espa\u00e7o de mobilidade internacional. <\/p><h2><b>O CANDIDATO IDEAL<\/b><\/h2><p>Voc\u00ea \u00e9 um l\u00edder estrat\u00e9gico com esp\u00edrito empreendedor, confort\u00e1vel com a ambiguidade e entusiasmado com o desafio de construir algo a partir do zero. Voc\u00ea tem experi\u00eancia em ambientes internacionais complexos e sabe como lidar com diferentes contextos culturais e regulat\u00f3rios. Voc\u00ea \u00e9 um pensador de sistemas que consegue enxergar tanto o panorama geral quanto os detalhes cr\u00edticos necess\u00e1rios para a execu\u00e7\u00e3o.  <\/p><p>Acima de tudo, voc\u00ea tem paix\u00e3o por criar solu\u00e7\u00f5es inovadoras que ajudem as pessoas a navegar em sistemas globais cada vez mais complexos. Voc\u00ea entende o profundo impacto que os servi\u00e7os de cidadania e resid\u00eancia podem ter sobre indiv\u00edduos e fam\u00edlias, e est\u00e1 comprometido com a cria\u00e7\u00e3o de sistemas \u00e9ticos e eficazes que atendam a diversas comunidades. <\/p><h2><b>JUNTE-SE \u00c0 NOSSA MISS\u00c3O: PROCESSO DE INSCRI\u00c7\u00c3O<\/b><\/h2><p>Estamos procurando l\u00edderes vision\u00e1rios que possam transformar essas iniciativas de conceito em realidade. Para se candidatar, por favor: <\/p><ol><li aria-level=\"1\">Envie seu curr\u00edculo para Susan Slocum, chefe de equipe (interina) em info@luxcitizenship.com<\/li><li aria-level=\"1\">Inclua sua resposta a esta pergunta (m\u00e1ximo de 400 palavras):<br><b><i>\u201cDescreva uma ocasi\u00e3o em que voc\u00ea construiu com sucesso ou expandiu significativamente um programa, departamento ou iniciativa desde os est\u00e1gios iniciais. Qual foi a sua abordagem, que desafios voc\u00ea enfrentou e que li\u00e7\u00f5es importantes aprendeu que se aplicariam \u00e0 lideran\u00e7a de um novo empreendimento no espa\u00e7o da cidadania global?\u201d<\/i><\/b><\/li><\/ol><p><b>Processo de sele\u00e7\u00e3o:<\/b><\/p><ul><li aria-level=\"1\">Revis\u00e3o inicial do aplicativo<\/li><li aria-level=\"1\">Entrevistas da primeira rodada<\/li><li aria-level=\"1\">Exerc\u00edcio de estudo de caso estrat\u00e9gico<\/li><li aria-level=\"1\">Entrevista com o fundador e os consultores<\/li><li aria-level=\"1\">Discuss\u00e3o final sobre vis\u00e3o e execu\u00e7\u00e3o<\/li><li aria-level=\"1\">Decis\u00e3o e oferta<\/li><\/ul><p>Durante todo esse processo, n\u00e3o avaliamos apenas as habilidades e a experi\u00eancia, mas procuramos a mentalidade empreendedora certa e a paix\u00e3o pela nossa miss\u00e3o de conectar as pessoas ao seu patrim\u00f4nio e abrir portas internacionais de oportunidades.<\/p><p><b>Data de in\u00edcio<\/b>: Imediata, com flexibilidade para candidatos excepcionais<\/p><p>Incentivamos candidatos de diversas origens e perspectivas a se inscreverem, especialmente aqueles com experi\u00eancia internacional e uma conex\u00e3o pessoal com quest\u00f5es de patrim\u00f4nio, cidadania e mobilidade global.<\/p><\/div>\t\t\t\t\t\t\t\t<\/div>\n\t\t\t\t\t<\/div>\n\t\t\t\t<\/div>\n\t\t\t\t<\/div>\n\t\t","protected":false},"excerpt":{"rendered":"<p>LuxCitizenship.com | Remoto\/H\u00edbrido (preferencialmente em NYC\/SF\/DC) | Lideran\u00e7a Executiva em Tempo Integral SOBRE A CIDADANIA LUXEMBURGUESA E A OPORTUNIDADE Fundada em 2016, a LuxCitizenship transforma patrim\u00f4nio em oportunidade ao ajudar americanos com ascend\u00eancia luxemburguesa a recuperar sua dupla cidadania. Com uma taxa de sucesso de 100% nas solicita\u00e7\u00f5es, orientamos mais de 2.100 clientes no processo &hellip;<\/p>\n","protected":false},"author":2,"featured_media":0,"parent":0,"menu_order":0,"comment_status":"closed","ping_status":"closed","template":"elementor_header_footer","meta":{"_genesis_block_theme_hide_title":false,"footnotes":""},"tags":[],"class_list":["post-42143","page","type-page","status-publish","hentry","post","without-featured-image"],"yoast_head":"<!-- This site is optimized with the Yoast SEO Premium plugin v27.6 (Yoast SEO v27.6) - https:\/\/yoast.com\/product\/yoast-seo-premium-wordpress\/ -->\n<title>DIRETOR EXECUTIVO - INICIATIVAS INTERNACIONAIS - LuxCitizenship<\/title>\n<meta name=\"description\" content=\"A LuxCitizenship est\u00e1 atualmente contratando dois diretores executivos remotos para o lan\u00e7amento de duas novas iniciativas estrat\u00e9gicas.\" \/>\n<meta name=\"robots\" content=\"index, follow, max-snippet:-1, max-image-preview:large, max-video-preview:-1\" \/>\n<link rel=\"canonical\" href=\"https:\/\/www.luxcitizenship.com\/br\/diretor-executivo-iniciativas-internacionais\/\" \/>\n<meta property=\"og:locale\" content=\"pt_BR\" \/>\n<meta property=\"og:type\" content=\"article\" \/>\n<meta property=\"og:title\" content=\"DIRETOR EXECUTIVO - INICIATIVAS INTERNACIONAIS\" \/>\n<meta property=\"og:description\" content=\"A LuxCitizenship est\u00e1 atualmente contratando dois diretores executivos remotos para o lan\u00e7amento de duas novas iniciativas estrat\u00e9gicas.\" \/>\n<meta property=\"og:url\" content=\"https:\/\/www.luxcitizenship.com\/br\/diretor-executivo-iniciativas-internacionais\/\" \/>\n<meta property=\"og:site_name\" content=\"LuxCitizenship\" \/>\n<meta property=\"article:publisher\" content=\"http:\/\/facebook.com\/luxcitizenship\/\" \/>\n<meta property=\"article:modified_time\" content=\"2025-06-19T21:11:10+00:00\" \/>\n<meta name=\"twitter:card\" content=\"summary_large_image\" \/>\n<meta name=\"twitter:label1\" content=\"Est. tempo de leitura\" \/>\n\t<meta name=\"twitter:data1\" content=\"8 minutos\" \/>\n<script type=\"application\/ld+json\" class=\"yoast-schema-graph\">{\"@context\":\"https:\\\/\\\/schema.org\",\"@graph\":[{\"@type\":\"WebPage\",\"@id\":\"https:\\\/\\\/www.luxcitizenship.com\\\/br\\\/diretor-executivo-iniciativas-internacionais\\\/\",\"url\":\"https:\\\/\\\/www.luxcitizenship.com\\\/br\\\/diretor-executivo-iniciativas-internacionais\\\/\",\"name\":\"DIRETOR EXECUTIVO - INICIATIVAS INTERNACIONAIS - LuxCitizenship\",\"isPartOf\":{\"@id\":\"https:\\\/\\\/www.luxcitizenship.com\\\/br\\\/#website\"},\"datePublished\":\"2025-05-03T17:35:55+00:00\",\"dateModified\":\"2025-06-19T21:11:10+00:00\",\"description\":\"A LuxCitizenship est\u00e1 atualmente contratando dois diretores executivos remotos para o lan\u00e7amento de duas novas iniciativas estrat\u00e9gicas.\",\"breadcrumb\":{\"@id\":\"https:\\\/\\\/www.luxcitizenship.com\\\/br\\\/diretor-executivo-iniciativas-internacionais\\\/#breadcrumb\"},\"inLanguage\":\"pt-BR\",\"potentialAction\":[{\"@type\":\"ReadAction\",\"target\":[\"https:\\\/\\\/www.luxcitizenship.com\\\/br\\\/diretor-executivo-iniciativas-internacionais\\\/\"]}]},{\"@type\":\"BreadcrumbList\",\"@id\":\"https:\\\/\\\/www.luxcitizenship.com\\\/br\\\/diretor-executivo-iniciativas-internacionais\\\/#breadcrumb\",\"itemListElement\":[{\"@type\":\"ListItem\",\"position\":1,\"name\":\"Home\",\"item\":\"https:\\\/\\\/www.luxcitizenship.com\\\/br\\\/\"},{\"@type\":\"ListItem\",\"position\":2,\"name\":\"DIRETOR EXECUTIVO &#8211; INICIATIVAS INTERNACIONAIS\"}]},{\"@type\":\"WebSite\",\"@id\":\"https:\\\/\\\/www.luxcitizenship.com\\\/br\\\/#website\",\"url\":\"https:\\\/\\\/www.luxcitizenship.com\\\/br\\\/\",\"name\":\"luxcitizenship.com\",\"description\":\"LuxCitizenship guides individuals worldwide in reclaiming Luxembourg dual citizenship through ancestry, offering expert support and fostering a global community.\",\"publisher\":{\"@id\":\"https:\\\/\\\/www.luxcitizenship.com\\\/br\\\/#organization\"},\"potentialAction\":[{\"@type\":\"SearchAction\",\"target\":{\"@type\":\"EntryPoint\",\"urlTemplate\":\"https:\\\/\\\/www.luxcitizenship.com\\\/br\\\/?s={search_term_string}\"},\"query-input\":{\"@type\":\"PropertyValueSpecification\",\"valueRequired\":true,\"valueName\":\"search_term_string\"}}],\"inLanguage\":\"pt-BR\"},{\"@type\":\"Organization\",\"@id\":\"https:\\\/\\\/www.luxcitizenship.com\\\/br\\\/#organization\",\"name\":\"luxcitizenship.com\",\"alternateName\":\"LuxCitizenship\",\"url\":\"https:\\\/\\\/www.luxcitizenship.com\\\/br\\\/\",\"logo\":{\"@type\":\"ImageObject\",\"inLanguage\":\"pt-BR\",\"@id\":\"https:\\\/\\\/www.luxcitizenship.com\\\/br\\\/#\\\/schema\\\/logo\\\/image\\\/\",\"url\":\"https:\\\/\\\/www.luxcitizenship.com\\\/wp-content\\\/uploads\\\/2025\\\/07\\\/Logo-LuxCitizenship-scaled.png\",\"contentUrl\":\"https:\\\/\\\/www.luxcitizenship.com\\\/wp-content\\\/uploads\\\/2025\\\/07\\\/Logo-LuxCitizenship-scaled.png\",\"width\":2560,\"height\":340,\"caption\":\"luxcitizenship.com\"},\"image\":{\"@id\":\"https:\\\/\\\/www.luxcitizenship.com\\\/br\\\/#\\\/schema\\\/logo\\\/image\\\/\"},\"sameAs\":[\"http:\\\/\\\/facebook.com\\\/luxcitizenship\\\/\",\"http:\\\/\\\/instagram.com\\\/lux.citizenship\\\/\"],\"description\":\"Whether you\u2019re seeking citizenship, community, or a deeper connection to your heritage, LuxCitizenship is here to help you every step of the way.\",\"email\":\"info@luxcitizenship.com\",\"telephone\":\"(917) 740-8908\",\"legalName\":\"Connaissance Solutions LLC\",\"numberOfEmployees\":{\"@type\":\"QuantitativeValue\",\"minValue\":\"11\",\"maxValue\":\"50\"}}]}<\/script>\n<!-- \/ Yoast SEO Premium plugin. -->","yoast_head_json":{"title":"DIRETOR EXECUTIVO - INICIATIVAS INTERNACIONAIS - LuxCitizenship","description":"A LuxCitizenship est\u00e1 atualmente contratando dois diretores executivos remotos para o lan\u00e7amento de duas novas iniciativas estrat\u00e9gicas.","robots":{"index":"index","follow":"follow","max-snippet":"max-snippet:-1","max-image-preview":"max-image-preview:large","max-video-preview":"max-video-preview:-1"},"canonical":"https:\/\/www.luxcitizenship.com\/br\/diretor-executivo-iniciativas-internacionais\/","og_locale":"pt_BR","og_type":"article","og_title":"DIRETOR EXECUTIVO - INICIATIVAS INTERNACIONAIS","og_description":"A LuxCitizenship est\u00e1 atualmente contratando dois diretores executivos remotos para o lan\u00e7amento de duas novas iniciativas estrat\u00e9gicas.","og_url":"https:\/\/www.luxcitizenship.com\/br\/diretor-executivo-iniciativas-internacionais\/","og_site_name":"LuxCitizenship","article_publisher":"http:\/\/facebook.com\/luxcitizenship\/","article_modified_time":"2025-06-19T21:11:10+00:00","twitter_card":"summary_large_image","twitter_misc":{"Est. tempo de leitura":"8 minutos"},"schema":{"@context":"https:\/\/schema.org","@graph":[{"@type":"WebPage","@id":"https:\/\/www.luxcitizenship.com\/br\/diretor-executivo-iniciativas-internacionais\/","url":"https:\/\/www.luxcitizenship.com\/br\/diretor-executivo-iniciativas-internacionais\/","name":"DIRETOR EXECUTIVO - INICIATIVAS INTERNACIONAIS - LuxCitizenship","isPartOf":{"@id":"https:\/\/www.luxcitizenship.com\/br\/#website"},"datePublished":"2025-05-03T17:35:55+00:00","dateModified":"2025-06-19T21:11:10+00:00","description":"A LuxCitizenship est\u00e1 atualmente contratando dois diretores executivos remotos para o lan\u00e7amento de duas novas iniciativas estrat\u00e9gicas.","breadcrumb":{"@id":"https:\/\/www.luxcitizenship.com\/br\/diretor-executivo-iniciativas-internacionais\/#breadcrumb"},"inLanguage":"pt-BR","potentialAction":[{"@type":"ReadAction","target":["https:\/\/www.luxcitizenship.com\/br\/diretor-executivo-iniciativas-internacionais\/"]}]},{"@type":"BreadcrumbList","@id":"https:\/\/www.luxcitizenship.com\/br\/diretor-executivo-iniciativas-internacionais\/#breadcrumb","itemListElement":[{"@type":"ListItem","position":1,"name":"Home","item":"https:\/\/www.luxcitizenship.com\/br\/"},{"@type":"ListItem","position":2,"name":"DIRETOR EXECUTIVO &#8211; INICIATIVAS INTERNACIONAIS"}]},{"@type":"WebSite","@id":"https:\/\/www.luxcitizenship.com\/br\/#website","url":"https:\/\/www.luxcitizenship.com\/br\/","name":"luxcitizenship.com","description":"LuxCitizenship guides individuals worldwide in reclaiming Luxembourg dual citizenship through ancestry, offering expert support and fostering a global community.","publisher":{"@id":"https:\/\/www.luxcitizenship.com\/br\/#organization"},"potentialAction":[{"@type":"SearchAction","target":{"@type":"EntryPoint","urlTemplate":"https:\/\/www.luxcitizenship.com\/br\/?s={search_term_string}"},"query-input":{"@type":"PropertyValueSpecification","valueRequired":true,"valueName":"search_term_string"}}],"inLanguage":"pt-BR"},{"@type":"Organization","@id":"https:\/\/www.luxcitizenship.com\/br\/#organization","name":"luxcitizenship.com","alternateName":"LuxCitizenship","url":"https:\/\/www.luxcitizenship.com\/br\/","logo":{"@type":"ImageObject","inLanguage":"pt-BR","@id":"https:\/\/www.luxcitizenship.com\/br\/#\/schema\/logo\/image\/","url":"https:\/\/www.luxcitizenship.com\/wp-content\/uploads\/2025\/07\/Logo-LuxCitizenship-scaled.png","contentUrl":"https:\/\/www.luxcitizenship.com\/wp-content\/uploads\/2025\/07\/Logo-LuxCitizenship-scaled.png","width":2560,"height":340,"caption":"luxcitizenship.com"},"image":{"@id":"https:\/\/www.luxcitizenship.com\/br\/#\/schema\/logo\/image\/"},"sameAs":["http:\/\/facebook.com\/luxcitizenship\/","http:\/\/instagram.com\/lux.citizenship\/"],"description":"Whether you\u2019re seeking citizenship, community, or a deeper connection to your heritage, LuxCitizenship is here to help you every step of the way.","email":"info@luxcitizenship.com","telephone":"(917) 740-8908","legalName":"Connaissance Solutions LLC","numberOfEmployees":{"@type":"QuantitativeValue","minValue":"11","maxValue":"50"}}]}},"featured_image_src":null,"featured_image_src_square":null,"_links":{"self":[{"href":"https:\/\/www.luxcitizenship.com\/br\/wp-json\/wp\/v2\/pages\/42143","targetHints":{"allow":["GET"]}}],"collection":[{"href":"https:\/\/www.luxcitizenship.com\/br\/wp-json\/wp\/v2\/pages"}],"about":[{"href":"https:\/\/www.luxcitizenship.com\/br\/wp-json\/wp\/v2\/types\/page"}],"author":[{"embeddable":true,"href":"https:\/\/www.luxcitizenship.com\/br\/wp-json\/wp\/v2\/users\/2"}],"replies":[{"embeddable":true,"href":"https:\/\/www.luxcitizenship.com\/br\/wp-json\/wp\/v2\/comments?post=42143"}],"version-history":[{"count":0,"href":"https:\/\/www.luxcitizenship.com\/br\/wp-json\/wp\/v2\/pages\/42143\/revisions"}],"wp:attachment":[{"href":"https:\/\/www.luxcitizenship.com\/br\/wp-json\/wp\/v2\/media?parent=42143"}],"wp:term":[{"taxonomy":"post_tag","embeddable":true,"href":"https:\/\/www.luxcitizenship.com\/br\/wp-json\/wp\/v2\/tags?post=42143"}],"curies":[{"name":"wp","href":"https:\/\/api.w.org\/{rel}","templated":true}]}}