{"id":42117,"date":"2016-11-21T01:03:24","date_gmt":"2016-11-21T06:03:24","guid":{"rendered":"https:\/\/ko3g503ir7-staging.onrocket.site\/termos-de-uso-dos-servicos-do-luxcitizenship-com\/"},"modified":"2025-06-19T16:25:38","modified_gmt":"2025-06-19T20:25:38","slug":"termos-de-uso-dos-servicos-do-luxcitizenship-com","status":"publish","type":"page","link":"https:\/\/www.luxcitizenship.com\/br\/termos-de-uso-dos-servicos-do-luxcitizenship-com\/","title":{"rendered":"Termos de uso dos servi\u00e7os do LuxCitizenship.com"},"content":{"rendered":"\t\t<div data-elementor-type=\"wp-page\" data-elementor-id=\"42117\" class=\"elementor elementor-42117 elementor-221\" data-elementor-post-type=\"page\">\n\t\t\t\t<div data-particle_enable=\"false\" data-particle-mobile-disabled=\"false\" class=\"elementor-element elementor-element-158cf78 e-flex e-con-boxed e-con e-parent\" data-id=\"158cf78\" data-element_type=\"container\" data-e-type=\"container\">\n\t\t\t\t\t<div class=\"e-con-inner\">\n\t\t\t\t<div class=\"elementor-element elementor-element-c09a4fe elementor-widget elementor-widget-heading\" data-id=\"c09a4fe\" data-element_type=\"widget\" data-e-type=\"widget\" data-widget_type=\"heading.default\">\n\t\t\t\t\t<h1 class=\"elementor-heading-title elementor-size-default\">Termos de uso<\/h1>\t\t\t\t<\/div>\n\t\t\t\t<div class=\"elementor-element elementor-element-12cf724 elementor-widget elementor-widget-text-editor\" data-id=\"12cf724\" data-element_type=\"widget\" data-e-type=\"widget\" data-widget_type=\"text-editor.default\">\n\t\t\t\t\t\t\t\t\t<h2>Termos de Servi\u00e7o do site LuxCitizenship.com<\/h2><p>\u00daltima atualiza\u00e7\u00e3o: Outubro de 2018<\/p><p>Estes termos de servi\u00e7o (\u201cTOS\u201d) se aplicam ao uso que voc\u00ea faz da plataforma e dos servi\u00e7os da LuxCitizenship (coletivamente, o \u201csite\u201d) e, em termos gerais, aos servi\u00e7os prestados por meio do site ou descritos nele como prestados. Ao usar este Site, voc\u00ea declara e garante que tem pelo menos 18 anos de idade e \u00e9 legalmente capaz de aceitar estes Termos de Servi\u00e7o e outros acordos da LuxCitizenship, se assim o desejar. Estes Termos de Servi\u00e7o n\u00e3o alteram de forma alguma os termos ou condi\u00e7\u00f5es de qualquer outro contrato que voc\u00ea possa ter com a LuxCitizenship ou suas afiliadas. SE VOC\u00ca OPTAR POR USAR ESTE SITE, VOC\u00ca CONCORDA EM FICAR VINCULADO AOS TERMOS DESCRITOS NESTE DOCUMENTO E A TODOS OS TERMOS E POL\u00cdTICAS INCORPORADOS POR REFER\u00caNCIA. SE VOC\u00ca N\u00c3O CONCORDAR COM TODOS ESSES TERMOS, N\u00c3O USE ESTE SITE OU OS SERVI\u00c7OS NELE DESCRITOS. Se voc\u00ea estiver usando o Site em nome de qualquer entidade, voc\u00ea tamb\u00e9m declara e garante que est\u00e1 autorizado a aceitar estes Termos de Servi\u00e7o em nome de tal entidade, e que tal entidade concorda em indenizar a LuxCitizenship por viola\u00e7\u00f5es destes Termos de Servi\u00e7o.     <\/p><p>Observe que podemos alterar, adicionar ou remover partes destes Termos de Servi\u00e7o a qualquer momento, que entrar\u00e3o em vigor imediatamente ap\u00f3s a publica\u00e7\u00e3o. Eles formam a base geral de seu relacionamento e comunica\u00e7\u00e3o com a LuxCitizenship e substituem quaisquer termos adicionais assinados em quaisquer contratos adicionais. \u00c9 sua responsabilidade revisar estes Termos de Servi\u00e7o, e o uso cont\u00ednuo deste Site e dos servi\u00e7os nele contidos indica sua aceita\u00e7\u00e3o dessas altera\u00e7\u00f5es. Quando fizermos altera\u00e7\u00f5es, revisaremos a data da \u201c\u00daltima atualiza\u00e7\u00e3o\u201d na parte superior dos TOS.   <\/p><h3>Propriedade do site e de seu conte\u00fado<\/h3><p>Este site \u00e9 de propriedade da LuxCitizenship, que \u00e9 a d\/b\/a da Connaissance Solutions, uma empresa de responsabilidade limitada de Delaware. Salvo indica\u00e7\u00e3o em contr\u00e1rio, todo o conte\u00fado apresentado ou exibido neste Website, incluindo, mas n\u00e3o se limitando a, artigos informativos, artigos de not\u00edcias, texto, gr\u00e1ficos, dados, fotografias, clipes de v\u00eddeo, clipes de \u00e1udio, ilustra\u00e7\u00f5es, software, e a sele\u00e7\u00e3o e disposi\u00e7\u00e3o dos mesmos (o \u201cConte\u00fado LuxCitizenship\u201d) s\u00e3o de propriedade ou licenciados pela LuxCitizenship (o \u201cLicenciante\u201d). Todos os elementos do Site, incluindo o Conte\u00fado da LuxCitizenship, s\u00e3o protegidos por direitos autorais, imagem comercial, direitos morais, marca registrada e outras leis relacionadas \u00e0 prote\u00e7\u00e3o da propriedade intelectual.  <\/p><p>O conte\u00fado do site \u00e9 destinado ao seu uso pessoal e informativo. Voc\u00ea n\u00e3o pode modificar, publicar, transmitir, participar da transfer\u00eancia ou venda de, reproduzir, criar novos trabalhos a partir de, distribuir, executar, exibir ou de qualquer forma explorar qualquer Conte\u00fado do LuxCitizenship, no todo ou em parte. Sem limitar a generalidade do acima exposto, voc\u00ea n\u00e3o pode distribuir qualquer parte deste site ou qualquer conte\u00fado dele em qualquer rede, ou vend\u00ea-lo ou oferec\u00ea-lo para venda. Voc\u00ea declara e garante que cumprir\u00e1 todas as leis e regulamentos aplic\u00e1veis, incluindo, sem limita\u00e7\u00e3o, aqueles relacionados \u00e0 Internet, dados, e-mail, privacidade e transmiss\u00e3o de dados t\u00e9cnicos exportados dos Estados Unidos ou do pa\u00eds em que voc\u00ea reside.   <\/p><h3>Pol\u00edtica de viola\u00e7\u00e3o de direitos autorais<\/h3><h3>Reclama\u00e7\u00f5es sobre direitos autorais<\/h3><p>Se voc\u00ea acredita que algum material no Site infringe algum direito autoral que voc\u00ea possui ou controla, voc\u00ea pode registrar uma notifica\u00e7\u00e3o de tal infra\u00e7\u00e3o entrando em contato conosco.<\/p><h3> <\/h3><h3>Marcas registradas<\/h3><p>O nome e o logotipo da LuxCitizenship (LC), e qualquer outro nome de produto, nome de servi\u00e7o ou slogan da LC no Site s\u00e3o marcas registradas da LC e n\u00e3o podem ser copiados, imitados ou usados, no todo ou em parte, sem a permiss\u00e3o pr\u00e9via por escrito da LC ou do titular da marca registrada aplic\u00e1vel. Voc\u00ea n\u00e3o pode usar metatags ou qualquer outro \u201ctexto oculto\u201d utilizando \u201cLC\u201d ou qualquer outro nome, marca registrada ou nome de produto ou servi\u00e7o do LuxCitizenship sem nossa permiss\u00e3o pr\u00e9via por escrito. Al\u00e9m disso, a apar\u00eancia do Site, incluindo todos os cabe\u00e7alhos de p\u00e1gina, gr\u00e1ficos personalizados, \u00edcones de bot\u00f5es e scripts, \u00e9 a marca de servi\u00e7o, marca registrada e\/ou imagem comercial da LC e n\u00e3o pode ser copiada, imitada ou usada, no todo ou em parte, sem nossa permiss\u00e3o pr\u00e9via por escrito. Todas as outras marcas comerciais, marcas registradas, nomes de produtos e nomes ou logotipos de empresas mencionados no Site s\u00e3o de propriedade de seus respectivos propriet\u00e1rios. A refer\u00eancia a quaisquer produtos, servi\u00e7os, organiza\u00e7\u00f5es de not\u00edcias ou outras informa\u00e7\u00f5es n\u00e3o constitui nem implica endosso, patroc\u00ednio ou recomenda\u00e7\u00e3o dos mesmos por n\u00f3s.    <\/p><h3>Pol\u00edtica de privacidade<\/h3><p>A LC tem o compromisso de proteger sua privacidade. Consulte nossa Pol\u00edtica de Privacidade, que est\u00e1 incorporada neste documento por refer\u00eancia, para obter informa\u00e7\u00f5es sobre como coletamos, usamos e divulgamos informa\u00e7\u00f5es pessoais. <\/p><h3>Divulga\u00e7\u00f5es legais<\/h3><p>A LC fornece o conte\u00fado do site apenas para fins informativos. Consulte nossa p\u00e1gina de Divulga\u00e7\u00f5es Legais, que est\u00e1 incorporada neste documento por refer\u00eancia, para obter uma lista completa de divulga\u00e7\u00f5es legais relativas \u00e0 LC e aos servi\u00e7os ao cliente descritos neste site. <\/p><h3>Links<\/h3><p>Se o Site contiver links para outros sites e recursos relacionados, voc\u00ea poder\u00e1 acessar o site. A LC fornece esses links a voc\u00ea apenas como conveni\u00eancia, e a inclus\u00e3o de qualquer link n\u00e3o implica afilia\u00e7\u00e3o, endosso ou ado\u00e7\u00e3o pela LC de qualquer site ou de qualquer informa\u00e7\u00e3o nele contida. Ao sair do Site, voc\u00ea deve estar ciente de que os Termos de Servi\u00e7o n\u00e3o s\u00e3o mais aplic\u00e1veis. Voc\u00ea deve analisar os termos e pol\u00edticas aplic\u00e1veis, incluindo pr\u00e1ticas de privacidade e coleta de dados, de qualquer site para o qual navegue a partir do Site.   <\/p><p>Sua participa\u00e7\u00e3o, correspond\u00eancia ou negocia\u00e7\u00f5es comerciais com qualquer terceiro encontrado no Site ou por meio dele, com rela\u00e7\u00e3o ao pagamento e \u00e0 entrega de bens ou servi\u00e7os relacionados, e quaisquer outros termos, condi\u00e7\u00f5es, garantias ou representa\u00e7\u00f5es associadas a essas negocia\u00e7\u00f5es, s\u00e3o exclusivamente entre voc\u00ea e esse terceiro. Voc\u00ea concorda que a LC n\u00e3o ser\u00e1 respons\u00e1vel por qualquer perda, dano ou outras quest\u00f5es de qualquer tipo incorridas como resultado de tais negocia\u00e7\u00f5es. <\/p><h3>Indeniza\u00e7\u00e3o<\/h3><p>Voc\u00ea concorda em defender, indenizar e isentar a LC, suas afiliadas, funcion\u00e1rios, agentes, fornecedores de informa\u00e7\u00f5es de terceiros, contratados independentes contra quaisquer reivindica\u00e7\u00f5es, danos, custos, responsabilidades e despesas (incluindo, mas n\u00e3o se limitando a, honor\u00e1rios advocat\u00edcios razo\u00e1veis) decorrentes de ou relacionados a qualquer Conte\u00fado de Usu\u00e1rio que voc\u00ea publicar, voc\u00ea publicar, armazenar ou de outra forma transmitir no Site ou por meio dele, sua conduta, seu uso ou incapacidade de usar o Site, sua viola\u00e7\u00e3o ou suposta viola\u00e7\u00e3o dos Termos de Servi\u00e7o ou de qualquer declara\u00e7\u00e3o ou garantia aqui contida, seu uso n\u00e3o autorizado do Conte\u00fado do LuxCitizenship ou sua viola\u00e7\u00e3o de quaisquer direitos de terceiros.<\/p><h3> <\/h3><h3>Lei aplic\u00e1vel e local do evento<\/h3><p>Estes Termos de Servi\u00e7o foram elaborados e devem ser interpretados e aplicados de acordo com a legisla\u00e7\u00e3o de Delaware. Qualquer a\u00e7\u00e3o para fazer cumprir estes Termos de Servi\u00e7o dever\u00e1 ser levada aos tribunais estaduais ou federais localizados em Delaware. <\/p><p>Os Contratos de Servi\u00e7o individuais baseados no conte\u00fado original contido neste site n\u00e3o se baseiam nestes Termos de Servi\u00e7o e, portanto, podem ser interpretados e aplicados de acordo com a legisla\u00e7\u00e3o de outra localidade.<\/p><h3>Disposi\u00e7\u00f5es diversas<\/h3><p>Se alguma cl\u00e1usula destes Termos de Servi\u00e7o for considerada inexequ\u00edvel, isso n\u00e3o afetar\u00e1 nenhuma outra cl\u00e1usula ou o restante destes Termos de Servi\u00e7o, que permanecer\u00e3o em pleno vigor e efeito. Todos os direitos n\u00e3o expressamente concedidos neste documento s\u00e3o reservados. <\/p><p><\/p><p> <\/p><p><\/p>\t\t\t\t\t\t\t\t<\/div>\n\t\t\t\t\t<\/div>\n\t\t\t\t<\/div>\n\t\t\t\t<\/div>\n\t\t","protected":false},"excerpt":{"rendered":"<p>Termos de uso Termos de Servi\u00e7o do site LuxCitizenship.com \u00daltima atualiza\u00e7\u00e3o: Outubro de 2018 Estes termos de servi\u00e7o (\u201cTOS\u201d) se aplicam ao uso que voc\u00ea faz da plataforma e dos servi\u00e7os da LuxCitizenship (coletivamente, o \u201csite\u201d) e, em termos gerais, aos servi\u00e7os prestados por meio do site ou descritos nele como prestados. Ao usar este &hellip;<\/p>\n","protected":false},"author":2,"featured_media":0,"parent":0,"menu_order":0,"comment_status":"closed","ping_status":"closed","template":"elementor_header_footer","meta":{"_genesis_block_theme_hide_title":false,"footnotes":""},"tags":[],"class_list":["post-42117","page","type-page","status-publish","hentry","post","without-featured-image"],"yoast_head":"<!-- This site is optimized with the Yoast SEO Premium plugin v27.3 (Yoast SEO v27.3) - https:\/\/yoast.com\/product\/yoast-seo-premium-wordpress\/ -->\n<title>Termos de uso dos servi\u00e7os do LuxCitizenship.com - LuxCitizenship<\/title>\n<meta name=\"description\" content=\"Nesta p\u00e1gina, voc\u00ea encontrar\u00e1 os Termos de Uso do LuxCitizenship.com e de todos os servi\u00e7os que prestamos on-line e off-line. Esta p\u00e1gina faz parte de todas as propostas do LuxCitizenship.com.\" \/>\n<meta name=\"robots\" content=\"index, follow, max-snippet:-1, max-image-preview:large, max-video-preview:-1\" \/>\n<link rel=\"canonical\" href=\"https:\/\/www.luxcitizenship.com\/br\/termos-de-uso-dos-servicos-do-luxcitizenship-com\/\" \/>\n<meta property=\"og:locale\" content=\"pt_BR\" \/>\n<meta property=\"og:type\" content=\"article\" \/>\n<meta property=\"og:title\" content=\"Termos de uso dos servi\u00e7os do LuxCitizenship.com\" \/>\n<meta property=\"og:description\" content=\"Nesta p\u00e1gina, voc\u00ea encontrar\u00e1 os Termos de Uso do LuxCitizenship.com e de todos os servi\u00e7os que prestamos on-line e off-line. Esta p\u00e1gina faz parte de todas as propostas do LuxCitizenship.com.\" \/>\n<meta property=\"og:url\" content=\"https:\/\/www.luxcitizenship.com\/br\/termos-de-uso-dos-servicos-do-luxcitizenship-com\/\" \/>\n<meta property=\"og:site_name\" content=\"LuxCitizenship\" \/>\n<meta property=\"article:publisher\" content=\"http:\/\/facebook.com\/luxcitizenship\/\" \/>\n<meta property=\"article:modified_time\" content=\"2025-06-19T20:25:38+00:00\" \/>\n<meta name=\"twitter:card\" content=\"summary_large_image\" \/>\n<meta name=\"twitter:label1\" content=\"Est. tempo de leitura\" \/>\n\t<meta name=\"twitter:data1\" content=\"7 minutos\" \/>\n<script type=\"application\/ld+json\" class=\"yoast-schema-graph\">{\"@context\":\"https:\\\/\\\/schema.org\",\"@graph\":[{\"@type\":\"WebPage\",\"@id\":\"https:\\\/\\\/www.luxcitizenship.com\\\/br\\\/termos-de-uso-dos-servicos-do-luxcitizenship-com\\\/\",\"url\":\"https:\\\/\\\/www.luxcitizenship.com\\\/br\\\/termos-de-uso-dos-servicos-do-luxcitizenship-com\\\/\",\"name\":\"Termos de uso dos servi\u00e7os do LuxCitizenship.com - LuxCitizenship\",\"isPartOf\":{\"@id\":\"https:\\\/\\\/www.luxcitizenship.com\\\/br\\\/#website\"},\"datePublished\":\"2016-11-21T06:03:24+00:00\",\"dateModified\":\"2025-06-19T20:25:38+00:00\",\"description\":\"Nesta p\u00e1gina, voc\u00ea encontrar\u00e1 os Termos de Uso do LuxCitizenship.com e de todos os servi\u00e7os que prestamos on-line e off-line. Esta p\u00e1gina faz parte de todas as propostas do LuxCitizenship.com.\",\"breadcrumb\":{\"@id\":\"https:\\\/\\\/www.luxcitizenship.com\\\/br\\\/termos-de-uso-dos-servicos-do-luxcitizenship-com\\\/#breadcrumb\"},\"inLanguage\":\"pt-BR\",\"potentialAction\":[{\"@type\":\"ReadAction\",\"target\":[\"https:\\\/\\\/www.luxcitizenship.com\\\/br\\\/termos-de-uso-dos-servicos-do-luxcitizenship-com\\\/\"]}]},{\"@type\":\"BreadcrumbList\",\"@id\":\"https:\\\/\\\/www.luxcitizenship.com\\\/br\\\/termos-de-uso-dos-servicos-do-luxcitizenship-com\\\/#breadcrumb\",\"itemListElement\":[{\"@type\":\"ListItem\",\"position\":1,\"name\":\"Home\",\"item\":\"https:\\\/\\\/www.luxcitizenship.com\\\/br\\\/\"},{\"@type\":\"ListItem\",\"position\":2,\"name\":\"Termos de uso dos servi\u00e7os do LuxCitizenship.com\"}]},{\"@type\":\"WebSite\",\"@id\":\"https:\\\/\\\/www.luxcitizenship.com\\\/br\\\/#website\",\"url\":\"https:\\\/\\\/www.luxcitizenship.com\\\/br\\\/\",\"name\":\"luxcitizenship.com\",\"description\":\"LuxCitizenship guides individuals worldwide in reclaiming Luxembourg dual citizenship through ancestry, offering expert support and fostering a global community.\",\"publisher\":{\"@id\":\"https:\\\/\\\/www.luxcitizenship.com\\\/br\\\/#organization\"},\"potentialAction\":[{\"@type\":\"SearchAction\",\"target\":{\"@type\":\"EntryPoint\",\"urlTemplate\":\"https:\\\/\\\/www.luxcitizenship.com\\\/br\\\/?s={search_term_string}\"},\"query-input\":{\"@type\":\"PropertyValueSpecification\",\"valueRequired\":true,\"valueName\":\"search_term_string\"}}],\"inLanguage\":\"pt-BR\"},{\"@type\":\"Organization\",\"@id\":\"https:\\\/\\\/www.luxcitizenship.com\\\/br\\\/#organization\",\"name\":\"luxcitizenship.com\",\"alternateName\":\"LuxCitizenship\",\"url\":\"https:\\\/\\\/www.luxcitizenship.com\\\/br\\\/\",\"logo\":{\"@type\":\"ImageObject\",\"inLanguage\":\"pt-BR\",\"@id\":\"https:\\\/\\\/www.luxcitizenship.com\\\/br\\\/#\\\/schema\\\/logo\\\/image\\\/\",\"url\":\"https:\\\/\\\/www.luxcitizenship.com\\\/wp-content\\\/uploads\\\/2025\\\/07\\\/Logo-LuxCitizenship-scaled.png\",\"contentUrl\":\"https:\\\/\\\/www.luxcitizenship.com\\\/wp-content\\\/uploads\\\/2025\\\/07\\\/Logo-LuxCitizenship-scaled.png\",\"width\":2560,\"height\":340,\"caption\":\"luxcitizenship.com\"},\"image\":{\"@id\":\"https:\\\/\\\/www.luxcitizenship.com\\\/br\\\/#\\\/schema\\\/logo\\\/image\\\/\"},\"sameAs\":[\"http:\\\/\\\/facebook.com\\\/luxcitizenship\\\/\",\"http:\\\/\\\/instagram.com\\\/lux.citizenship\\\/\"],\"description\":\"Whether you\u2019re seeking citizenship, community, or a deeper connection to your heritage, LuxCitizenship is here to help you every step of the way.\",\"email\":\"info@luxcitizenship.com\",\"telephone\":\"(917) 740-8908\",\"legalName\":\"Connaissance Solutions LLC\",\"numberOfEmployees\":{\"@type\":\"QuantitativeValue\",\"minValue\":\"11\",\"maxValue\":\"50\"}}]}<\/script>\n<!-- \/ Yoast SEO Premium plugin. -->","yoast_head_json":{"title":"Termos de uso dos servi\u00e7os do LuxCitizenship.com - LuxCitizenship","description":"Nesta p\u00e1gina, voc\u00ea encontrar\u00e1 os Termos de Uso do LuxCitizenship.com e de todos os servi\u00e7os que prestamos on-line e off-line. Esta p\u00e1gina faz parte de todas as propostas do LuxCitizenship.com.","robots":{"index":"index","follow":"follow","max-snippet":"max-snippet:-1","max-image-preview":"max-image-preview:large","max-video-preview":"max-video-preview:-1"},"canonical":"https:\/\/www.luxcitizenship.com\/br\/termos-de-uso-dos-servicos-do-luxcitizenship-com\/","og_locale":"pt_BR","og_type":"article","og_title":"Termos de uso dos servi\u00e7os do LuxCitizenship.com","og_description":"Nesta p\u00e1gina, voc\u00ea encontrar\u00e1 os Termos de Uso do LuxCitizenship.com e de todos os servi\u00e7os que prestamos on-line e off-line. Esta p\u00e1gina faz parte de todas as propostas do LuxCitizenship.com.","og_url":"https:\/\/www.luxcitizenship.com\/br\/termos-de-uso-dos-servicos-do-luxcitizenship-com\/","og_site_name":"LuxCitizenship","article_publisher":"http:\/\/facebook.com\/luxcitizenship\/","article_modified_time":"2025-06-19T20:25:38+00:00","twitter_card":"summary_large_image","twitter_misc":{"Est. tempo de leitura":"7 minutos"},"schema":{"@context":"https:\/\/schema.org","@graph":[{"@type":"WebPage","@id":"https:\/\/www.luxcitizenship.com\/br\/termos-de-uso-dos-servicos-do-luxcitizenship-com\/","url":"https:\/\/www.luxcitizenship.com\/br\/termos-de-uso-dos-servicos-do-luxcitizenship-com\/","name":"Termos de uso dos servi\u00e7os do LuxCitizenship.com - LuxCitizenship","isPartOf":{"@id":"https:\/\/www.luxcitizenship.com\/br\/#website"},"datePublished":"2016-11-21T06:03:24+00:00","dateModified":"2025-06-19T20:25:38+00:00","description":"Nesta p\u00e1gina, voc\u00ea encontrar\u00e1 os Termos de Uso do LuxCitizenship.com e de todos os servi\u00e7os que prestamos on-line e off-line. Esta p\u00e1gina faz parte de todas as propostas do LuxCitizenship.com.","breadcrumb":{"@id":"https:\/\/www.luxcitizenship.com\/br\/termos-de-uso-dos-servicos-do-luxcitizenship-com\/#breadcrumb"},"inLanguage":"pt-BR","potentialAction":[{"@type":"ReadAction","target":["https:\/\/www.luxcitizenship.com\/br\/termos-de-uso-dos-servicos-do-luxcitizenship-com\/"]}]},{"@type":"BreadcrumbList","@id":"https:\/\/www.luxcitizenship.com\/br\/termos-de-uso-dos-servicos-do-luxcitizenship-com\/#breadcrumb","itemListElement":[{"@type":"ListItem","position":1,"name":"Home","item":"https:\/\/www.luxcitizenship.com\/br\/"},{"@type":"ListItem","position":2,"name":"Termos de uso dos servi\u00e7os do LuxCitizenship.com"}]},{"@type":"WebSite","@id":"https:\/\/www.luxcitizenship.com\/br\/#website","url":"https:\/\/www.luxcitizenship.com\/br\/","name":"luxcitizenship.com","description":"LuxCitizenship guides individuals worldwide in reclaiming Luxembourg dual citizenship through ancestry, offering expert support and fostering a global community.","publisher":{"@id":"https:\/\/www.luxcitizenship.com\/br\/#organization"},"potentialAction":[{"@type":"SearchAction","target":{"@type":"EntryPoint","urlTemplate":"https:\/\/www.luxcitizenship.com\/br\/?s={search_term_string}"},"query-input":{"@type":"PropertyValueSpecification","valueRequired":true,"valueName":"search_term_string"}}],"inLanguage":"pt-BR"},{"@type":"Organization","@id":"https:\/\/www.luxcitizenship.com\/br\/#organization","name":"luxcitizenship.com","alternateName":"LuxCitizenship","url":"https:\/\/www.luxcitizenship.com\/br\/","logo":{"@type":"ImageObject","inLanguage":"pt-BR","@id":"https:\/\/www.luxcitizenship.com\/br\/#\/schema\/logo\/image\/","url":"https:\/\/www.luxcitizenship.com\/wp-content\/uploads\/2025\/07\/Logo-LuxCitizenship-scaled.png","contentUrl":"https:\/\/www.luxcitizenship.com\/wp-content\/uploads\/2025\/07\/Logo-LuxCitizenship-scaled.png","width":2560,"height":340,"caption":"luxcitizenship.com"},"image":{"@id":"https:\/\/www.luxcitizenship.com\/br\/#\/schema\/logo\/image\/"},"sameAs":["http:\/\/facebook.com\/luxcitizenship\/","http:\/\/instagram.com\/lux.citizenship\/"],"description":"Whether you\u2019re seeking citizenship, community, or a deeper connection to your heritage, LuxCitizenship is here to help you every step of the way.","email":"info@luxcitizenship.com","telephone":"(917) 740-8908","legalName":"Connaissance Solutions LLC","numberOfEmployees":{"@type":"QuantitativeValue","minValue":"11","maxValue":"50"}}]}},"featured_image_src":null,"featured_image_src_square":null,"_links":{"self":[{"href":"https:\/\/www.luxcitizenship.com\/br\/wp-json\/wp\/v2\/pages\/42117","targetHints":{"allow":["GET"]}}],"collection":[{"href":"https:\/\/www.luxcitizenship.com\/br\/wp-json\/wp\/v2\/pages"}],"about":[{"href":"https:\/\/www.luxcitizenship.com\/br\/wp-json\/wp\/v2\/types\/page"}],"author":[{"embeddable":true,"href":"https:\/\/www.luxcitizenship.com\/br\/wp-json\/wp\/v2\/users\/2"}],"replies":[{"embeddable":true,"href":"https:\/\/www.luxcitizenship.com\/br\/wp-json\/wp\/v2\/comments?post=42117"}],"version-history":[{"count":0,"href":"https:\/\/www.luxcitizenship.com\/br\/wp-json\/wp\/v2\/pages\/42117\/revisions"}],"wp:attachment":[{"href":"https:\/\/www.luxcitizenship.com\/br\/wp-json\/wp\/v2\/media?parent=42117"}],"wp:term":[{"taxonomy":"post_tag","embeddable":true,"href":"https:\/\/www.luxcitizenship.com\/br\/wp-json\/wp\/v2\/tags?post=42117"}],"curies":[{"name":"wp","href":"https:\/\/api.w.org\/{rel}","templated":true}]}}