{"id":41340,"date":"2023-01-20T14:04:06","date_gmt":"2023-01-20T19:04:06","guid":{"rendered":"https:\/\/ko3g503ir7-staging.onrocket.site\/sobre-os-compromissos-dos-clientes-da-luxcitizenship\/"},"modified":"2025-06-19T23:49:47","modified_gmt":"2025-06-20T03:49:47","slug":"sobre-os-compromissos-dos-clientes-da-luxcitizenship","status":"publish","type":"page","link":"https:\/\/www.luxcitizenship.com\/br\/sobre-os-compromissos-dos-clientes-da-luxcitizenship\/","title":{"rendered":"Sobre os compromissos dos clientes da LuxCitizenship"},"content":{"rendered":"\t\t<div data-elementor-type=\"wp-page\" data-elementor-id=\"41340\" class=\"elementor elementor-41340 elementor-27317\" data-elementor-post-type=\"page\">\n\t\t\t\t<div data-particle_enable=\"false\" data-particle-mobile-disabled=\"false\" class=\"elementor-element elementor-element-50e895ef e-flex e-con-boxed e-con e-parent\" data-id=\"50e895ef\" data-element_type=\"container\" data-e-type=\"container\">\n\t\t\t\t\t<div class=\"e-con-inner\">\n\t\t\t\t<div class=\"elementor-element elementor-element-2ef7c90b elementor-widget__width-initial elementor-widget elementor-widget-heading\" data-id=\"2ef7c90b\" data-element_type=\"widget\" data-e-type=\"widget\" data-widget_type=\"heading.default\">\n\t\t\t\t\t<h1 class=\"elementor-heading-title elementor-size-default\">Sobre os compromissos dos clientes da LuxCitizenship<\/h1>\t\t\t\t<\/div>\n\t\t\t\t\t<\/div>\n\t\t\t\t<\/div>\n\t\t<div data-particle_enable=\"false\" data-particle-mobile-disabled=\"false\" class=\"elementor-element elementor-element-238e1d54 e-con-full e-flex e-con e-parent\" data-id=\"238e1d54\" data-element_type=\"container\" data-e-type=\"container\" data-settings=\"{&quot;background_background&quot;:&quot;classic&quot;}\">\n\t\t\t\t<div class=\"elementor-element elementor-element-3e609b86 elementor-widget elementor-widget-spacer\" data-id=\"3e609b86\" data-element_type=\"widget\" data-e-type=\"widget\" data-widget_type=\"spacer.default\">\n\t\t\t\t\t\t\t<div class=\"elementor-spacer\">\n\t\t\t<div class=\"elementor-spacer-inner\"><\/div>\n\t\t<\/div>\n\t\t\t\t\t\t<\/div>\n\t\t\t\t<\/div>\n\t\t<div data-particle_enable=\"false\" data-particle-mobile-disabled=\"false\" class=\"elementor-element elementor-element-5109999 e-flex e-con-boxed e-con e-parent\" data-id=\"5109999\" data-element_type=\"container\" data-e-type=\"container\" data-settings=\"{&quot;background_background&quot;:&quot;classic&quot;}\">\n\t\t\t\t\t<div class=\"e-con-inner\">\n\t\t\t\t<div class=\"elementor-element elementor-element-22fbd80b elementor-widget elementor-widget-text-editor\" data-id=\"22fbd80b\" data-element_type=\"widget\" data-e-type=\"widget\" data-widget_type=\"text-editor.default\">\n\t\t\t\t\t\t\t\t\t<p><strong>Devido \u00e0 demanda sem precedentes por nossos servi\u00e7os desde o in\u00edcio de 2024, implementamos um sistema de pontos ponderados para novos compromissos com clientes para otimizar melhor nossos recursos.<\/strong>  Cada cliente que entra em contato com a LuxCitizenship deve preencher um teste de elegibilidade que tamb\u00e9m inclui algumas perguntas para nos ajudar a entender melhor seu hist\u00f3rico, seu relacionamento com Luxemburgo, bem como suas necessidades e interesses individuais.<\/p><p>Os clientes cujos perfis demonstram a maior necessidade de nossos recursos especializados receber\u00e3o a maior prioriza\u00e7\u00e3o. Cada ponto abaixo est\u00e1 listado em ordem de prioriza\u00e7\u00e3o.   <strong>N\u00f3s nos reservamos o direito de solicitar provas para verificar qualquer um dos pontos abaixo antes de concordarmos em trabalhar juntos, portanto, \u00e9 essencial que voc\u00ea se apresente honestamente.<\/strong><\/p>\t\t\t\t\t\t\t\t<\/div>\n\t\t\t\t<div class=\"elementor-element elementor-element-4d6fe06f elementor-widget-divider--view-line elementor-widget elementor-widget-divider\" data-id=\"4d6fe06f\" data-element_type=\"widget\" data-e-type=\"widget\" data-widget_type=\"divider.default\">\n\t\t\t\t\t\t\t<div class=\"elementor-divider\">\n\t\t\t<span class=\"elementor-divider-separator\">\n\t\t\t\t\t\t<\/span>\n\t\t<\/div>\n\t\t\t\t\t\t<\/div>\n\t\t\t\t<div class=\"elementor-element elementor-element-424be0b elementor-widget elementor-widget-heading\" data-id=\"424be0b\" data-element_type=\"widget\" data-e-type=\"widget\" data-widget_type=\"heading.default\">\n\t\t\t\t\t<h2 class=\"elementor-heading-title elementor-size-default\">Requisitos<\/h2>\t\t\t\t<\/div>\n\t\t\t\t<div class=\"elementor-element elementor-element-7d1e25c elementor-widget elementor-widget-heading\" data-id=\"7d1e25c\" data-element_type=\"widget\" data-e-type=\"widget\" data-widget_type=\"heading.default\">\n\t\t\t\t\t<h3 class=\"elementor-heading-title elementor-size-default\">Requisito m\u00ednimo:<\/h3>\t\t\t\t<\/div>\n\t\t\t\t<div class=\"elementor-element elementor-element-521f2b1 elementor-widget elementor-widget-text-editor\" data-id=\"521f2b1\" data-element_type=\"widget\" data-e-type=\"widget\" data-widget_type=\"text-editor.default\">\n\t\t\t\t\t\t\t\t\t<p>Somente iniciamos o processo de consulta e firmamos contratos com clientes que j\u00e1 possuem um passaporte n\u00e3o vencido. Voc\u00ea dever\u00e1 fornecer uma c\u00f3pia do seu passaporte v\u00e1lido como prova de identidade. Voc\u00ea n\u00e3o ter\u00e1 nenhuma exce\u00e7\u00e3o a essa exig\u00eancia.  <\/p>\t\t\t\t\t\t\t\t<\/div>\n\t\t\t\t<div class=\"elementor-element elementor-element-2eb9b37 elementor-widget elementor-widget-heading\" data-id=\"2eb9b37\" data-element_type=\"widget\" data-e-type=\"widget\" data-widget_type=\"heading.default\">\n\t\t\t\t\t<h3 class=\"elementor-heading-title elementor-size-default\">Considera\u00e7\u00f5es especiais por prioridade:<\/h3>\t\t\t\t<\/div>\n\t\t\t\t<div class=\"elementor-element elementor-element-425bdfb elementor-widget elementor-widget-text-editor\" data-id=\"425bdfb\" data-element_type=\"widget\" data-e-type=\"widget\" data-widget_type=\"text-editor.default\">\n\t\t\t\t\t\t\t\t\t<ul>\n \t<li>Indiv\u00edduos que moraram no exterior nos \u00faltimos 15 anos e, portanto, precisam de apoio com verifica\u00e7\u00f5es de antecedentes internacionais (prioridade m\u00e1xima para Hong Kong, Jap\u00e3o e China)<\/li>\n \t<li>Filhos adultos de clientes atuais do LuxCitizenship que s\u00f3 recentemente se tornaram eleg\u00edveis para solicitar a dupla cidadania porque seus pais j\u00e1 obtiveram a dupla cidadania luxemburguesa<\/li>\n \t<li>Qualquer pessoa cuja solicita\u00e7\u00e3o possa enfrentar complica\u00e7\u00f5es de direito civil ou de fam\u00edlia em Luxemburgo, incluindo, entre outros, ado\u00e7\u00e3o internacional, pais do mesmo sexo com filhos, indiv\u00edduos em transi\u00e7\u00e3o de g\u00eanero ou indiv\u00edduos com passaportes ou certid\u00f5es de nascimento com marcador de g\u00eanero n\u00e3o bin\u00e1rio<\/li>\n \t<li>Indiv\u00edduos que viveram em Luxemburgo<\/li>\n \t<li>Indiv\u00edduos com um v\u00ednculo ativo e real com Luxemburgo, o que incluiria viajantes frequentes a Luxemburgo, com experi\u00eancia anterior de trabalho ou estudo no pa\u00eds, v\u00ednculos familiares ativos no Gr\u00e3o-Ducado, entre outros<\/li>\n \t<li>Indiv\u00edduos que precisam de dupla cidadania para aceitar um emprego ou uma posi\u00e7\u00e3o de estudo ou para facilitar um projeto de investimento na Uni\u00e3o Europeia (ser\u00e1 solicitado comprovante)<\/li>\n \t<li>Indiv\u00edduos que falem fluentemente um dos idiomas nacionais de Luxemburgo (franc\u00eas, alem\u00e3o ou luxemburgu\u00eas)<\/li>\n \t<li>Indiv\u00edduos que buscam dupla cidadania para poderem acompanhar um membro imediato da fam\u00edlia que j\u00e1 vive na Uni\u00e3o Europeia, como um parceiro, filho ou pai<\/li>\n \t<li>Indiv\u00edduos com uma conex\u00e3o ativa e verdadeira em outro pa\u00eds da Uni\u00e3o Europeia, o que incluiria viajantes frequentes para esse pa\u00eds, propriedade nesse pa\u00eds, experi\u00eancias de trabalho ou estudo recentes ou atuais nesse pa\u00eds, conex\u00f5es familiares ativas no pa\u00eds<\/li>\n \t<li>Indiv\u00edduos que trabalharam ou estudaram no exterior em outro pa\u00eds fora da Uni\u00e3o Europeia<\/li>\n \t<li>Indiv\u00edduos que falam fluentemente outro idioma estrangeiro que n\u00e3o seja um dos tr\u00eas idiomas nacionais de Luxemburgo<\/li>\n \t<li>Indiv\u00edduos que j\u00e1 viajaram anteriormente para Luxemburgo<\/li>\n \t<li>Indiv\u00edduos que viajaram para o exterior nos \u00faltimos dois anos<\/li>\n<\/ul>\t\t\t\t\t\t\t\t<\/div>\n\t\t\t\t\t<\/div>\n\t\t\t\t<\/div>\n\t\t<div data-particle_enable=\"false\" data-particle-mobile-disabled=\"false\" class=\"elementor-element elementor-element-604baf4d e-flex e-con-boxed e-con e-parent\" data-id=\"604baf4d\" data-element_type=\"container\" data-e-type=\"container\" data-settings=\"{&quot;background_background&quot;:&quot;classic&quot;}\">\n\t\t\t\t\t<div class=\"e-con-inner\">\n\t\t<div data-particle_enable=\"false\" data-particle-mobile-disabled=\"false\" class=\"elementor-element elementor-element-1e7ea048 e-con-full e-grid e-con e-child\" data-id=\"1e7ea048\" data-element_type=\"container\" data-e-type=\"container\">\n\t\t<div data-particle_enable=\"false\" data-particle-mobile-disabled=\"false\" class=\"elementor-element elementor-element-1ab7f66c e-con-full e-flex e-con e-child\" data-id=\"1ab7f66c\" data-element_type=\"container\" data-e-type=\"container\">\n\t\t\t\t<div class=\"elementor-element elementor-element-224c4a10 elementor-widget elementor-widget-heading\" data-id=\"224c4a10\" data-element_type=\"widget\" data-e-type=\"widget\" data-widget_type=\"heading.default\">\n\t\t\t\t\t<h2 class=\"elementor-heading-title elementor-size-default\">Declara\u00e7\u00e3o pessoal<\/h2>\t\t\t\t<\/div>\n\t\t\t\t<div class=\"elementor-element elementor-element-38e13d55 elementor-widget elementor-widget-text-editor\" data-id=\"38e13d55\" data-element_type=\"widget\" data-e-type=\"widget\" data-widget_type=\"text-editor.default\">\n\t\t\t\t\t\t\t\t\t<p><strong>Cada indiv\u00edduo tamb\u00e9m dever\u00e1 preencher uma pergunta aberta sobre o motivo pelo qual deseja se tornar um cidad\u00e3o de Luxemburgo ao concluir nosso teste de elegibilidade.<\/strong>  A declara\u00e7\u00e3o \u00e9 uma parte muito importante da nossa avalia\u00e7\u00e3o e ser\u00e1 analisada levando-se em considera\u00e7\u00e3o as declara\u00e7\u00f5es p\u00fablicas anteriores do governo luxemburgu\u00eas sobre suas pr\u00f3prias opini\u00f5es a respeito do programa de dupla cidadania. Portanto, incentivamos todos os candidatos que buscam apoio do LuxCitizenship a levar muito a s\u00e9rio o preenchimento dessa declara\u00e7\u00e3o. Geralmente, a extens\u00e3o m\u00ednima de um par\u00e1grafo \u00e9 a que melhor nos permite avaliar suas motiva\u00e7\u00f5es.  <\/p>\t\t\t\t\t\t\t\t<\/div>\n\t\t\t\t<\/div>\n\t\t<div data-particle_enable=\"false\" data-particle-mobile-disabled=\"false\" class=\"elementor-element elementor-element-5c85f1c0 e-con-full e-flex e-con e-child\" data-id=\"5c85f1c0\" data-element_type=\"container\" data-e-type=\"container\">\n\t\t\t\t<div class=\"elementor-element elementor-element-60d7f195 elementor-widget elementor-widget-image\" data-id=\"60d7f195\" data-element_type=\"widget\" data-e-type=\"widget\" data-widget_type=\"image.default\">\n\t\t\t\t\t\t\t\t\t\t\t\t\t\t\t<img fetchpriority=\"high\" decoding=\"async\" width=\"1024\" height=\"768\" src=\"https:\/\/www.luxcitizenship.com\/wp-content\/uploads\/2022\/01\/Veronica-Daniel-Luxembourg-1024x768.jpeg\" class=\"attachment-large size-large wp-image-39008\" alt=\"Veronica and Daniel in front of Luxembourg sign\" srcset=\"https:\/\/www.luxcitizenship.com\/wp-content\/uploads\/2022\/01\/Veronica-Daniel-Luxembourg-1024x768.jpeg 1024w, https:\/\/www.luxcitizenship.com\/wp-content\/uploads\/2022\/01\/Veronica-Daniel-Luxembourg-300x225.jpeg 300w, https:\/\/www.luxcitizenship.com\/wp-content\/uploads\/2022\/01\/Veronica-Daniel-Luxembourg-768x576.jpeg 768w, https:\/\/www.luxcitizenship.com\/wp-content\/uploads\/2022\/01\/Veronica-Daniel-Luxembourg-1536x1152.jpeg 1536w, https:\/\/www.luxcitizenship.com\/wp-content\/uploads\/2022\/01\/Veronica-Daniel-Luxembourg-1200x900.jpeg 1200w, https:\/\/www.luxcitizenship.com\/wp-content\/uploads\/2022\/01\/Veronica-Daniel-Luxembourg-1400x1050.jpeg 1400w, https:\/\/www.luxcitizenship.com\/wp-content\/uploads\/2022\/01\/Veronica-Daniel-Luxembourg.jpeg 2048w\" sizes=\"(max-width: 1024px) 100vw, 1024px\" \/>\t\t\t\t\t\t\t\t\t\t\t\t\t\t\t<\/div>\n\t\t\t\t<\/div>\n\t\t\t\t<\/div>\n\t\t\t\t\t<\/div>\n\t\t\t\t<\/div>\n\t\t\t\t<\/div>\n\t\t","protected":false},"excerpt":{"rendered":"<p>Sobre os compromissos dos clientes da LuxCitizenship Devido \u00e0 demanda sem precedentes por nossos servi\u00e7os desde o in\u00edcio de 2024, implementamos um sistema de pontos ponderados para novos compromissos com clientes para otimizar melhor nossos recursos. Cada cliente que entra em contato com a LuxCitizenship deve preencher um teste de elegibilidade que tamb\u00e9m inclui algumas &hellip;<\/p>\n","protected":false},"author":10,"featured_media":41343,"parent":0,"menu_order":0,"comment_status":"closed","ping_status":"closed","template":"elementor_header_footer","meta":{"_genesis_block_theme_hide_title":false,"footnotes":""},"tags":[],"class_list":["post-41340","page","type-page","status-publish","has-post-thumbnail","hentry","post","with-featured-image"],"yoast_head":"<!-- This site is optimized with the Yoast SEO Premium plugin v27.3 (Yoast SEO v27.3) - https:\/\/yoast.com\/product\/yoast-seo-premium-wordpress\/ -->\n<title>Novos compromissos com clientes | LuxCitizenship<\/title>\n<meta name=\"robots\" content=\"noindex, nofollow\" \/>\n<meta property=\"og:locale\" content=\"pt_BR\" \/>\n<meta property=\"og:type\" content=\"article\" \/>\n<meta property=\"og:title\" content=\"Sobre os compromissos dos clientes da LuxCitizenship\" \/>\n<meta property=\"og:description\" content=\"Sobre os compromissos dos clientes da LuxCitizenship Devido \u00e0 demanda sem precedentes por nossos servi\u00e7os desde o in\u00edcio de 2024, implementamos um sistema de pontos ponderados para novos compromissos com clientes para otimizar melhor nossos recursos. Cada cliente que entra em contato com a LuxCitizenship deve preencher um teste de elegibilidade que tamb\u00e9m inclui algumas &hellip;\" \/>\n<meta property=\"og:url\" content=\"https:\/\/www.luxcitizenship.com\/br\/sobre-os-compromissos-dos-clientes-da-luxcitizenship\/\" \/>\n<meta property=\"og:site_name\" content=\"LuxCitizenship\" \/>\n<meta property=\"article:publisher\" content=\"http:\/\/facebook.com\/luxcitizenship\/\" \/>\n<meta property=\"article:modified_time\" content=\"2025-06-20T03:49:47+00:00\" \/>\n<meta property=\"og:image\" content=\"https:\/\/www.luxcitizenship.com\/wp-content\/uploads\/2021\/05\/Lux-Family-Flags-inward.png\" \/>\n\t<meta property=\"og:image:width\" content=\"422\" \/>\n\t<meta property=\"og:image:height\" content=\"481\" \/>\n\t<meta property=\"og:image:type\" content=\"image\/png\" \/>\n<meta name=\"twitter:card\" content=\"summary_large_image\" \/>\n<meta name=\"twitter:label1\" content=\"Est. tempo de leitura\" \/>\n\t<meta name=\"twitter:data1\" content=\"3 minutos\" \/>\n<script type=\"application\/ld+json\" class=\"yoast-schema-graph\">{\"@context\":\"https:\\\/\\\/schema.org\",\"@graph\":[{\"@type\":\"WebPage\",\"@id\":\"https:\\\/\\\/www.luxcitizenship.com\\\/br\\\/sobre-os-compromissos-dos-clientes-da-luxcitizenship\\\/\",\"url\":\"https:\\\/\\\/www.luxcitizenship.com\\\/br\\\/sobre-os-compromissos-dos-clientes-da-luxcitizenship\\\/\",\"name\":\"Novos compromissos com clientes | LuxCitizenship\",\"isPartOf\":{\"@id\":\"https:\\\/\\\/www.luxcitizenship.com\\\/br\\\/#website\"},\"primaryImageOfPage\":{\"@id\":\"https:\\\/\\\/www.luxcitizenship.com\\\/br\\\/sobre-os-compromissos-dos-clientes-da-luxcitizenship\\\/#primaryimage\"},\"image\":{\"@id\":\"https:\\\/\\\/www.luxcitizenship.com\\\/br\\\/sobre-os-compromissos-dos-clientes-da-luxcitizenship\\\/#primaryimage\"},\"thumbnailUrl\":\"https:\\\/\\\/www.luxcitizenship.com\\\/wp-content\\\/uploads\\\/2021\\\/05\\\/Lux-Family-Flags-inward.png\",\"datePublished\":\"2023-01-20T19:04:06+00:00\",\"dateModified\":\"2025-06-20T03:49:47+00:00\",\"breadcrumb\":{\"@id\":\"https:\\\/\\\/www.luxcitizenship.com\\\/br\\\/sobre-os-compromissos-dos-clientes-da-luxcitizenship\\\/#breadcrumb\"},\"inLanguage\":\"pt-BR\",\"potentialAction\":[{\"@type\":\"ReadAction\",\"target\":[\"https:\\\/\\\/www.luxcitizenship.com\\\/br\\\/sobre-os-compromissos-dos-clientes-da-luxcitizenship\\\/\"]}]},{\"@type\":\"ImageObject\",\"inLanguage\":\"pt-BR\",\"@id\":\"https:\\\/\\\/www.luxcitizenship.com\\\/br\\\/sobre-os-compromissos-dos-clientes-da-luxcitizenship\\\/#primaryimage\",\"url\":\"https:\\\/\\\/www.luxcitizenship.com\\\/wp-content\\\/uploads\\\/2021\\\/05\\\/Lux-Family-Flags-inward.png\",\"contentUrl\":\"https:\\\/\\\/www.luxcitizenship.com\\\/wp-content\\\/uploads\\\/2021\\\/05\\\/Lux-Family-Flags-inward.png\",\"width\":422,\"height\":481},{\"@type\":\"BreadcrumbList\",\"@id\":\"https:\\\/\\\/www.luxcitizenship.com\\\/br\\\/sobre-os-compromissos-dos-clientes-da-luxcitizenship\\\/#breadcrumb\",\"itemListElement\":[{\"@type\":\"ListItem\",\"position\":1,\"name\":\"Home\",\"item\":\"https:\\\/\\\/www.luxcitizenship.com\\\/br\\\/\"},{\"@type\":\"ListItem\",\"position\":2,\"name\":\"Sobre os compromissos dos clientes da LuxCitizenship\"}]},{\"@type\":\"WebSite\",\"@id\":\"https:\\\/\\\/www.luxcitizenship.com\\\/br\\\/#website\",\"url\":\"https:\\\/\\\/www.luxcitizenship.com\\\/br\\\/\",\"name\":\"luxcitizenship.com\",\"description\":\"LuxCitizenship guides individuals worldwide in reclaiming Luxembourg dual citizenship through ancestry, offering expert support and fostering a global community.\",\"publisher\":{\"@id\":\"https:\\\/\\\/www.luxcitizenship.com\\\/br\\\/#organization\"},\"potentialAction\":[{\"@type\":\"SearchAction\",\"target\":{\"@type\":\"EntryPoint\",\"urlTemplate\":\"https:\\\/\\\/www.luxcitizenship.com\\\/br\\\/?s={search_term_string}\"},\"query-input\":{\"@type\":\"PropertyValueSpecification\",\"valueRequired\":true,\"valueName\":\"search_term_string\"}}],\"inLanguage\":\"pt-BR\"},{\"@type\":\"Organization\",\"@id\":\"https:\\\/\\\/www.luxcitizenship.com\\\/br\\\/#organization\",\"name\":\"luxcitizenship.com\",\"alternateName\":\"LuxCitizenship\",\"url\":\"https:\\\/\\\/www.luxcitizenship.com\\\/br\\\/\",\"logo\":{\"@type\":\"ImageObject\",\"inLanguage\":\"pt-BR\",\"@id\":\"https:\\\/\\\/www.luxcitizenship.com\\\/br\\\/#\\\/schema\\\/logo\\\/image\\\/\",\"url\":\"https:\\\/\\\/www.luxcitizenship.com\\\/wp-content\\\/uploads\\\/2025\\\/07\\\/Logo-LuxCitizenship-scaled.png\",\"contentUrl\":\"https:\\\/\\\/www.luxcitizenship.com\\\/wp-content\\\/uploads\\\/2025\\\/07\\\/Logo-LuxCitizenship-scaled.png\",\"width\":2560,\"height\":340,\"caption\":\"luxcitizenship.com\"},\"image\":{\"@id\":\"https:\\\/\\\/www.luxcitizenship.com\\\/br\\\/#\\\/schema\\\/logo\\\/image\\\/\"},\"sameAs\":[\"http:\\\/\\\/facebook.com\\\/luxcitizenship\\\/\",\"http:\\\/\\\/instagram.com\\\/lux.citizenship\\\/\"],\"description\":\"Whether you\u2019re seeking citizenship, community, or a deeper connection to your heritage, LuxCitizenship is here to help you every step of the way.\",\"email\":\"info@luxcitizenship.com\",\"telephone\":\"(917) 740-8908\",\"legalName\":\"Connaissance Solutions LLC\",\"numberOfEmployees\":{\"@type\":\"QuantitativeValue\",\"minValue\":\"11\",\"maxValue\":\"50\"}}]}<\/script>\n<!-- \/ Yoast SEO Premium plugin. -->","yoast_head_json":{"title":"Novos compromissos com clientes | LuxCitizenship","robots":{"index":"noindex","follow":"nofollow"},"og_locale":"pt_BR","og_type":"article","og_title":"Sobre os compromissos dos clientes da LuxCitizenship","og_description":"Sobre os compromissos dos clientes da LuxCitizenship Devido \u00e0 demanda sem precedentes por nossos servi\u00e7os desde o in\u00edcio de 2024, implementamos um sistema de pontos ponderados para novos compromissos com clientes para otimizar melhor nossos recursos. Cada cliente que entra em contato com a LuxCitizenship deve preencher um teste de elegibilidade que tamb\u00e9m inclui algumas &hellip;","og_url":"https:\/\/www.luxcitizenship.com\/br\/sobre-os-compromissos-dos-clientes-da-luxcitizenship\/","og_site_name":"LuxCitizenship","article_publisher":"http:\/\/facebook.com\/luxcitizenship\/","article_modified_time":"2025-06-20T03:49:47+00:00","og_image":[{"width":422,"height":481,"url":"https:\/\/www.luxcitizenship.com\/wp-content\/uploads\/2021\/05\/Lux-Family-Flags-inward.png","type":"image\/png"}],"twitter_card":"summary_large_image","twitter_misc":{"Est. tempo de leitura":"3 minutos"},"schema":{"@context":"https:\/\/schema.org","@graph":[{"@type":"WebPage","@id":"https:\/\/www.luxcitizenship.com\/br\/sobre-os-compromissos-dos-clientes-da-luxcitizenship\/","url":"https:\/\/www.luxcitizenship.com\/br\/sobre-os-compromissos-dos-clientes-da-luxcitizenship\/","name":"Novos compromissos com clientes | LuxCitizenship","isPartOf":{"@id":"https:\/\/www.luxcitizenship.com\/br\/#website"},"primaryImageOfPage":{"@id":"https:\/\/www.luxcitizenship.com\/br\/sobre-os-compromissos-dos-clientes-da-luxcitizenship\/#primaryimage"},"image":{"@id":"https:\/\/www.luxcitizenship.com\/br\/sobre-os-compromissos-dos-clientes-da-luxcitizenship\/#primaryimage"},"thumbnailUrl":"https:\/\/www.luxcitizenship.com\/wp-content\/uploads\/2021\/05\/Lux-Family-Flags-inward.png","datePublished":"2023-01-20T19:04:06+00:00","dateModified":"2025-06-20T03:49:47+00:00","breadcrumb":{"@id":"https:\/\/www.luxcitizenship.com\/br\/sobre-os-compromissos-dos-clientes-da-luxcitizenship\/#breadcrumb"},"inLanguage":"pt-BR","potentialAction":[{"@type":"ReadAction","target":["https:\/\/www.luxcitizenship.com\/br\/sobre-os-compromissos-dos-clientes-da-luxcitizenship\/"]}]},{"@type":"ImageObject","inLanguage":"pt-BR","@id":"https:\/\/www.luxcitizenship.com\/br\/sobre-os-compromissos-dos-clientes-da-luxcitizenship\/#primaryimage","url":"https:\/\/www.luxcitizenship.com\/wp-content\/uploads\/2021\/05\/Lux-Family-Flags-inward.png","contentUrl":"https:\/\/www.luxcitizenship.com\/wp-content\/uploads\/2021\/05\/Lux-Family-Flags-inward.png","width":422,"height":481},{"@type":"BreadcrumbList","@id":"https:\/\/www.luxcitizenship.com\/br\/sobre-os-compromissos-dos-clientes-da-luxcitizenship\/#breadcrumb","itemListElement":[{"@type":"ListItem","position":1,"name":"Home","item":"https:\/\/www.luxcitizenship.com\/br\/"},{"@type":"ListItem","position":2,"name":"Sobre os compromissos dos clientes da LuxCitizenship"}]},{"@type":"WebSite","@id":"https:\/\/www.luxcitizenship.com\/br\/#website","url":"https:\/\/www.luxcitizenship.com\/br\/","name":"luxcitizenship.com","description":"LuxCitizenship guides individuals worldwide in reclaiming Luxembourg dual citizenship through ancestry, offering expert support and fostering a global community.","publisher":{"@id":"https:\/\/www.luxcitizenship.com\/br\/#organization"},"potentialAction":[{"@type":"SearchAction","target":{"@type":"EntryPoint","urlTemplate":"https:\/\/www.luxcitizenship.com\/br\/?s={search_term_string}"},"query-input":{"@type":"PropertyValueSpecification","valueRequired":true,"valueName":"search_term_string"}}],"inLanguage":"pt-BR"},{"@type":"Organization","@id":"https:\/\/www.luxcitizenship.com\/br\/#organization","name":"luxcitizenship.com","alternateName":"LuxCitizenship","url":"https:\/\/www.luxcitizenship.com\/br\/","logo":{"@type":"ImageObject","inLanguage":"pt-BR","@id":"https:\/\/www.luxcitizenship.com\/br\/#\/schema\/logo\/image\/","url":"https:\/\/www.luxcitizenship.com\/wp-content\/uploads\/2025\/07\/Logo-LuxCitizenship-scaled.png","contentUrl":"https:\/\/www.luxcitizenship.com\/wp-content\/uploads\/2025\/07\/Logo-LuxCitizenship-scaled.png","width":2560,"height":340,"caption":"luxcitizenship.com"},"image":{"@id":"https:\/\/www.luxcitizenship.com\/br\/#\/schema\/logo\/image\/"},"sameAs":["http:\/\/facebook.com\/luxcitizenship\/","http:\/\/instagram.com\/lux.citizenship\/"],"description":"Whether you\u2019re seeking citizenship, community, or a deeper connection to your heritage, LuxCitizenship is here to help you every step of the way.","email":"info@luxcitizenship.com","telephone":"(917) 740-8908","legalName":"Connaissance Solutions LLC","numberOfEmployees":{"@type":"QuantitativeValue","minValue":"11","maxValue":"50"}}]}},"featured_image_src":"https:\/\/www.luxcitizenship.com\/wp-content\/uploads\/2021\/05\/Lux-Family-Flags-inward-422x400.png","featured_image_src_square":"https:\/\/www.luxcitizenship.com\/wp-content\/uploads\/2021\/05\/Lux-Family-Flags-inward.png","_links":{"self":[{"href":"https:\/\/www.luxcitizenship.com\/br\/wp-json\/wp\/v2\/pages\/41340","targetHints":{"allow":["GET"]}}],"collection":[{"href":"https:\/\/www.luxcitizenship.com\/br\/wp-json\/wp\/v2\/pages"}],"about":[{"href":"https:\/\/www.luxcitizenship.com\/br\/wp-json\/wp\/v2\/types\/page"}],"author":[{"embeddable":true,"href":"https:\/\/www.luxcitizenship.com\/br\/wp-json\/wp\/v2\/users\/10"}],"replies":[{"embeddable":true,"href":"https:\/\/www.luxcitizenship.com\/br\/wp-json\/wp\/v2\/comments?post=41340"}],"version-history":[{"count":0,"href":"https:\/\/www.luxcitizenship.com\/br\/wp-json\/wp\/v2\/pages\/41340\/revisions"}],"wp:featuredmedia":[{"embeddable":true,"href":"https:\/\/www.luxcitizenship.com\/br\/wp-json\/wp\/v2\/media\/41343"}],"wp:attachment":[{"href":"https:\/\/www.luxcitizenship.com\/br\/wp-json\/wp\/v2\/media?parent=41340"}],"wp:term":[{"taxonomy":"post_tag","embeddable":true,"href":"https:\/\/www.luxcitizenship.com\/br\/wp-json\/wp\/v2\/tags?post=41340"}],"curies":[{"name":"wp","href":"https:\/\/api.w.org\/{rel}","templated":true}]}}