{"id":31096,"date":"2023-07-11T10:02:38","date_gmt":"2023-07-11T14:02:38","guid":{"rendered":"https:\/\/www.luxcitizenship.com\/?page_id=31096"},"modified":"2025-06-20T04:57:45","modified_gmt":"2025-06-20T08:57:45","slug":"pesquisa-dados","status":"publish","type":"page","link":"https:\/\/www.luxcitizenship.com\/br\/pesquisa-dados\/","title":{"rendered":"Pesquisa &#8211; Declara\u00e7\u00e3o de Privacidade de Dados"},"content":{"rendered":"\t\t<div data-elementor-type=\"wp-page\" data-elementor-id=\"31096\" class=\"elementor elementor-31096\" data-elementor-post-type=\"page\">\n\t\t\t\t<div data-particle_enable=\"false\" data-particle-mobile-disabled=\"false\" class=\"elementor-element elementor-element-1f2b84a8 e-flex e-con-boxed e-con e-parent\" data-id=\"1f2b84a8\" data-element_type=\"container\" data-e-type=\"container\">\n\t\t\t\t\t<div class=\"e-con-inner\">\n\t\t\t\t<div class=\"elementor-element elementor-element-2e61604e elementor-widget elementor-widget-theme-post-title elementor-page-title elementor-widget-heading\" data-id=\"2e61604e\" data-element_type=\"widget\" data-e-type=\"widget\" data-widget_type=\"theme-post-title.default\">\n\t\t\t\t\t<h1 class=\"elementor-heading-title elementor-size-default\">Pesquisa &#8211; Declara\u00e7\u00e3o de Privacidade de Dados<\/h1>\t\t\t\t<\/div>\n\t\t\t\t<div class=\"elementor-element elementor-element-0033d2a elementor-widget elementor-widget-text-editor\" data-id=\"0033d2a\" data-element_type=\"widget\" data-e-type=\"widget\" data-widget_type=\"text-editor.default\">\n\t\t\t\t\t\t\t\t\t<h2>Declara\u00e7\u00e3o de Privacidade de Dados<\/h2><p>Esta declara\u00e7\u00e3o de privacidade de dados tem como objetivo informar como os seus dados pessoais ser\u00e3o coletados, armazenados, utilizados e protegidos durante a sua participa\u00e7\u00e3o\u00a0<a href=\"https:\/\/www.luxcitizenship.com\/br\/formulario\/\" target=\"_blank\" rel=\"noopener\">nesta pesquisa<\/a>. A prote\u00e7\u00e3o dos seus dados \u00e9 de extrema import\u00e2ncia para n\u00f3s, e estamos comprometidos em garantir a conformidade com a Lei Geral de Prote\u00e7\u00e3o de Dados Pessoais (LGPD).<\/p><ol><li><strong>Respons\u00e1vel pelo Tratamento de Dados<\/strong><\/li><\/ol><p>O respons\u00e1vel pelo tratamento dos seus dados pessoais \u00e9 Connaissance Solutions LLC (\u201cLuxCitizenship\u201d), com sede em 41 Madison Ave, 31st Floor, New York, NY 10010, Estados-Unidos, que atua como controladora dos dados para esta pesquisa. Se voc\u00ea tiver alguma d\u00favida ou preocupa\u00e7\u00e3o relacionada \u00e0 prote\u00e7\u00e3o de dados, entre em contato conosco por meio dos canais indicados no final desta declara\u00e7\u00e3o.<\/p><ol start=\"2\"><li><strong>Dados Coletados<\/strong><\/li><\/ol><p>Durante a sua participa\u00e7\u00e3o nesta pesquisa, podemos coletar os seguintes dados pessoais:<\/p><ul><li>Informa\u00e7\u00f5es de identifica\u00e7\u00e3o: nome, sobrenome, e endere\u00e7o de e-mail<\/li><li>Informa\u00e7\u00f5es demogr\u00e1ficas: idade, sexo, localiza\u00e7\u00e3o geogr\u00e1fica, etc.<\/li><li>Outras informa\u00e7\u00f5es relevantes fornecidas voluntariamente por voc\u00ea durante a pesquisa.<\/li><\/ul><ol start=\"3\"><li><strong>Finalidade do Tratamento de Dados<\/strong><\/li><\/ol><p>Os dados pessoais coletados ser\u00e3o utilizados exclusivamente para os seguintes fins:<\/p><ul><li>Realizar an\u00e1lises estat\u00edsticas e pesquisas para fins de estudo e entendimento de determinado assunto.<\/li><li>Manter contato com voc\u00ea durante o per\u00edodo da pesquisa, se necess\u00e1rio.<\/li><li>Garantir a conformidade com as obriga\u00e7\u00f5es legais e regulat\u00f3rias.<\/li><\/ul><ol start=\"4\"><li><strong>Base Legal para o Tratamento de Dados<\/strong><\/li><\/ol><p>O tratamento dos seus dados pessoais ser\u00e1 realizado com base nas seguintes bases legais previstas na LGPD:<\/p><ul><li>Consentimento: ao participar desta pesquisa, voc\u00ea est\u00e1 dando seu consentimento expl\u00edcito para o tratamento dos seus dados pessoais conforme descrito nesta declara\u00e7\u00e3o.<\/li><\/ul><ol start=\"5\"><li><strong>Compartilhamento de Dados<\/strong><\/li><\/ol><p>Os dados pessoais coletados nesta pesquisa ser\u00e3o tratados de forma estritamente confidencial e n\u00e3o ser\u00e3o compartilhados com terceiros, exceto nos seguintes casos:<\/p><ul><li>Quando exigido por lei ou por ordem judicial.<\/li><\/ul><ol start=\"6\"><li><strong>Medidas de Seguran\u00e7a<\/strong><\/li><\/ol><p>Adotamos medidas de seguran\u00e7a t\u00e9cnicas e organizacionais adequadas para proteger os seus dados pessoais contra acesso n\u00e3o autorizado, uso indevido, altera\u00e7\u00e3o, divulga\u00e7\u00e3o ou destrui\u00e7\u00e3o n\u00e3o autorizada. No entanto, \u00e9 importante ressaltar que nenhuma transmiss\u00e3o de dados pela internet ou m\u00e9todo de armazenamento eletr\u00f4nico \u00e9 100% seguro e, portanto, n\u00e3o podemos garantir seguran\u00e7a absoluta.<\/p><ol start=\"7\"><li><strong>Seus Direitos<\/strong><\/li><\/ol><p>De acordo com a LGPD, voc\u00ea possui os seguintes direitos em rela\u00e7\u00e3o aos seus dados pessoais:<\/p><ul><li>Direito de acesso: solicitar informa\u00e7\u00f5es sobre quais dados pessoais seus est\u00e3o sendo processados e obter uma c\u00f3pia desses dados.<\/li><li>Direito de retifica\u00e7\u00e3o: solicitar a corre\u00e7\u00e3o de dados pessoais imprecisos ou desatualizados.<\/li><li>Direito de exclus\u00e3o: solicitar a exclus\u00e3o dos seus dados pessoais, desde que n\u00e3o existam fundamentos legais que justifiquem a sua manuten\u00e7\u00e3o.<\/li><li>Direito de oposi\u00e7\u00e3o: opor-se ao processamento dos seus dados pessoais, em determinadas circunst\u00e2ncias.<\/li><li>Direito de portabilidade: solicitar a transfer\u00eancia dos seus dados pessoais para outro controlador de dados.<\/li><li>Direito de revogar o consentimento: retirar o seu consentimento para o tratamento dos seus dados pessoais, quando o tratamento for baseado no seu consentimento.<\/li><\/ul><ol start=\"8\"><li>Reten\u00e7\u00e3o de Dados<\/li><\/ol><p>Os seus dados pessoais ser\u00e3o mantidos apenas pelo tempo necess\u00e1rio para cumprir os fins descritos nesta declara\u00e7\u00e3o, a menos que um per\u00edodo de reten\u00e7\u00e3o mais longo seja exigido ou permitido pela lei.<\/p><ol start=\"9\"><li>Contato<\/li><\/ol><p>Se voc\u00ea tiver alguma d\u00favida, preocupa\u00e7\u00e3o ou desejar exercer seus direitos de prote\u00e7\u00e3o de dados, entre em contato conosco pelo seguinte meio:<\/p><p>LuxCitizenship<br \/>info@luxcitizenship.com<br \/>+1 917 740 8908<\/p>\t\t\t\t\t\t\t\t<\/div>\n\t\t\t\t\t<\/div>\n\t\t\t\t<\/div>\n\t\t\t\t<\/div>\n\t\t","protected":false},"excerpt":{"rendered":"<p>Declara\u00e7\u00e3o de Privacidade de Dados Esta declara\u00e7\u00e3o de privacidade de dados tem como objetivo informar como os seus dados pessoais ser\u00e3o coletados, armazenados, utilizados e protegidos durante a sua participa\u00e7\u00e3o\u00a0nesta pesquisa. A prote\u00e7\u00e3o dos seus dados \u00e9 de extrema import\u00e2ncia para n\u00f3s, e estamos comprometidos em garantir a conformidade com a Lei Geral de Prote\u00e7\u00e3o &hellip;<\/p>\n","protected":false},"author":10,"featured_media":0,"parent":0,"menu_order":0,"comment_status":"closed","ping_status":"closed","template":"elementor_header_footer","meta":{"_genesis_block_theme_hide_title":false,"footnotes":""},"tags":[],"class_list":["post-31096","page","type-page","status-publish","hentry","post","without-featured-image"],"yoast_head":"<!-- This site is optimized with the Yoast SEO Premium plugin v27.3 (Yoast SEO v27.3) - https:\/\/yoast.com\/product\/yoast-seo-premium-wordpress\/ -->\n<title>Pesquisa - Declara\u00e7\u00e3o de Privacidade de Dados - LuxCitizenship<\/title>\n<meta name=\"robots\" content=\"index, follow, max-snippet:-1, max-image-preview:large, max-video-preview:-1\" \/>\n<link rel=\"canonical\" href=\"https:\/\/www.luxcitizenship.com\/br\/pesquisa-dados\/\" \/>\n<meta property=\"og:locale\" content=\"pt_BR\" \/>\n<meta property=\"og:type\" content=\"article\" \/>\n<meta property=\"og:title\" content=\"Pesquisa - Declara\u00e7\u00e3o de Privacidade de Dados\" \/>\n<meta property=\"og:description\" content=\"Declara\u00e7\u00e3o de Privacidade de Dados Esta declara\u00e7\u00e3o de privacidade de dados tem como objetivo informar como os seus dados pessoais ser\u00e3o coletados, armazenados, utilizados e protegidos durante a sua participa\u00e7\u00e3o\u00a0nesta pesquisa. A prote\u00e7\u00e3o dos seus dados \u00e9 de extrema import\u00e2ncia para n\u00f3s, e estamos comprometidos em garantir a conformidade com a Lei Geral de Prote\u00e7\u00e3o &hellip;\" \/>\n<meta property=\"og:url\" content=\"https:\/\/www.luxcitizenship.com\/br\/pesquisa-dados\/\" \/>\n<meta property=\"og:site_name\" content=\"LuxCitizenship\" \/>\n<meta property=\"article:publisher\" content=\"http:\/\/facebook.com\/luxcitizenship\/\" \/>\n<meta property=\"article:modified_time\" content=\"2025-06-20T08:57:45+00:00\" \/>\n<meta name=\"twitter:card\" content=\"summary_large_image\" \/>\n<meta name=\"twitter:label1\" content=\"Est. tempo de leitura\" \/>\n\t<meta name=\"twitter:data1\" content=\"3 minutos\" \/>\n<script type=\"application\/ld+json\" class=\"yoast-schema-graph\">{\"@context\":\"https:\\\/\\\/schema.org\",\"@graph\":[{\"@type\":\"WebPage\",\"@id\":\"https:\\\/\\\/www.luxcitizenship.com\\\/br\\\/pesquisa-dados\\\/\",\"url\":\"https:\\\/\\\/www.luxcitizenship.com\\\/br\\\/pesquisa-dados\\\/\",\"name\":\"Pesquisa - Declara\u00e7\u00e3o de Privacidade de Dados - LuxCitizenship\",\"isPartOf\":{\"@id\":\"https:\\\/\\\/www.luxcitizenship.com\\\/br\\\/#website\"},\"datePublished\":\"2023-07-11T14:02:38+00:00\",\"dateModified\":\"2025-06-20T08:57:45+00:00\",\"breadcrumb\":{\"@id\":\"https:\\\/\\\/www.luxcitizenship.com\\\/br\\\/pesquisa-dados\\\/#breadcrumb\"},\"inLanguage\":\"pt-BR\",\"potentialAction\":[{\"@type\":\"ReadAction\",\"target\":[\"https:\\\/\\\/www.luxcitizenship.com\\\/br\\\/pesquisa-dados\\\/\"]}]},{\"@type\":\"BreadcrumbList\",\"@id\":\"https:\\\/\\\/www.luxcitizenship.com\\\/br\\\/pesquisa-dados\\\/#breadcrumb\",\"itemListElement\":[{\"@type\":\"ListItem\",\"position\":1,\"name\":\"Home\",\"item\":\"https:\\\/\\\/www.luxcitizenship.com\\\/br\\\/\"},{\"@type\":\"ListItem\",\"position\":2,\"name\":\"Pesquisa &#8211; Declara\u00e7\u00e3o de Privacidade de Dados\"}]},{\"@type\":\"WebSite\",\"@id\":\"https:\\\/\\\/www.luxcitizenship.com\\\/br\\\/#website\",\"url\":\"https:\\\/\\\/www.luxcitizenship.com\\\/br\\\/\",\"name\":\"luxcitizenship.com\",\"description\":\"LuxCitizenship guides individuals worldwide in reclaiming Luxembourg dual citizenship through ancestry, offering expert support and fostering a global community.\",\"publisher\":{\"@id\":\"https:\\\/\\\/www.luxcitizenship.com\\\/br\\\/#organization\"},\"potentialAction\":[{\"@type\":\"SearchAction\",\"target\":{\"@type\":\"EntryPoint\",\"urlTemplate\":\"https:\\\/\\\/www.luxcitizenship.com\\\/br\\\/?s={search_term_string}\"},\"query-input\":{\"@type\":\"PropertyValueSpecification\",\"valueRequired\":true,\"valueName\":\"search_term_string\"}}],\"inLanguage\":\"pt-BR\"},{\"@type\":\"Organization\",\"@id\":\"https:\\\/\\\/www.luxcitizenship.com\\\/br\\\/#organization\",\"name\":\"luxcitizenship.com\",\"alternateName\":\"LuxCitizenship\",\"url\":\"https:\\\/\\\/www.luxcitizenship.com\\\/br\\\/\",\"logo\":{\"@type\":\"ImageObject\",\"inLanguage\":\"pt-BR\",\"@id\":\"https:\\\/\\\/www.luxcitizenship.com\\\/br\\\/#\\\/schema\\\/logo\\\/image\\\/\",\"url\":\"https:\\\/\\\/www.luxcitizenship.com\\\/wp-content\\\/uploads\\\/2025\\\/07\\\/Logo-LuxCitizenship-scaled.png\",\"contentUrl\":\"https:\\\/\\\/www.luxcitizenship.com\\\/wp-content\\\/uploads\\\/2025\\\/07\\\/Logo-LuxCitizenship-scaled.png\",\"width\":2560,\"height\":340,\"caption\":\"luxcitizenship.com\"},\"image\":{\"@id\":\"https:\\\/\\\/www.luxcitizenship.com\\\/br\\\/#\\\/schema\\\/logo\\\/image\\\/\"},\"sameAs\":[\"http:\\\/\\\/facebook.com\\\/luxcitizenship\\\/\",\"http:\\\/\\\/instagram.com\\\/lux.citizenship\\\/\"],\"description\":\"Whether you\u2019re seeking citizenship, community, or a deeper connection to your heritage, LuxCitizenship is here to help you every step of the way.\",\"email\":\"info@luxcitizenship.com\",\"telephone\":\"(917) 740-8908\",\"legalName\":\"Connaissance Solutions LLC\",\"numberOfEmployees\":{\"@type\":\"QuantitativeValue\",\"minValue\":\"11\",\"maxValue\":\"50\"}}]}<\/script>\n<!-- \/ Yoast SEO Premium plugin. -->","yoast_head_json":{"title":"Pesquisa - Declara\u00e7\u00e3o de Privacidade de Dados - LuxCitizenship","robots":{"index":"index","follow":"follow","max-snippet":"max-snippet:-1","max-image-preview":"max-image-preview:large","max-video-preview":"max-video-preview:-1"},"canonical":"https:\/\/www.luxcitizenship.com\/br\/pesquisa-dados\/","og_locale":"pt_BR","og_type":"article","og_title":"Pesquisa - Declara\u00e7\u00e3o de Privacidade de Dados","og_description":"Declara\u00e7\u00e3o de Privacidade de Dados Esta declara\u00e7\u00e3o de privacidade de dados tem como objetivo informar como os seus dados pessoais ser\u00e3o coletados, armazenados, utilizados e protegidos durante a sua participa\u00e7\u00e3o\u00a0nesta pesquisa. A prote\u00e7\u00e3o dos seus dados \u00e9 de extrema import\u00e2ncia para n\u00f3s, e estamos comprometidos em garantir a conformidade com a Lei Geral de Prote\u00e7\u00e3o &hellip;","og_url":"https:\/\/www.luxcitizenship.com\/br\/pesquisa-dados\/","og_site_name":"LuxCitizenship","article_publisher":"http:\/\/facebook.com\/luxcitizenship\/","article_modified_time":"2025-06-20T08:57:45+00:00","twitter_card":"summary_large_image","twitter_misc":{"Est. tempo de leitura":"3 minutos"},"schema":{"@context":"https:\/\/schema.org","@graph":[{"@type":"WebPage","@id":"https:\/\/www.luxcitizenship.com\/br\/pesquisa-dados\/","url":"https:\/\/www.luxcitizenship.com\/br\/pesquisa-dados\/","name":"Pesquisa - Declara\u00e7\u00e3o de Privacidade de Dados - LuxCitizenship","isPartOf":{"@id":"https:\/\/www.luxcitizenship.com\/br\/#website"},"datePublished":"2023-07-11T14:02:38+00:00","dateModified":"2025-06-20T08:57:45+00:00","breadcrumb":{"@id":"https:\/\/www.luxcitizenship.com\/br\/pesquisa-dados\/#breadcrumb"},"inLanguage":"pt-BR","potentialAction":[{"@type":"ReadAction","target":["https:\/\/www.luxcitizenship.com\/br\/pesquisa-dados\/"]}]},{"@type":"BreadcrumbList","@id":"https:\/\/www.luxcitizenship.com\/br\/pesquisa-dados\/#breadcrumb","itemListElement":[{"@type":"ListItem","position":1,"name":"Home","item":"https:\/\/www.luxcitizenship.com\/br\/"},{"@type":"ListItem","position":2,"name":"Pesquisa &#8211; Declara\u00e7\u00e3o de Privacidade de Dados"}]},{"@type":"WebSite","@id":"https:\/\/www.luxcitizenship.com\/br\/#website","url":"https:\/\/www.luxcitizenship.com\/br\/","name":"luxcitizenship.com","description":"LuxCitizenship guides individuals worldwide in reclaiming Luxembourg dual citizenship through ancestry, offering expert support and fostering a global community.","publisher":{"@id":"https:\/\/www.luxcitizenship.com\/br\/#organization"},"potentialAction":[{"@type":"SearchAction","target":{"@type":"EntryPoint","urlTemplate":"https:\/\/www.luxcitizenship.com\/br\/?s={search_term_string}"},"query-input":{"@type":"PropertyValueSpecification","valueRequired":true,"valueName":"search_term_string"}}],"inLanguage":"pt-BR"},{"@type":"Organization","@id":"https:\/\/www.luxcitizenship.com\/br\/#organization","name":"luxcitizenship.com","alternateName":"LuxCitizenship","url":"https:\/\/www.luxcitizenship.com\/br\/","logo":{"@type":"ImageObject","inLanguage":"pt-BR","@id":"https:\/\/www.luxcitizenship.com\/br\/#\/schema\/logo\/image\/","url":"https:\/\/www.luxcitizenship.com\/wp-content\/uploads\/2025\/07\/Logo-LuxCitizenship-scaled.png","contentUrl":"https:\/\/www.luxcitizenship.com\/wp-content\/uploads\/2025\/07\/Logo-LuxCitizenship-scaled.png","width":2560,"height":340,"caption":"luxcitizenship.com"},"image":{"@id":"https:\/\/www.luxcitizenship.com\/br\/#\/schema\/logo\/image\/"},"sameAs":["http:\/\/facebook.com\/luxcitizenship\/","http:\/\/instagram.com\/lux.citizenship\/"],"description":"Whether you\u2019re seeking citizenship, community, or a deeper connection to your heritage, LuxCitizenship is here to help you every step of the way.","email":"info@luxcitizenship.com","telephone":"(917) 740-8908","legalName":"Connaissance Solutions LLC","numberOfEmployees":{"@type":"QuantitativeValue","minValue":"11","maxValue":"50"}}]}},"featured_image_src":null,"featured_image_src_square":null,"_links":{"self":[{"href":"https:\/\/www.luxcitizenship.com\/br\/wp-json\/wp\/v2\/pages\/31096","targetHints":{"allow":["GET"]}}],"collection":[{"href":"https:\/\/www.luxcitizenship.com\/br\/wp-json\/wp\/v2\/pages"}],"about":[{"href":"https:\/\/www.luxcitizenship.com\/br\/wp-json\/wp\/v2\/types\/page"}],"author":[{"embeddable":true,"href":"https:\/\/www.luxcitizenship.com\/br\/wp-json\/wp\/v2\/users\/10"}],"replies":[{"embeddable":true,"href":"https:\/\/www.luxcitizenship.com\/br\/wp-json\/wp\/v2\/comments?post=31096"}],"version-history":[{"count":0,"href":"https:\/\/www.luxcitizenship.com\/br\/wp-json\/wp\/v2\/pages\/31096\/revisions"}],"wp:attachment":[{"href":"https:\/\/www.luxcitizenship.com\/br\/wp-json\/wp\/v2\/media?parent=31096"}],"wp:term":[{"taxonomy":"post_tag","embeddable":true,"href":"https:\/\/www.luxcitizenship.com\/br\/wp-json\/wp\/v2\/tags?post=31096"}],"curies":[{"name":"wp","href":"https:\/\/api.w.org\/{rel}","templated":true}]}}